{"id":37413,"date":"2025-07-21T09:59:59","date_gmt":"2025-07-21T09:59:59","guid":{"rendered":"https:\/\/purama.lt\/produktas\/natures-kolagenas-odos-stangrinimui-skincare-su-natikoliu\/"},"modified":"2026-04-10T07:45:46","modified_gmt":"2026-04-10T05:45:46","slug":"natures-finest-skincare-collagen","status":"publish","type":"product","link":"https:\/\/purama.lt\/ee\/produktas\/natures-kolagenas-odos-stangrinimui-skincare-su-natikoliu\/","title":{"rendered":"Nature's Finest SkinCare pinguldav kollageen naticoliga"},"content":{"rendered":"<p>Kas otsite rohkem? Vaadake t\u00e4ielikku <a href=\"\/ee\/tootesildid\/natures-finest\/\">Nature\u2019s Finest sortimenti<\/a>.<\/p>","protected":false},"excerpt":{"rendered":"<p>Spetsiaalselt naha ilu jaoks v\u00e4ljat\u00f6\u00f6tatud kollageeni toidulisand, mis sisaldab patenteeritud Naticol\u00ae, k\u00f5rge biosaadavusega merekollageeni. Koostis on rikastatud komponentidega, mis aitavad kaasa naha niiskuse s\u00e4ilitamisele, elastsusele ja nooruslikule v\u00e4limusele.<\/p>\n<p><strong>Miks valida:<\/strong><br \/>\n\u2714 Naticol\u00ae merekollageeniga<br \/>\n\u2714 M\u00f5eldud s\u00e4ilitama naha tugevust ja elastsust.<br \/>\n\u2714 Lihtne \u00f5ppida valemit<br \/>\n\u2714 Ideaalne sisemise ilurutiini jaoks<br \/>\n\u2714 V\u00f5ib aidata v\u00e4hendada kortse<\/p>","protected":false},"featured_media":37406,"comment_status":"open","ping_status":"closed","template":"","meta":{"_acf_changed":false},"product_brand":[441],"product_cat":[123,251,122,259,273,274,269,250],"product_tag":[],"class_list":{"0":"post-37413","1":"product","2":"type-product","3":"status-publish","4":"has-post-thumbnail","6":"product_brand-natures-finest","7":"product_cat-papildai-ilgaamziskumui","8":"product_cat-antioksidantai","9":"product_cat-lasteliu-jaunystei","10":"product_cat-nuotaika-ir-stresas","11":"product_cat-odai-plaukams-nagams","12":"product_cat-odos-jaunyste","13":"product_cat-stresui-ir-miegui","14":"product_cat-telomeru-ir-dnr-apsauga","16":"first","17":"outofstock","18":"shipping-taxable","19":"purchasable","20":"product-type-simple"},"acf":[],"tiered_pricing_type":"fixed","tiered_pricing_fixed_rules":[],"tiered_pricing_product_settings":{"layout":"default","base_unit_name":{"singular":null,"plural":null},"default_variation":null},"tiered_pricing_minimum_quantity":null,"tiered_pricing_roles_data":[],"tiered_pricing_percentage_rules":[],"_links":{"self":[{"href":"https:\/\/purama.lt\/ee\/wp-json\/wp\/v2\/product\/37413","targetHints":{"allow":["GET"]}}],"collection":[{"href":"https:\/\/purama.lt\/ee\/wp-json\/wp\/v2\/product"}],"about":[{"href":"https:\/\/purama.lt\/ee\/wp-json\/wp\/v2\/types\/product"}],"replies":[{"embeddable":true,"href":"https:\/\/purama.lt\/ee\/wp-json\/wp\/v2\/comments?post=37413"}],"wp:featuredmedia":[{"embeddable":true,"href":"https:\/\/purama.lt\/ee\/wp-json\/wp\/v2\/media\/37406"}],"wp:attachment":[{"href":"https:\/\/purama.lt\/ee\/wp-json\/wp\/v2\/media?parent=37413"}],"wp:term":[{"taxonomy":"product_brand","embeddable":true,"href":"https:\/\/purama.lt\/ee\/wp-json\/wp\/v2\/product_brand?post=37413"},{"taxonomy":"product_cat","embeddable":true,"href":"https:\/\/purama.lt\/ee\/wp-json\/wp\/v2\/product_cat?post=37413"},{"taxonomy":"product_tag","embeddable":true,"href":"https:\/\/purama.lt\/ee\/wp-json\/wp\/v2\/product_tag?post=37413"}],"curies":[{"name":"wp","href":"https:\/\/api.w.org\/{rel}","templated":true}]}}