{"id":37412,"date":"2025-07-21T09:59:59","date_gmt":"2025-07-21T09:59:59","guid":{"rendered":"https:\/\/purama.lt\/produktas\/natures-kolagenas-100\/"},"modified":"2026-04-13T16:33:05","modified_gmt":"2026-04-13T14:33:05","slug":"looduse-kollageen-100","status":"publish","type":"product","link":"https:\/\/purama.lt\/ee\/produktas\/natures-kolagenas-100\/","title":{"rendered":"Looduse parim kollageen 100%"},"content":{"rendered":"<p>Kas otsite rohkem? Vaadake t\u00e4ielikku <a href=\"\/ee\/tootesildid\/looduse-parimad\/\">Nature\u2019s Finest sortimenti<\/a>.<\/p>\n\n\n\n<p>Loe kollageeni kohta l\u00e4hemalt meie <a href=\"\/ee\/kolagenas-gidas\/\">kollageeni giid<\/a>.<\/p>","protected":false},"excerpt":{"rendered":"<p>Puhas h\u00fcdrol\u00fc\u00fcsitud kollageen ilma lisaaineteta on ideaalne valik naha, juuste, k\u00fc\u00fcnte ja liigeste hooldamiseks. See kollageen imendub kergesti ja sobib pikaajaliseks kasutamiseks, et s\u00e4ilitada naha elastsust ja liigeste paindlikkust. <strong>Miks valida:<\/strong> \u2714 100 % puhas kollageen \u2714 Ilma l\u00f5hna-, magus- v\u00f5i v\u00e4rvaineteta \u2714 Soodustab naha elastsust ja pringust \u2714 Tugevdab juukseid, k\u00fc\u00fcsi ja liigeseid \u2714 Sobib segamiseks toidu v\u00f5i jookidega<\/p>","protected":false},"featured_media":37408,"comment_status":"open","ping_status":"closed","template":"","meta":{"_acf_changed":false},"product_brand":[441],"product_cat":[273,57,251,260,122,262,274,123,275],"product_tag":[],"class_list":{"0":"post-37412","1":"product","2":"type-product","3":"status-publish","4":"has-post-thumbnail","6":"product_brand-natures-finest","7":"product_cat-odai-plaukams-nagams","8":"product_cat-akcijos","9":"product_cat-antioksidantai","10":"product_cat-energijai-ir-apykaitai","11":"product_cat-lasteliu-jaunystei","12":"product_cat-medziagu-apykaita","13":"product_cat-odos-jaunyste","14":"product_cat-papildai-ilgaamziskumui","15":"product_cat-plauku-ir-nagu-prieziura","17":"first","18":"instock","19":"sale","20":"shipping-taxable","21":"purchasable","22":"product-type-simple"},"acf":[],"tiered_pricing_type":"fixed","tiered_pricing_fixed_rules":[],"tiered_pricing_product_settings":{"layout":"default","base_unit_name":{"singular":null,"plural":null},"default_variation":null},"tiered_pricing_minimum_quantity":null,"tiered_pricing_roles_data":[],"tiered_pricing_percentage_rules":[],"_links":{"self":[{"href":"https:\/\/purama.lt\/ee\/wp-json\/wp\/v2\/product\/37412","targetHints":{"allow":["GET"]}}],"collection":[{"href":"https:\/\/purama.lt\/ee\/wp-json\/wp\/v2\/product"}],"about":[{"href":"https:\/\/purama.lt\/ee\/wp-json\/wp\/v2\/types\/product"}],"replies":[{"embeddable":true,"href":"https:\/\/purama.lt\/ee\/wp-json\/wp\/v2\/comments?post=37412"}],"wp:featuredmedia":[{"embeddable":true,"href":"https:\/\/purama.lt\/ee\/wp-json\/wp\/v2\/media\/37408"}],"wp:attachment":[{"href":"https:\/\/purama.lt\/ee\/wp-json\/wp\/v2\/media?parent=37412"}],"wp:term":[{"taxonomy":"product_brand","embeddable":true,"href":"https:\/\/purama.lt\/ee\/wp-json\/wp\/v2\/product_brand?post=37412"},{"taxonomy":"product_cat","embeddable":true,"href":"https:\/\/purama.lt\/ee\/wp-json\/wp\/v2\/product_cat?post=37412"},{"taxonomy":"product_tag","embeddable":true,"href":"https:\/\/purama.lt\/ee\/wp-json\/wp\/v2\/product_tag?post=37412"}],"curies":[{"name":"wp","href":"https:\/\/api.w.org\/{rel}","templated":true}]}}