{"id":36934,"date":"2025-07-03T13:31:49","date_gmt":"2025-07-03T13:31:49","guid":{"rendered":"https:\/\/purama.lt\/produktas\/purewater-pro-vandenilio-vandens-generatorius\/"},"modified":"2026-04-10T18:14:17","modified_gmt":"2026-04-10T16:14:17","slug":"purewater-pro-vesiniku-veegeneraator","status":"publish","type":"product","link":"https:\/\/purama.lt\/ee\/produktas\/purewater-pro-vandenilio-vandens-generatorius\/","title":{"rendered":"Purewater Pro molekulaarse vesiniku veepudel"},"content":{"rendered":"<p><strong>Kuidas kasutada: <\/strong>Lisage puhast v\u00f5i filtreeritud vett kuni maksimaalse m\u00e4rgini. Katke tass ja k\u00e4ivitage elektrol\u00fc\u00fcs, kasutades toitenuppu v\u00f5i rakendust. P\u00e4rast vajutamist - 5 min programmis (2500-3000 ppb) v\u00f5i 10 min (~4000-5000 ppb). Jooge vesi kohe \u00e4ra - molekulaarne vesinik aurustub kiiresti. Soovitatav on p\u00e4rast igat kasutamist p\u00f5hjalikult loputada v\u00f5i teha \"isepuhastus\" sidruni\/soodaga Mis teeb selle toote ainulaadseks? T\u00f5estatud molekulaarne t\u00f5husus: kuni 500 ppb - k\u00f5rgem kui konkurentide keskmine. Tr\u00fckitud ja puhas esteetika: k\u00f5rgekvaliteedilised materjalid koos isikup\u00e4rase graveeringuga loovad luksusliku mulje. Mitmek\u00fclgne abimees: nii kodus kui ka teel olles on teie tervis alati teie k\u00f5rval.<br><br>Teave funktsioonide kohta<br>Mudel VST-H2-X1<br>Maht 21 ml<br>Materjalid Borosilikaatklaas, PC-plastik, roostevaba teras<br>Galia 4 W<br>Toiteallikas USB\/akud<br>tassi ja selle pakendi m\u00f5\u00f5tmed - 27 \u00d7 10 \u00d7 10 cm; tass ise ~ 6 \u00d7 20 cm.<br>Vesiniku kontsentratsioon ~2500-3000 ppb (5 min), ~4000-5000 ppb (10 min)<br>Elektrol\u00fc\u00fcsimoodul SPE\/PEM \u00fchekordne kiht + de-kloorimine<br>Juhtnupp \/ rakendus<br>Logo ja pakend Lasergraveering, kinkekarbi stiilis karp; isikup\u00e4rastamine alates 100 tk.<br>Teenused Tasuta varuosad, vahetus\/tagastamine, rahvusvaheline teenindus<br><\/p>","protected":false},"excerpt":{"rendered":"<p data-start=\"0\" data-end=\"739\"><b>Purewater Pro molekulaarse vesinikuga veejoodik - <\/b>on nutikas molekulaarse vesiniku (H\u2082) veejoodik, mis rikastab tavalist vett elektrol\u00fc\u00fcsi teel lahustatud vesinikuga. Integreeritud PEM (prootonivahetusmembraan) ja <strong data-start=\"211\" data-end=\"247\">plaatinaga kaetud titaanelektroodid<\/strong> aitab tekitada puhast H\u2082 ja hapnik eemaldatakse ohutult v\u00e4ljalaskeava kaudu. 10- ja 20-minutilised ts\u00fcklid, puuteekraan ja rakenduse \u00fchendamine muudavad seadme kasutamise lihtsaks, samas kui kaane <strong data-start=\"448\" data-end=\"477\">kaitseklapp<\/strong> v\u00f5imaldab turvalist avamist p\u00e4rast ts\u00fcklit. Molekulaarset vesinikku on p\u00f5hjalikult uuritud selle v\u00f5imalike antioks\u00fcdantsete omaduste osas, kuid teadus on alles arenemas - see on ideaalne neile, kes soovivad moderniseerida oma igap\u00e4evast niisutusrutiini ilma keeruliste rituaalideta.<\/p>\n<p data-start=\"741\" data-end=\"1107\"><strong data-start=\"741\" data-end=\"764\">Miks valida<\/strong><br data-start=\"764\" data-end=\"767\" \/><strong data-start=\"767\" data-end=\"773\">\u2714\ufe0f<\/strong> kuni 8 ppm lahustunud vesinikku 20 minuti ts\u00fckli jooksul<br data-start=\"822\" data-end=\"825\" \/><strong data-start=\"825\" data-end=\"831\">\u2714\ufe0f<\/strong> pem-membraan ja plaatinaga kaetud titaanelektroodid puhta h\u2082 tootmise jaoks<br data-start=\"903\" data-end=\"906\" \/><strong data-start=\"906\" data-end=\"912\">\u2714\ufe0f<\/strong> puuteekraan ja linkimine kaja rakendusega<br data-start=\"964\" data-end=\"967\" \/><strong data-start=\"967\" data-end=\"973\">\u2714\ufe0f<\/strong> r\u00f5huvabastusklapp ohutumaks avamiseks p\u00e4rast ts\u00fcklit<br data-start=\"1030\" data-end=\"1033\" \/><strong data-start=\"1033\" data-end=\"1039\">\u2714\ufe0f<\/strong> ppsu korpus (ilma bpa-aineta) siser\u00f5hu rakenduste jaoks<\/p>\n<p><strong>\u00a0<\/strong><\/p>","protected":false},"featured_media":36941,"comment_status":"open","ping_status":"closed","template":"","meta":{"_acf_changed":false},"product_brand":[450],"product_cat":[282,500,283],"product_tag":[],"class_list":{"0":"post-36934","1":"product","2":"type-product","3":"status-publish","4":"has-post-thumbnail","6":"product_brand-purewater","7":"product_cat-longevity-prietaisai","8":"product_cat-outlet","9":"product_cat-sveikatingumo-prietaisai","11":"first","12":"instock","13":"sale","14":"shipping-taxable","15":"purchasable","16":"product-type-variable"},"acf":[],"tiered_pricing_type":"fixed","tiered_pricing_fixed_rules":[],"tiered_pricing_product_settings":{"layout":"default","base_unit_name":{"singular":null,"plural":null},"default_variation":null},"tiered_pricing_minimum_quantity":null,"tiered_pricing_roles_data":[],"tiered_pricing_percentage_rules":[],"_links":{"self":[{"href":"https:\/\/purama.lt\/ee\/wp-json\/wp\/v2\/product\/36934","targetHints":{"allow":["GET"]}}],"collection":[{"href":"https:\/\/purama.lt\/ee\/wp-json\/wp\/v2\/product"}],"about":[{"href":"https:\/\/purama.lt\/ee\/wp-json\/wp\/v2\/types\/product"}],"replies":[{"embeddable":true,"href":"https:\/\/purama.lt\/ee\/wp-json\/wp\/v2\/comments?post=36934"}],"wp:featuredmedia":[{"embeddable":true,"href":"https:\/\/purama.lt\/ee\/wp-json\/wp\/v2\/media\/36941"}],"wp:attachment":[{"href":"https:\/\/purama.lt\/ee\/wp-json\/wp\/v2\/media?parent=36934"}],"wp:term":[{"taxonomy":"product_brand","embeddable":true,"href":"https:\/\/purama.lt\/ee\/wp-json\/wp\/v2\/product_brand?post=36934"},{"taxonomy":"product_cat","embeddable":true,"href":"https:\/\/purama.lt\/ee\/wp-json\/wp\/v2\/product_cat?post=36934"},{"taxonomy":"product_tag","embeddable":true,"href":"https:\/\/purama.lt\/ee\/wp-json\/wp\/v2\/product_tag?post=36934"}],"curies":[{"name":"wp","href":"https:\/\/api.w.org\/{rel}","templated":true}]}}