{"id":36933,"date":"2025-07-03T13:31:49","date_gmt":"2025-07-03T13:31:49","guid":{"rendered":"https:\/\/purama.lt\/produktas\/vitalharmony-d3-4000-k2-vitaminas\/"},"modified":"2026-04-14T07:59:16","modified_gmt":"2026-04-14T05:59:16","slug":"vitalharmony-d3-4000-vitamiin-k2","status":"publish","type":"product","link":"https:\/\/purama.lt\/ee\/produktas\/vitalharmony-d3-4000-k2-vitaminas\/","title":{"rendered":"VitalHarmony D3 4000 + K2-vitamiin"},"content":{"rendered":"<p><strong>Kasutamine:<\/strong> 1 kapsel p\u00e4evas, eelistatavalt koos toiduga.<br>Pakend: 90 kapslit.<\/p>","protected":false},"excerpt":{"rendered":"<p>D3-vitamiini (4000 IU) ja K2 k\u00f5rge kontsentratsiooni kombinatsioon suurendab immuunsust, toetab luude ja hammaste tervist ning s\u00fcdame- ja veresoonkonna tervist. K2-vitamiin aitab kaltsiumil j\u00f5uda sinna, kus seda k\u00f5ige rohkem vajatakse - luudesse, mitte veresoontesse. <\/p>\n<p><strong>Miks valida:<br \/><\/strong> \u2714 K\u00f5rge D3-vitamiini annus - kuni 4000 IU<br \/>\u2714 K2-vitamiiniga kaltsiumi optimaalseks imendumiseks<br \/>\u2714 Toetab immuunsust, luude ja s\u00fcdame tervist<br \/>\u2714 Pikaajaline pakend (3 kuud)<\/p>","protected":false},"featured_media":36939,"comment_status":"open","ping_status":"closed","template":"","meta":{"_acf_changed":false},"product_brand":[461],"product_cat":[123,251,253,252,122],"product_tag":[],"class_list":{"0":"post-36933","1":"product","2":"type-product","3":"status-publish","4":"has-post-thumbnail","6":"product_brand-vitalharmony","7":"product_cat-papildai-ilgaamziskumui","8":"product_cat-antioksidantai","9":"product_cat-imuniteto-palaikymas","10":"product_cat-imunitetui","11":"product_cat-lasteliu-jaunystei","13":"first","14":"instock","15":"shipping-taxable","16":"purchasable","17":"product-type-simple"},"acf":[],"tiered_pricing_type":"fixed","tiered_pricing_fixed_rules":[],"tiered_pricing_product_settings":{"layout":"default","base_unit_name":{"singular":null,"plural":null},"default_variation":null},"tiered_pricing_minimum_quantity":null,"tiered_pricing_roles_data":[],"tiered_pricing_percentage_rules":[],"_links":{"self":[{"href":"https:\/\/purama.lt\/ee\/wp-json\/wp\/v2\/product\/36933","targetHints":{"allow":["GET"]}}],"collection":[{"href":"https:\/\/purama.lt\/ee\/wp-json\/wp\/v2\/product"}],"about":[{"href":"https:\/\/purama.lt\/ee\/wp-json\/wp\/v2\/types\/product"}],"replies":[{"embeddable":true,"href":"https:\/\/purama.lt\/ee\/wp-json\/wp\/v2\/comments?post=36933"}],"wp:featuredmedia":[{"embeddable":true,"href":"https:\/\/purama.lt\/ee\/wp-json\/wp\/v2\/media\/36939"}],"wp:attachment":[{"href":"https:\/\/purama.lt\/ee\/wp-json\/wp\/v2\/media?parent=36933"}],"wp:term":[{"taxonomy":"product_brand","embeddable":true,"href":"https:\/\/purama.lt\/ee\/wp-json\/wp\/v2\/product_brand?post=36933"},{"taxonomy":"product_cat","embeddable":true,"href":"https:\/\/purama.lt\/ee\/wp-json\/wp\/v2\/product_cat?post=36933"},{"taxonomy":"product_tag","embeddable":true,"href":"https:\/\/purama.lt\/ee\/wp-json\/wp\/v2\/product_tag?post=36933"}],"curies":[{"name":"wp","href":"https:\/\/api.w.org\/{rel}","templated":true}]}}