{"id":36932,"date":"2025-07-03T13:31:48","date_gmt":"2025-07-03T13:31:48","guid":{"rendered":"https:\/\/purama.lt\/produktas\/vitalharmony-apetito-kontrolei\/"},"modified":"2026-04-20T07:42:15","modified_gmt":"2026-04-20T05:42:15","slug":"vitalharmony-soogiisu-kontrollimiseks","status":"publish","type":"product","link":"https:\/\/purama.lt\/ee\/produktas\/vitalharmony-apetito-kontrolei\/","title":{"rendered":"VitalHarmony s\u00f6\u00f6giisu kontrollimiseks"},"content":{"rendered":"<p><strong>Kasutamine:<\/strong> 2 kapslit enne p\u00f5hitoidukorra v\u00f5tmist.<br>Pakend: 60 kapslit.<\/p>","protected":false},"excerpt":{"rendered":"<p>Toidulisand looduslike ekstraktidega - Malabar Tamarind, Aafrika mangoseemned ja Gymnema lehed -, mis aitavad loomulikult v\u00e4hendada s\u00f6\u00f6giisu, s\u00e4ilitada k\u00fcllastustunde ja h\u00f5lbustavad dieedi j\u00e4rgimist.<\/p>\n<p><strong>Miks valida:<br \/><\/strong> \u2714 Looduslik abi s\u00f6\u00f6giisu kontrollimiseks<br \/>\u2714 V\u00e4hendab isu magusate j\u00e4rele<br \/>\u2714 Toetab stressivaba kalorite v\u00e4hendamist<br \/>\u2714 Suurep\u00e4rane valik kehakaalu kontrollimiseks<\/p>","protected":false},"featured_media":41724,"comment_status":"open","ping_status":"closed","template":"","meta":{"_acf_changed":false},"product_brand":[461],"product_cat":[123,260,262],"product_tag":[],"class_list":{"0":"post-36932","1":"product","2":"type-product","3":"status-publish","4":"has-post-thumbnail","6":"product_brand-vitalharmony","7":"product_cat-papildai-ilgaamziskumui","8":"product_cat-energijai-ir-apykaitai","9":"product_cat-medziagu-apykaita","11":"first","12":"instock","13":"shipping-taxable","14":"purchasable","15":"product-type-simple"},"acf":[],"tiered_pricing_type":"fixed","tiered_pricing_fixed_rules":[],"tiered_pricing_product_settings":{"layout":"default","base_unit_name":{"singular":null,"plural":null},"default_variation":null},"tiered_pricing_minimum_quantity":null,"tiered_pricing_roles_data":[],"tiered_pricing_percentage_rules":[],"_links":{"self":[{"href":"https:\/\/purama.lt\/ee\/wp-json\/wp\/v2\/product\/36932","targetHints":{"allow":["GET"]}}],"collection":[{"href":"https:\/\/purama.lt\/ee\/wp-json\/wp\/v2\/product"}],"about":[{"href":"https:\/\/purama.lt\/ee\/wp-json\/wp\/v2\/types\/product"}],"replies":[{"embeddable":true,"href":"https:\/\/purama.lt\/ee\/wp-json\/wp\/v2\/comments?post=36932"}],"wp:featuredmedia":[{"embeddable":true,"href":"https:\/\/purama.lt\/ee\/wp-json\/wp\/v2\/media\/41724"}],"wp:attachment":[{"href":"https:\/\/purama.lt\/ee\/wp-json\/wp\/v2\/media?parent=36932"}],"wp:term":[{"taxonomy":"product_brand","embeddable":true,"href":"https:\/\/purama.lt\/ee\/wp-json\/wp\/v2\/product_brand?post=36932"},{"taxonomy":"product_cat","embeddable":true,"href":"https:\/\/purama.lt\/ee\/wp-json\/wp\/v2\/product_cat?post=36932"},{"taxonomy":"product_tag","embeddable":true,"href":"https:\/\/purama.lt\/ee\/wp-json\/wp\/v2\/product_tag?post=36932"}],"curies":[{"name":"wp","href":"https:\/\/api.w.org\/{rel}","templated":true}]}}