{"id":36931,"date":"2025-07-03T13:31:48","date_gmt":"2025-07-03T13:31:48","guid":{"rendered":"https:\/\/purama.lt\/produktas\/vitalharmony-riebalu-degintojas-pluss\/"},"modified":"2026-04-14T07:59:27","modified_gmt":"2026-04-14T05:59:27","slug":"vitalharmony-rasvapoletaja-pluss","status":"publish","type":"product","link":"https:\/\/purama.lt\/ee\/produktas\/vitalharmony-riebalu-degintojas-pluss\/","title":{"rendered":"VitalHarmony Fat Burner Pluss"},"content":{"rendered":"<p><strong>Kasutamine:<\/strong> 2 kapslit p\u00e4evas - enne treeningut v\u00f5i koos hommikus\u00f6\u00f6giga.<br>Pakend: 60 kapslit.<\/p>","protected":false},"excerpt":{"rendered":"<p>V\u00f5imsalt formuleeritud termogeenset toidulisand Garcinia cambogia, rohelise tee ekstrakti, kapsaitsiini, kofeiini ja s\u00fcnergiliste koostisosadega. Aitab stimuleerida ainevahetust, suurendab energiataset ja toetab t\u00f5husamat rasvap\u00f5letust f\u00fc\u00fcsilise aktiivsuse ajal. <\/p>\n<p><strong>Miks valida:<br \/><\/strong> \u2714 Tugev valem looduslike ekstraktidega<br \/>\u2714 Stimuleerib ainevahetust ja energiatootmist<br \/>\u2714 Aitab treeningu ajal rasva p\u00f5letada<br \/>\u2714 Mugav v\u00f5tta - ainult 2 kapslit p\u00e4evas<\/p>","protected":false},"featured_media":36940,"comment_status":"open","ping_status":"closed","template":"","meta":{"_acf_changed":false},"product_brand":[461],"product_cat":[123,260,262],"product_tag":[],"class_list":{"0":"post-36931","1":"product","2":"type-product","3":"status-publish","4":"has-post-thumbnail","6":"product_brand-vitalharmony","7":"product_cat-papildai-ilgaamziskumui","8":"product_cat-energijai-ir-apykaitai","9":"product_cat-medziagu-apykaita","11":"first","12":"instock","13":"shipping-taxable","14":"purchasable","15":"product-type-simple"},"acf":[],"tiered_pricing_type":"fixed","tiered_pricing_fixed_rules":[],"tiered_pricing_product_settings":{"layout":"default","base_unit_name":{"singular":null,"plural":null},"default_variation":null},"tiered_pricing_minimum_quantity":null,"tiered_pricing_roles_data":[],"tiered_pricing_percentage_rules":[],"_links":{"self":[{"href":"https:\/\/purama.lt\/ee\/wp-json\/wp\/v2\/product\/36931","targetHints":{"allow":["GET"]}}],"collection":[{"href":"https:\/\/purama.lt\/ee\/wp-json\/wp\/v2\/product"}],"about":[{"href":"https:\/\/purama.lt\/ee\/wp-json\/wp\/v2\/types\/product"}],"replies":[{"embeddable":true,"href":"https:\/\/purama.lt\/ee\/wp-json\/wp\/v2\/comments?post=36931"}],"wp:featuredmedia":[{"embeddable":true,"href":"https:\/\/purama.lt\/ee\/wp-json\/wp\/v2\/media\/36940"}],"wp:attachment":[{"href":"https:\/\/purama.lt\/ee\/wp-json\/wp\/v2\/media?parent=36931"}],"wp:term":[{"taxonomy":"product_brand","embeddable":true,"href":"https:\/\/purama.lt\/ee\/wp-json\/wp\/v2\/product_brand?post=36931"},{"taxonomy":"product_cat","embeddable":true,"href":"https:\/\/purama.lt\/ee\/wp-json\/wp\/v2\/product_cat?post=36931"},{"taxonomy":"product_tag","embeddable":true,"href":"https:\/\/purama.lt\/ee\/wp-json\/wp\/v2\/product_tag?post=36931"}],"curies":[{"name":"wp","href":"https:\/\/api.w.org\/{rel}","templated":true}]}}