{"id":36784,"date":"2025-06-30T09:24:44","date_gmt":"2025-06-30T09:24:44","guid":{"rendered":"https:\/\/purama.lt\/produktas\/kojines-run-mad-2025-sporcks\/"},"modified":"2026-04-03T10:17:14","modified_gmt":"2026-04-03T08:17:14","slug":"kojines-jooksevad-hullud-2025-sporcks","status":"publish","type":"product","link":"https:\/\/purama.lt\/ee\/produktas\/kojines-run-mad-2025-sporcks\/","title":{"rendered":"SPORCKS Run Mad 2025 spordisokid"},"content":{"rendered":"<p>Kas otsite rohkem? Vaadake t\u00e4ielikku <a href=\"\/ee\/tootesildid\/sporcks\/\">Sporcki sortiment<\/a>.<\/p>","protected":false},"excerpt":{"rendered":"<p><strong>SPORCKS Run Mad 2025:<\/strong> Need Limited Edition sokid, loodud spetsiaalselt jooksu\u00fcritusteks. Need sobivad suurep\u00e4raselt nii l\u00fchikestele kui ka pikkadele distantsidele \u2013 t\u00e4nu t\u00e4iustatud konstruktsioonile v\u00e4hendavad nad v\u00e4simust ning silmatorkav disain inspireerib edasi liikuma. Jooksjatele, kes soovivad olla kiired, n\u00e4htavad ja enesekindlad.<\/p>\n<p><strong>Miks valida:<\/strong><br \/>\n\u2714\ufe0f M\u00f5eldud jooksmiseks: maksimaalne t\u00f5husus igal kilomeetril<br \/>\n\u2714\ufe0f Limited edition mudel: unikaalsus garanteeritud<br \/>\n\u2714\ufe0f Ergonoomiline disain: m\u00f5eldud intensiivseks liikumiseks<br \/>\n\u2714\ufe0f Hingamistsoonid: jahedad ja kuivad<br \/>\n\u2714\ufe0f Made in Spain: disain + funktsioon \u00fches t\u00fckis<\/p>","protected":false},"featured_media":36771,"comment_status":"open","ping_status":"closed","template":"","meta":{"_acf_changed":false},"product_brand":[246],"product_cat":[102,57,98],"product_tag":[],"class_list":{"0":"post-36784","1":"product","2":"type-product","3":"status-publish","4":"has-post-thumbnail","6":"product_brand-sporcks","7":"product_cat-kojines","8":"product_cat-akcijos","9":"product_cat-sportui","11":"first","12":"instock","13":"sale","14":"shipping-taxable","15":"purchasable","16":"product-type-variable"},"acf":[],"tiered_pricing_type":"fixed","tiered_pricing_fixed_rules":[],"tiered_pricing_product_settings":{"layout":"default","base_unit_name":{"singular":null,"plural":null},"default_variation":null},"tiered_pricing_minimum_quantity":null,"tiered_pricing_roles_data":[],"tiered_pricing_percentage_rules":[],"_links":{"self":[{"href":"https:\/\/purama.lt\/ee\/wp-json\/wp\/v2\/product\/36784","targetHints":{"allow":["GET"]}}],"collection":[{"href":"https:\/\/purama.lt\/ee\/wp-json\/wp\/v2\/product"}],"about":[{"href":"https:\/\/purama.lt\/ee\/wp-json\/wp\/v2\/types\/product"}],"replies":[{"embeddable":true,"href":"https:\/\/purama.lt\/ee\/wp-json\/wp\/v2\/comments?post=36784"}],"wp:featuredmedia":[{"embeddable":true,"href":"https:\/\/purama.lt\/ee\/wp-json\/wp\/v2\/media\/36771"}],"wp:attachment":[{"href":"https:\/\/purama.lt\/ee\/wp-json\/wp\/v2\/media?parent=36784"}],"wp:term":[{"taxonomy":"product_brand","embeddable":true,"href":"https:\/\/purama.lt\/ee\/wp-json\/wp\/v2\/product_brand?post=36784"},{"taxonomy":"product_cat","embeddable":true,"href":"https:\/\/purama.lt\/ee\/wp-json\/wp\/v2\/product_cat?post=36784"},{"taxonomy":"product_tag","embeddable":true,"href":"https:\/\/purama.lt\/ee\/wp-json\/wp\/v2\/product_tag?post=36784"}],"curies":[{"name":"wp","href":"https:\/\/api.w.org\/{rel}","templated":true}]}}