{"id":36782,"date":"2025-06-30T09:24:43","date_gmt":"2025-06-30T09:24:43","guid":{"rendered":"https:\/\/purama.lt\/produktas\/kojines-happy-day-black-sporcks\/"},"modified":"2026-04-11T11:46:19","modified_gmt":"2026-04-11T09:46:19","slug":"happy-day-sokid-mustad-spordisokid","status":"publish","type":"product","link":"https:\/\/purama.lt\/ee\/produktas\/kojines-happy-day-black-sporcks\/","title":{"rendered":"SPORCKS Happy Day mustad spordisokid"},"content":{"rendered":"<p>Kas otsite rohkem? Vaadake t\u00e4ielikku <a href=\"\/ee\/tootesildid\/sporcks\/\">Sporcki sortiment<\/a>.<\/p>","protected":false},"excerpt":{"rendered":"<p><strong>SPORCKS Happy Day Must<\/strong> jooksu sokid on m\u00f5eldud neile, kes soovivad \u00fchendada tehnilise efektiivsuse ja peene stiili. Sokid pakuvad hingavaid alasid, pehmet puudutust ja optimaalset tuge jooksmise ajal. Sobivad suurep\u00e4raselt nii treeninguks kui ka v\u00f5istlusteks.<\/p>\n<p><strong>Miks valida:<\/strong><br \/>\n\u2714\ufe0f M\u00f5eldud jooksjatele: usaldusv\u00e4\u00e4rne tugi ja kerge kaal<br \/>\n\u2714\ufe0f Tagasihoidlik disain: must on alati hea<br \/>\n\u2714\ufe0f Hingav kangas: v\u00e4rske ja kuiv kogu treeningu v\u00e4ltel.<br \/>\n\u2714\ufe0f Minimalistlik mugavus: l\u00fchikesteks ja pikkadeks vahemaadeks<br \/>\n\u2714\ufe0f Made in Spain: t\u00e4helepanu detailidele<\/p>","protected":false},"featured_media":36767,"comment_status":"open","ping_status":"closed","template":"","meta":{"_acf_changed":false},"product_brand":[246],"product_cat":[102,57,98],"product_tag":[],"class_list":{"0":"post-36782","1":"product","2":"type-product","3":"status-publish","4":"has-post-thumbnail","6":"product_brand-sporcks","7":"product_cat-kojines","8":"product_cat-akcijos","9":"product_cat-sportui","11":"first","12":"instock","13":"sale","14":"shipping-taxable","15":"purchasable","16":"product-type-variable"},"acf":[],"tiered_pricing_type":"fixed","tiered_pricing_fixed_rules":[],"tiered_pricing_product_settings":{"layout":"default","base_unit_name":{"singular":null,"plural":null},"default_variation":null},"tiered_pricing_minimum_quantity":null,"tiered_pricing_roles_data":[],"tiered_pricing_percentage_rules":[],"_links":{"self":[{"href":"https:\/\/purama.lt\/ee\/wp-json\/wp\/v2\/product\/36782","targetHints":{"allow":["GET"]}}],"collection":[{"href":"https:\/\/purama.lt\/ee\/wp-json\/wp\/v2\/product"}],"about":[{"href":"https:\/\/purama.lt\/ee\/wp-json\/wp\/v2\/types\/product"}],"replies":[{"embeddable":true,"href":"https:\/\/purama.lt\/ee\/wp-json\/wp\/v2\/comments?post=36782"}],"wp:featuredmedia":[{"embeddable":true,"href":"https:\/\/purama.lt\/ee\/wp-json\/wp\/v2\/media\/36767"}],"wp:attachment":[{"href":"https:\/\/purama.lt\/ee\/wp-json\/wp\/v2\/media?parent=36782"}],"wp:term":[{"taxonomy":"product_brand","embeddable":true,"href":"https:\/\/purama.lt\/ee\/wp-json\/wp\/v2\/product_brand?post=36782"},{"taxonomy":"product_cat","embeddable":true,"href":"https:\/\/purama.lt\/ee\/wp-json\/wp\/v2\/product_cat?post=36782"},{"taxonomy":"product_tag","embeddable":true,"href":"https:\/\/purama.lt\/ee\/wp-json\/wp\/v2\/product_tag?post=36782"}],"curies":[{"name":"wp","href":"https:\/\/api.w.org\/{rel}","templated":true}]}}