{"id":36781,"date":"2025-06-30T09:24:43","date_gmt":"2025-06-30T09:24:43","guid":{"rendered":"https:\/\/purama.lt\/produktas\/kojines-go-go-go-yellow-sporcks\/"},"modified":"2026-04-12T10:07:17","modified_gmt":"2026-04-12T08:07:17","slug":"kojines-mine-mine-mine-mine-kollane-sporcks","status":"publish","type":"product","link":"https:\/\/purama.lt\/ee\/produktas\/kojines-go-go-go-yellow-sporcks\/","title":{"rendered":"SPORCKS Go Go Go Kollased spordisokid"},"content":{"rendered":"<p>Kas otsite rohkem? Vaadake t\u00e4ielikku <a href=\"\/ee\/tootesildid\/sporcks\/\">Sporcki sortiment<\/a>.<\/p>","protected":false},"excerpt":{"rendered":"<p><strong>SPORCKS Go Go Go Kollane<\/strong> taj optimismi ja energia teie jalgadele. Need h\u00fcbriid sokid sobivad suurep\u00e4raselt linnas liikumiseks, treenimiseks v\u00f5i lihtsalt aktiivseks elustiiliks. COOLMAX\u00ae kangas aitab hoida jalad kuivad, ja erekollane v\u00e4rv muudab teid v\u00f5imatult m\u00e4rgatavaks.<\/p>\n<p><strong>Miks valida:<\/strong><br \/>\n\u2714\ufe0f Piirideta liikumiseks: sport ja vaba aeg<br \/>\n\u2714\ufe0f COOLMAX\u00ae kangas: hingav ja kiiresti kuivav.<br \/>\n\u2714\ufe0f Anatoomiline sobivus: maksimaalne mugavus<br \/>\n\u2714\ufe0f Pilkup\u00fc\u00fcdev disain: paistab silma stiilselt<br \/>\n\u2714\ufe0f Made in Spain: usaldusv\u00e4\u00e4rsus igal sammul<\/p>","protected":false},"featured_media":36769,"comment_status":"open","ping_status":"closed","template":"","meta":{"_acf_changed":false},"product_brand":[246],"product_cat":[98,57,102],"product_tag":[],"class_list":{"0":"post-36781","1":"product","2":"type-product","3":"status-publish","4":"has-post-thumbnail","6":"product_brand-sporcks","7":"product_cat-sportui","8":"product_cat-akcijos","9":"product_cat-kojines","11":"first","12":"instock","13":"sale","14":"shipping-taxable","15":"purchasable","16":"product-type-variable"},"acf":[],"tiered_pricing_type":"fixed","tiered_pricing_fixed_rules":[],"tiered_pricing_product_settings":{"layout":"default","base_unit_name":{"singular":null,"plural":null},"default_variation":null},"tiered_pricing_minimum_quantity":null,"tiered_pricing_roles_data":[],"tiered_pricing_percentage_rules":[],"_links":{"self":[{"href":"https:\/\/purama.lt\/ee\/wp-json\/wp\/v2\/product\/36781","targetHints":{"allow":["GET"]}}],"collection":[{"href":"https:\/\/purama.lt\/ee\/wp-json\/wp\/v2\/product"}],"about":[{"href":"https:\/\/purama.lt\/ee\/wp-json\/wp\/v2\/types\/product"}],"replies":[{"embeddable":true,"href":"https:\/\/purama.lt\/ee\/wp-json\/wp\/v2\/comments?post=36781"}],"wp:featuredmedia":[{"embeddable":true,"href":"https:\/\/purama.lt\/ee\/wp-json\/wp\/v2\/media\/36769"}],"wp:attachment":[{"href":"https:\/\/purama.lt\/ee\/wp-json\/wp\/v2\/media?parent=36781"}],"wp:term":[{"taxonomy":"product_brand","embeddable":true,"href":"https:\/\/purama.lt\/ee\/wp-json\/wp\/v2\/product_brand?post=36781"},{"taxonomy":"product_cat","embeddable":true,"href":"https:\/\/purama.lt\/ee\/wp-json\/wp\/v2\/product_cat?post=36781"},{"taxonomy":"product_tag","embeddable":true,"href":"https:\/\/purama.lt\/ee\/wp-json\/wp\/v2\/product_tag?post=36781"}],"curies":[{"name":"wp","href":"https:\/\/api.w.org\/{rel}","templated":true}]}}