{"id":36652,"date":"2025-06-27T06:42:10","date_gmt":"2025-06-27T06:42:10","guid":{"rendered":"https:\/\/purama.lt\/produktas\/tempur-ypatingoji-apsikabinimu-pagalvele\/"},"modified":"2026-02-27T09:42:49","modified_gmt":"2026-02-27T07:42:49","slug":"tempur-eriline-kallistuspadi","status":"publish","type":"product","link":"https:\/\/purama.lt\/ee\/produktas\/tempur-ypatingoji-apsikabinimu-pagalvele\/","title":{"rendered":"TEMPUR Special kallistuspadi"},"content":{"rendered":"","protected":false},"excerpt":{"rendered":"<p>Ainulaadne TEMPUR HUG-padi on loodud kallistuse tunnetamise taastamiseks. See kohandub keha kujuga, v\u00f5imaldades teil end turvaliselt ja rahulikult tunda. Ideaalne mitte ainult magamiseks, vaid ka diivanil l\u00f5\u00f5gastumiseks v\u00f5i mediteerimiseks.<\/p>\n<p><strong>Miks valida:<\/strong><br \/>\n\u2714 Kallistuse tunne - emotsionaalne lohutus<br \/>\n\u2714 TEMPUR materjal kohandub kehaga<br \/>\n\u2714 Sobib magamiseks, l\u00f5\u00f5gastumiseks v\u00f5i teraapiaks<br \/>\n\u2714 \u00c4\u00e4rmiselt pehme ja hubane<br \/>\n\u2714 Aitab l\u00f5\u00f5gastuda p\u00e4rast stressirohket p\u00e4eva<\/p>","protected":false},"featured_media":36653,"comment_status":"open","ping_status":"closed","template":"","meta":{"_acf_changed":false},"product_brand":[459],"product_cat":[61],"product_tag":[],"class_list":{"0":"post-36652","1":"product","2":"type-product","3":"status-publish","4":"has-post-thumbnail","6":"product_brand-tempur","7":"product_cat-ramybei","9":"first","10":"instock","11":"shipping-taxable","12":"purchasable","13":"product-type-simple"},"acf":[],"tiered_pricing_type":"fixed","tiered_pricing_fixed_rules":[],"tiered_pricing_product_settings":{"layout":"default","base_unit_name":{"singular":null,"plural":null},"default_variation":null},"tiered_pricing_minimum_quantity":null,"tiered_pricing_roles_data":[],"tiered_pricing_percentage_rules":[],"_links":{"self":[{"href":"https:\/\/purama.lt\/ee\/wp-json\/wp\/v2\/product\/36652","targetHints":{"allow":["GET"]}}],"collection":[{"href":"https:\/\/purama.lt\/ee\/wp-json\/wp\/v2\/product"}],"about":[{"href":"https:\/\/purama.lt\/ee\/wp-json\/wp\/v2\/types\/product"}],"replies":[{"embeddable":true,"href":"https:\/\/purama.lt\/ee\/wp-json\/wp\/v2\/comments?post=36652"}],"wp:featuredmedia":[{"embeddable":true,"href":"https:\/\/purama.lt\/ee\/wp-json\/wp\/v2\/media\/36653"}],"wp:attachment":[{"href":"https:\/\/purama.lt\/ee\/wp-json\/wp\/v2\/media?parent=36652"}],"wp:term":[{"taxonomy":"product_brand","embeddable":true,"href":"https:\/\/purama.lt\/ee\/wp-json\/wp\/v2\/product_brand?post=36652"},{"taxonomy":"product_cat","embeddable":true,"href":"https:\/\/purama.lt\/ee\/wp-json\/wp\/v2\/product_cat?post=36652"},{"taxonomy":"product_tag","embeddable":true,"href":"https:\/\/purama.lt\/ee\/wp-json\/wp\/v2\/product_tag?post=36652"}],"curies":[{"name":"wp","href":"https:\/\/api.w.org\/{rel}","templated":true}]}}