{"id":36649,"date":"2025-06-27T06:42:10","date_gmt":"2025-06-27T06:42:10","guid":{"rendered":"https:\/\/purama.lt\/produktas\/tempur-ergoplus-millenium-pagalve\/"},"modified":"2026-02-27T09:41:34","modified_gmt":"2026-02-27T07:41:34","slug":"tempur-ergoplus-millenium-padi","status":"publish","type":"product","link":"https:\/\/purama.lt\/ee\/produktas\/tempur-ergoplus-millenium-pagalve\/","title":{"rendered":"TEMPUR ErgoPlus Millenium padi"},"content":{"rendered":"","protected":false},"excerpt":{"rendered":"<p>Selle padja ergonoomiline disain ja kumer profiil v\u00f5imaldavad ideaalset kaelatoetust, eriti selja- v\u00f5i k\u00fcljel magajatele. TEMPUR-materjal kohandub pea ja kaela individuaalsele kujule, v\u00e4hendades pingeid ja aidates s\u00e4ilitada selgroo \u00f5iget asendit.<\/p>\n<p><strong>Miks valida:<\/strong><br \/>\n\u2714 Ergonoomiline, kumer disain<br \/>\n\u2714 \u00dclimalt t\u00e4pne kaela- ja \u00f5latugi<br \/>\n\u2714 TEMPUR materjal - r\u00f5hu leevendamine ja mugavus<br \/>\n\u2714 Ideaalne k\u00fclg- ja selili magajatele<br \/>\n\u2714 Vastupidav, kvaliteetne kate<\/p>","protected":false},"featured_media":36657,"comment_status":"open","ping_status":"closed","template":"","meta":{"_acf_changed":false},"product_brand":[459],"product_cat":[61],"product_tag":[],"class_list":{"0":"post-36649","1":"product","2":"type-product","3":"status-publish","4":"has-post-thumbnail","6":"product_brand-tempur","7":"product_cat-ramybei","9":"first","10":"instock","11":"shipping-taxable","12":"purchasable","13":"product-type-variable"},"acf":[],"tiered_pricing_type":"fixed","tiered_pricing_fixed_rules":[],"tiered_pricing_product_settings":{"layout":"default","base_unit_name":{"singular":null,"plural":null},"default_variation":null},"tiered_pricing_minimum_quantity":null,"tiered_pricing_roles_data":[],"tiered_pricing_percentage_rules":[],"_links":{"self":[{"href":"https:\/\/purama.lt\/ee\/wp-json\/wp\/v2\/product\/36649","targetHints":{"allow":["GET"]}}],"collection":[{"href":"https:\/\/purama.lt\/ee\/wp-json\/wp\/v2\/product"}],"about":[{"href":"https:\/\/purama.lt\/ee\/wp-json\/wp\/v2\/types\/product"}],"replies":[{"embeddable":true,"href":"https:\/\/purama.lt\/ee\/wp-json\/wp\/v2\/comments?post=36649"}],"wp:featuredmedia":[{"embeddable":true,"href":"https:\/\/purama.lt\/ee\/wp-json\/wp\/v2\/media\/36657"}],"wp:attachment":[{"href":"https:\/\/purama.lt\/ee\/wp-json\/wp\/v2\/media?parent=36649"}],"wp:term":[{"taxonomy":"product_brand","embeddable":true,"href":"https:\/\/purama.lt\/ee\/wp-json\/wp\/v2\/product_brand?post=36649"},{"taxonomy":"product_cat","embeddable":true,"href":"https:\/\/purama.lt\/ee\/wp-json\/wp\/v2\/product_cat?post=36649"},{"taxonomy":"product_tag","embeddable":true,"href":"https:\/\/purama.lt\/ee\/wp-json\/wp\/v2\/product_tag?post=36649"}],"curies":[{"name":"wp","href":"https:\/\/api.w.org\/{rel}","templated":true}]}}