{"id":36648,"date":"2025-06-27T06:42:09","date_gmt":"2025-06-27T06:42:09","guid":{"rendered":"https:\/\/purama.lt\/produktas\/tempur-comfort-smartcool-pagalve\/"},"modified":"2026-03-18T14:05:39","modified_gmt":"2026-03-18T12:05:39","slug":"tempur-comfort-smartcool-padi","status":"publish","type":"product","link":"https:\/\/purama.lt\/ee\/produktas\/tempur-comfort-smartcool-pagalve\/","title":{"rendered":"TEMPUR Comfort SmartCool padi TEMPUR Comfort SmartCool Pillow"},"content":{"rendered":"","protected":false},"excerpt":{"rendered":"<p>See padi \u00fchendab TEMPURi klassika t\u00e4iustatud SmartCool\u2122-tehnoloogiaga - selle kate hajutab soojust, mis tagab jahedama ja meeldivama une. Sees tagab kohanduv TEMPUR-materjal kogu \u00f6\u00f6 jooksul n\u00f5uetekohase pea, kaela ja \u00f5lgade toe.<\/p>\n<p><strong>Miks valida:<\/strong><br \/>\n\u2714 SmartCool\u2122 tehnoloogia jahutusmugavuse tagamiseks<br \/>\n\u2714 Kohandatav TEMPUR materjal<br \/>\n\u2714 T\u00e4iuslik tugi igas uneasendis<br \/>\n\u2714 Sobib tundlikule nahat\u00fc\u00fcbile<br \/>\n\u2714 Lihtne pesta kate<\/p>","protected":false},"featured_media":36655,"comment_status":"open","ping_status":"closed","template":"","meta":{"_acf_changed":false},"product_brand":[459],"product_cat":[61],"product_tag":[],"class_list":{"0":"post-36648","1":"product","2":"type-product","3":"status-publish","4":"has-post-thumbnail","6":"product_brand-tempur","7":"product_cat-ramybei","9":"first","10":"outofstock","11":"shipping-taxable","12":"purchasable","13":"product-type-variable"},"acf":[],"tiered_pricing_type":"fixed","tiered_pricing_fixed_rules":[],"tiered_pricing_product_settings":{"layout":"default","base_unit_name":{"singular":null,"plural":null},"default_variation":null},"tiered_pricing_minimum_quantity":null,"tiered_pricing_roles_data":[],"tiered_pricing_percentage_rules":[],"_links":{"self":[{"href":"https:\/\/purama.lt\/ee\/wp-json\/wp\/v2\/product\/36648","targetHints":{"allow":["GET"]}}],"collection":[{"href":"https:\/\/purama.lt\/ee\/wp-json\/wp\/v2\/product"}],"about":[{"href":"https:\/\/purama.lt\/ee\/wp-json\/wp\/v2\/types\/product"}],"replies":[{"embeddable":true,"href":"https:\/\/purama.lt\/ee\/wp-json\/wp\/v2\/comments?post=36648"}],"wp:featuredmedia":[{"embeddable":true,"href":"https:\/\/purama.lt\/ee\/wp-json\/wp\/v2\/media\/36655"}],"wp:attachment":[{"href":"https:\/\/purama.lt\/ee\/wp-json\/wp\/v2\/media?parent=36648"}],"wp:term":[{"taxonomy":"product_brand","embeddable":true,"href":"https:\/\/purama.lt\/ee\/wp-json\/wp\/v2\/product_brand?post=36648"},{"taxonomy":"product_cat","embeddable":true,"href":"https:\/\/purama.lt\/ee\/wp-json\/wp\/v2\/product_cat?post=36648"},{"taxonomy":"product_tag","embeddable":true,"href":"https:\/\/purama.lt\/ee\/wp-json\/wp\/v2\/product_tag?post=36648"}],"curies":[{"name":"wp","href":"https:\/\/api.w.org\/{rel}","templated":true}]}}