{"id":36647,"date":"2025-06-27T06:42:09","date_gmt":"2025-06-27T06:42:09","guid":{"rendered":"https:\/\/purama.lt\/produktas\/tempur-pro-luxe-smartcool-30cm-ciuzinys\/"},"modified":"2026-02-27T09:44:56","modified_gmt":"2026-02-27T07:44:56","slug":"tempur-pro-luxe-smartcool-30cm-madrats","status":"publish","type":"product","link":"https:\/\/purama.lt\/ee\/produktas\/tempur-pro-luxe-smartcool-30cm-ciuzinys\/","title":{"rendered":"TEMPUR Pro Luxe SmartCool 30cm madrats TEMPUR Pro Luxe SmartCool 30cm madrats"},"content":{"rendered":"","protected":false},"excerpt":{"rendered":"<p>Kogege k\u00f5rgeimat magamismugavust TEMPUR Pro Luxe SmartCool madratsiga. 30 cm paksune kolmekihiline mugavuskonstruktsioon tagab v\u00f5rratu r\u00f5hu leevendamise, kehakontuuri ja liikumisisolatsiooni. SmartCool\u2122 \u00fclemine kiht hajutab t\u00f5husalt soojust, pakkudes jahutavat efekti kogu \u00f6\u00f6 jooksul, samal ajal kui TEMPUR Advanced materjal tagab suurep\u00e4rase l\u00fclisamba toe ja pingete leevendamise. See on luksuslik valik neile, kes soovivad kvaliteetset und.<\/p>\n<p><strong>Miks valida:<\/strong><br \/>\n\u2714 30 cm paksused kihid tagavad erakordse mugavuse<br \/>\n\u2714 SmartCool\u2122 tehnoloogia jahutava efekti saavutamiseks<br \/>\n\u2714 TEMPUR Advanced materjal - k\u00f5ige arenenum r\u00f5hu alandamine<br \/>\n\u2714 Sobib paljudele kehat\u00fc\u00fcpidele ja uneasenditele<br \/>\n\u2714 Eemaldatav ja pestav kate<\/p>","protected":false},"featured_media":36656,"comment_status":"open","ping_status":"closed","template":"","meta":{"_acf_changed":false},"product_brand":[459],"product_cat":[61],"product_tag":[],"class_list":{"0":"post-36647","1":"product","2":"type-product","3":"status-publish","4":"has-post-thumbnail","6":"product_brand-tempur","7":"product_cat-ramybei","9":"first","10":"instock","11":"shipping-taxable","12":"purchasable","13":"product-type-variable"},"acf":[],"tiered_pricing_type":"fixed","tiered_pricing_fixed_rules":[],"tiered_pricing_product_settings":{"layout":"default","base_unit_name":{"singular":null,"plural":null},"default_variation":null},"tiered_pricing_minimum_quantity":null,"tiered_pricing_roles_data":[],"tiered_pricing_percentage_rules":[],"_links":{"self":[{"href":"https:\/\/purama.lt\/ee\/wp-json\/wp\/v2\/product\/36647","targetHints":{"allow":["GET"]}}],"collection":[{"href":"https:\/\/purama.lt\/ee\/wp-json\/wp\/v2\/product"}],"about":[{"href":"https:\/\/purama.lt\/ee\/wp-json\/wp\/v2\/types\/product"}],"replies":[{"embeddable":true,"href":"https:\/\/purama.lt\/ee\/wp-json\/wp\/v2\/comments?post=36647"}],"wp:featuredmedia":[{"embeddable":true,"href":"https:\/\/purama.lt\/ee\/wp-json\/wp\/v2\/media\/36656"}],"wp:attachment":[{"href":"https:\/\/purama.lt\/ee\/wp-json\/wp\/v2\/media?parent=36647"}],"wp:term":[{"taxonomy":"product_brand","embeddable":true,"href":"https:\/\/purama.lt\/ee\/wp-json\/wp\/v2\/product_brand?post=36647"},{"taxonomy":"product_cat","embeddable":true,"href":"https:\/\/purama.lt\/ee\/wp-json\/wp\/v2\/product_cat?post=36647"},{"taxonomy":"product_tag","embeddable":true,"href":"https:\/\/purama.lt\/ee\/wp-json\/wp\/v2\/product_tag?post=36647"}],"curies":[{"name":"wp","href":"https:\/\/api.w.org\/{rel}","templated":true}]}}