{"id":36637,"date":"2025-06-26T15:27:14","date_gmt":"2025-06-26T15:27:14","guid":{"rendered":"https:\/\/purama.lt\/produktas\/medicube-age-r-jauninantis-veido-serumas-su-glutationu\/"},"modified":"2026-04-10T13:03:31","modified_gmt":"2026-04-10T11:03:31","slug":"medicube-age-r-noorendav-naoseerum-glutatiooniga","status":"publish","type":"product","link":"https:\/\/purama.lt\/ee\/produktas\/medicube-age-r-jauninantis-veido-serumas-su-glutationu\/","title":{"rendered":"Medicube AGE-R Glutathione Glow Serum noorendav n\u00e4oseerum"},"content":{"rendered":"","protected":false},"excerpt":{"rendered":"<p><strong>Medicube AGE-R Glutathione Glow seerum:<\/strong> V\u00e4ga kontsentreeritud n\u00e4oseerum glutatiooniga, mis on tuntud oma v\u00f5imsate antioks\u00fcdantsete omaduste poolest, aitab aeglustada vananemise m\u00e4rke, v\u00e4hendada kortse ja taastada naha loomulikku s\u00e4ra. Niatsiinamiidi ja peptiididega t\u00e4iendatud seerum parandab naha elastsust, tugevdab kaitsebarj\u00e4\u00e4ri ja soodustab regenereerimist. Kerge tekstuur imendub kiiresti ja sobib nii hommikuks kui ka \u00f5htuseks kasutamiseks.<\/p>\n<p><strong>Miks valida:<\/strong><br \/>\n\u2714\ufe0f Glutatioon v\u00f5itleb vabade radikaalide vastu ja takistab naha vananemist.<br \/>\n\u2714\ufe0f Niatsiinamiid \u00fchtlustab naha tooni ja tugevdab barj\u00e4\u00e4ri.<br \/>\n\u2714\ufe0f Peptiidid soodustavad naha uuenemist ja elastsust.<br \/>\n\u2714\ufe0f Sobib k\u00f5ikidele nahat\u00fc\u00fcpidele, isegi tundlikule nahale.<br \/>\n\u2714\ufe0f Kombineerub h\u00e4sti teiste nahahooldusvahenditega.<\/p>","protected":false},"featured_media":36629,"comment_status":"open","ping_status":"closed","template":"","meta":{"_acf_changed":false},"product_brand":[438],"product_cat":[92,500,56,59],"product_tag":[],"class_list":{"0":"post-36637","1":"product","2":"type-product","3":"status-publish","4":"has-post-thumbnail","6":"product_brand-medicube","7":"product_cat-groziui","8":"product_cat-outlet","9":"product_cat-veido-serumai","10":"product_cat-veidui","12":"first","13":"instock","14":"sale","15":"shipping-taxable","16":"purchasable","17":"product-type-simple"},"acf":[],"tiered_pricing_type":"fixed","tiered_pricing_fixed_rules":[],"tiered_pricing_product_settings":{"layout":"default","base_unit_name":{"singular":null,"plural":null},"default_variation":null},"tiered_pricing_minimum_quantity":null,"tiered_pricing_roles_data":[],"tiered_pricing_percentage_rules":[],"_links":{"self":[{"href":"https:\/\/purama.lt\/ee\/wp-json\/wp\/v2\/product\/36637","targetHints":{"allow":["GET"]}}],"collection":[{"href":"https:\/\/purama.lt\/ee\/wp-json\/wp\/v2\/product"}],"about":[{"href":"https:\/\/purama.lt\/ee\/wp-json\/wp\/v2\/types\/product"}],"replies":[{"embeddable":true,"href":"https:\/\/purama.lt\/ee\/wp-json\/wp\/v2\/comments?post=36637"}],"wp:featuredmedia":[{"embeddable":true,"href":"https:\/\/purama.lt\/ee\/wp-json\/wp\/v2\/media\/36629"}],"wp:attachment":[{"href":"https:\/\/purama.lt\/ee\/wp-json\/wp\/v2\/media?parent=36637"}],"wp:term":[{"taxonomy":"product_brand","embeddable":true,"href":"https:\/\/purama.lt\/ee\/wp-json\/wp\/v2\/product_brand?post=36637"},{"taxonomy":"product_cat","embeddable":true,"href":"https:\/\/purama.lt\/ee\/wp-json\/wp\/v2\/product_cat?post=36637"},{"taxonomy":"product_tag","embeddable":true,"href":"https:\/\/purama.lt\/ee\/wp-json\/wp\/v2\/product_tag?post=36637"}],"curies":[{"name":"wp","href":"https:\/\/api.w.org\/{rel}","templated":true}]}}