{"id":36635,"date":"2025-06-26T15:27:13","date_gmt":"2025-06-26T15:27:13","guid":{"rendered":"https:\/\/purama.lt\/produktas\/medicube-valomoji-molio-veido-kauke-nuo-inkstiru\/"},"modified":"2026-04-10T13:03:31","modified_gmt":"2026-04-10T11:03:31","slug":"medicube-puhastav-savi-naomask-neerudele","status":"publish","type":"product","link":"https:\/\/purama.lt\/ee\/produktas\/medicube-valomoji-molio-veido-kauke-nuo-inkstiru\/","title":{"rendered":"Medicube Zero Pore Blackhead Mud Mask valovaja maska za lice"},"content":{"rendered":"<p>Kas otsite rohkem? Vaadake t\u00e4ielikku <a href=\"\/ee\/tootesildid\/medicube\/\">Medicube sortimenti<\/a>.<\/p>","protected":false},"excerpt":{"rendered":"<p><strong>Medicube Zero Pore Blackhead Mud Mask:<\/strong> Puhastav n\u00e4omask, mis on loodud intensiivselt puhastama poore ja eemaldama mustpead. Sisaldab kaoliinsavi ja aktiivs\u00fctt, mis aitavad eemaldada mustuse, liigse rasu ja surnud naharakud, h\u00e4irimata seejuures naha loomulikku tasakaalu. Lisaks s\u00fcgavpuhastusele ahendab mask ka poore, aitab v\u00f5idelda l\u00e4ike vastu ja soodustab naha tervislikumat uuenemist. Sobib k\u00f5ikidele nahat\u00fc\u00fcpidele, eriti kombineeritud ja rasusele nahale.<\/p>\n<p><strong>Miks valida:<\/strong><br \/>\n\u2714\ufe0f S\u00fcgavpuhastab ummistunud poorid ja v\u00e4hendab mustpead<br \/>\n\u2714\ufe0f Kaoliinsavi ja aktiivs\u00fcsi tasakaalustavad naha talitootmist.<br \/>\n\u2714\ufe0f Soodustab puhtamat ja siledamat nahatekstuuri.<br \/>\n\u2714\ufe0f Annab v\u00e4rskuse tunde ilma kuivuse tundeta.<br \/>\n\u2714\ufe0f Sobib sagedaseks kasutamiseks, isegi tundlikule nahale.<\/p>","protected":false},"featured_media":36627,"comment_status":"open","ping_status":"closed","template":"","meta":{"_acf_changed":false},"product_brand":[438],"product_cat":[92,142,59],"product_tag":[],"class_list":{"0":"post-36635","1":"product","2":"type-product","3":"status-publish","4":"has-post-thumbnail","6":"product_brand-medicube","7":"product_cat-groziui","8":"product_cat-veido-kaukes","9":"product_cat-veidui","11":"first","12":"outofstock","13":"shipping-taxable","14":"purchasable","15":"product-type-simple"},"acf":[],"tiered_pricing_type":"fixed","tiered_pricing_fixed_rules":[],"tiered_pricing_product_settings":{"layout":"default","base_unit_name":{"singular":null,"plural":null},"default_variation":null},"tiered_pricing_minimum_quantity":null,"tiered_pricing_roles_data":[],"tiered_pricing_percentage_rules":[],"_links":{"self":[{"href":"https:\/\/purama.lt\/ee\/wp-json\/wp\/v2\/product\/36635","targetHints":{"allow":["GET"]}}],"collection":[{"href":"https:\/\/purama.lt\/ee\/wp-json\/wp\/v2\/product"}],"about":[{"href":"https:\/\/purama.lt\/ee\/wp-json\/wp\/v2\/types\/product"}],"replies":[{"embeddable":true,"href":"https:\/\/purama.lt\/ee\/wp-json\/wp\/v2\/comments?post=36635"}],"wp:featuredmedia":[{"embeddable":true,"href":"https:\/\/purama.lt\/ee\/wp-json\/wp\/v2\/media\/36627"}],"wp:attachment":[{"href":"https:\/\/purama.lt\/ee\/wp-json\/wp\/v2\/media?parent=36635"}],"wp:term":[{"taxonomy":"product_brand","embeddable":true,"href":"https:\/\/purama.lt\/ee\/wp-json\/wp\/v2\/product_brand?post=36635"},{"taxonomy":"product_cat","embeddable":true,"href":"https:\/\/purama.lt\/ee\/wp-json\/wp\/v2\/product_cat?post=36635"},{"taxonomy":"product_tag","embeddable":true,"href":"https:\/\/purama.lt\/ee\/wp-json\/wp\/v2\/product_tag?post=36635"}],"curies":[{"name":"wp","href":"https:\/\/api.w.org\/{rel}","templated":true}]}}