{"id":36477,"date":"2025-06-25T09:48:38","date_gmt":"2025-06-25T09:48:38","guid":{"rendered":"https:\/\/purama.lt\/?post_type=product&#038;p=36477"},"modified":"2026-04-17T09:51:44","modified_gmt":"2026-04-17T07:51:44","slug":"donotage-pikaealisuse-kompleks-puuride-jaoks","status":"publish","type":"product","link":"https:\/\/purama.lt\/ee\/produktas\/donotage-lasteliu-ilgaamziskumo-kompleksas\/","title":{"rendered":"DoNotAge Cell Longevity Complex"},"content":{"rendered":"<p><strong>Pikaealisuse komplekt<\/strong> - on nelja teaduslikult kinnitatud toidulisandi kombinatsioon: <strong><a href=\"https:\/\/purama.lt\/ee\/toode\/puhas-nr-nikotiinamiidribosiidi-kloriiddoonotaaz\/\" data-type=\"product\" data-id=\"8374\">Puhas NR<\/a><\/strong>,<a href=\"https:\/\/purama.lt\/wp-content\/uploads\/2024\/12\/Grynas-Kvercentinas-DONOTAGE-1.png\" data-type=\"attachment\" data-id=\"8779\"> <strong>Puhas kvertsetiin<\/strong><\/a>, <strong><a href=\"https:\/\/purama.lt\/ee\/toode\/puhas-hualuroonhape-donotage\/\" data-type=\"product\" data-id=\"8372\">Puhas h\u00fcaluroonhape<\/a><\/strong> ja <strong><a href=\"https:\/\/purama.lt\/wp-content\/uploads\/2024\/12\/Grynas-Spermidinas-DONOTAGE2.png\" data-type=\"attachment\" data-id=\"8782\">Puhas spermidiin<\/a><\/strong>M\u00f5eldud toetama energiat, rakkude uuenemist, v\u00e4hendama p\u00f5letikku ja niisutama nahka seestpoolt. Ideaalne igap\u00e4evane s\u00fcsteem neile, kes soovivad end t\u00e4na paremini tunda ja homme aeglasemalt vananeda.<\/p>","protected":false},"excerpt":{"rendered":"<p data-start=\"192\" data-end=\"272\"><strong data-start=\"196\" data-end=\"222\">DoNotAge stardipakett<\/strong>\u00a0- rakuenergia, kaitse ja ilu seestpoolt.\u00a0<strong data-start=\"274\" data-end=\"300\">Pikaealisuse komplekt<\/strong> \u00fchendab neli tipptasemel ja teaduslikult t\u00f5estatud toidulisandit: <strong data-start=\"366\" data-end=\"377\">Puhas NR<\/strong>, <strong data-start=\"379\" data-end=\"397\">Puhas kvertsetiin<\/strong>, <strong data-start=\"399\" data-end=\"423\">Puhas h\u00fcaluroonhape<\/strong> ja <strong data-start=\"427\" data-end=\"446\">Puhas spermidiin<\/strong>. Iga\u00fcks neist toetab erinevaid kehafunktsioone ja koos moodustavad nad tervikliku s\u00fcsteemi tervise ja pikaealisuse tagamiseks. See komplekt on m\u00f5eldud neile, kes soovivad hoolitseda oma rakuenergia eest, v\u00e4hendada p\u00f5letikke, s\u00e4ilitada naha elastsust ja toetada keha loomulikke taastumisprotsesse.<br data-start=\"745\" data-end=\"748\" \/><strong data-start=\"748\" data-end=\"802\">Ilma lisaaineteta. Ainult puhtad toimeained.<\/strong><\/p>\n<p><strong>Miks valida:<\/strong><br data-start=\"833\" data-end=\"836\" \/>\u2714 K\u00f5ikeh\u00f5lmav m\u00f5ju: energia, kaitse, ilu ja pikaealisus<br data-start=\"904\" data-end=\"907\" \/>\u2714 Stimuleerib NAD+ tootmist ja mitokondrilist aktiivsust<br data-start=\"952\" data-end=\"955\" \/>\u2714 V\u00e4hendab p\u00f5letikku ja toetab immuuns\u00fcsteemi funktsioone.<br data-start=\"1002\" data-end=\"1005\" \/>\u2714 Niisutab nahka seestpoolt ja parandab selle tekstuuri.<br data-start=\"1052\" data-end=\"1055\" \/>\u2714 Edendab rakkude puhastamist (autofagia) ja regenereerimist.<br data-start=\"1110\" data-end=\"1113\" \/>\u2714 Kasutatakse \u00fclemaailmsetes pikaealisuse uuringutes<br data-start=\"1163\" data-end=\"1166\" \/>\u2714 Sobib igap\u00e4evaseks kasutamiseks, ohutu ja allergeenivaba<br data-start=\"1218\" data-end=\"1221\" \/>\u2714 Suurep\u00e4rane valik tervislikuma ja pikema elu alustamiseks<\/p>","protected":false},"featured_media":38042,"comment_status":"open","ping_status":"closed","template":"","meta":{"_acf_changed":false},"product_brand":[242],"product_cat":[123,251,122,248,249,250],"product_tag":[],"class_list":{"0":"post-36477","1":"product","2":"type-product","3":"status-publish","4":"has-post-thumbnail","6":"product_brand-donotage","7":"product_cat-papildai-ilgaamziskumui","8":"product_cat-antioksidantai","9":"product_cat-lasteliu-jaunystei","10":"product_cat-nad-ir-mitochondrijos","11":"product_cat-senolitikai","12":"product_cat-telomeru-ir-dnr-apsauga","14":"first","15":"instock","16":"featured","17":"shipping-taxable","18":"purchasable","19":"product-type-simple"},"acf":[],"tiered_pricing_type":"fixed","tiered_pricing_fixed_rules":[],"tiered_pricing_product_settings":{"layout":"default","base_unit_name":{"singular":null,"plural":null},"default_variation":null},"tiered_pricing_minimum_quantity":null,"tiered_pricing_roles_data":[],"tiered_pricing_percentage_rules":[],"_links":{"self":[{"href":"https:\/\/purama.lt\/ee\/wp-json\/wp\/v2\/product\/36477","targetHints":{"allow":["GET"]}}],"collection":[{"href":"https:\/\/purama.lt\/ee\/wp-json\/wp\/v2\/product"}],"about":[{"href":"https:\/\/purama.lt\/ee\/wp-json\/wp\/v2\/types\/product"}],"replies":[{"embeddable":true,"href":"https:\/\/purama.lt\/ee\/wp-json\/wp\/v2\/comments?post=36477"}],"wp:featuredmedia":[{"embeddable":true,"href":"https:\/\/purama.lt\/ee\/wp-json\/wp\/v2\/media\/38042"}],"wp:attachment":[{"href":"https:\/\/purama.lt\/ee\/wp-json\/wp\/v2\/media?parent=36477"}],"wp:term":[{"taxonomy":"product_brand","embeddable":true,"href":"https:\/\/purama.lt\/ee\/wp-json\/wp\/v2\/product_brand?post=36477"},{"taxonomy":"product_cat","embeddable":true,"href":"https:\/\/purama.lt\/ee\/wp-json\/wp\/v2\/product_cat?post=36477"},{"taxonomy":"product_tag","embeddable":true,"href":"https:\/\/purama.lt\/ee\/wp-json\/wp\/v2\/product_tag?post=36477"}],"curies":[{"name":"wp","href":"https:\/\/api.w.org\/{rel}","templated":true}]}}