{"id":36342,"date":"2025-06-19T18:24:23","date_gmt":"2025-06-19T18:24:23","guid":{"rendered":"https:\/\/purama.lt\/?post_type=product&#038;p=36342"},"modified":"2025-06-20T07:45:50","modified_gmt":"2025-06-20T07:45:50","slug":"oura-ring-4-smart-salv","status":"publish","type":"product","link":"https:\/\/purama.lt\/ee\/produktas\/oura-ring-4-ismanusis-ziedas\/","title":{"rendered":"Oura Ring 4 Smart Ring"},"content":{"rendered":"<p>Pikk aku kasutusiga ja veekindlus. Kuni 7 p\u00e4eva ilma laadimiseta ja veekindel - v\u00f5id seda kanda du\u0161i all, j\u00f5usaalis v\u00f5i isegi ujumise ajal.<\/p>","protected":false},"excerpt":{"rendered":"<p>Oura Ring 4 on j\u00e4rgmise p\u00f5lvkonna nutir\u00f5ngas, mis on m\u00f5eldud teie tervise, f\u00fc\u00fcsilise ja emotsionaalse tervise n\u00e4itajate t\u00e4pseks ja diskreetseks j\u00e4lgimiseks \u00f6\u00f6p\u00e4evaringselt. Selle minimalistlik disain ja t\u00e4iustatud sensorid teevad sellest 9-suurusest kuldse v\u00e4rvusega s\u00f5rmusest mitte ainult elegantse aksessuaari, vaid ka k\u00f5ige nutikama kantava tervisekontrolli seadme turul.Mida teeb Oura Ring 4?<br \/>\nUneanal\u00fc\u00fcs - Ring j\u00e4lgib \u00fcksikasjalikult k\u00f5iki unets\u00fckleid - s\u00fcgavat, kerget ja REM-unen\u00e4gu - ning annab hinnangu teie une kvaliteedile koos n\u00f5uannetega, millal on parimad ajad magama minemiseks ja \u00e4rkamiseks.  S\u00fcdame l\u00f6\u00f6gisageduse j\u00e4lgimine -<br \/>\nSee salvestab teie s\u00fcdame l\u00f6\u00f6gisageduse \u00f6\u00f6p\u00e4evaringselt puhkeoleku ajal, \u00f6\u00f6sel ja treeningu ajal. Annab s\u00fcdame l\u00f6\u00f6gisageduse varieeruvuse (HRV) n\u00e4itu, et aidata teil hinnata stressitaset ja taastumisv\u00f5imet.  Hingamissagedus -<br \/>\nM\u00f5\u00f5tmised une ajal v\u00f5imaldavad teil m\u00e4rgata mis tahes muutusi v\u00f5i h\u00e4ireid hingamises.  Kehatemperatuuri k\u00f5ikumised - Oura Ring tuvastab isegi peened temperatuurimuutused, mis v\u00f5ivad anda m\u00e4rku p\u00f5letikuprotsessidest, haiguse algusest v\u00f5i isegi ovulatsioonist. Aktiivsuse j\u00e4lgimine - see j\u00e4lgib teie igap\u00e4evast aktiivsust, samme, p\u00f5letatud kaloreid, liikumist ja annab teile isikustatud eesm\u00e4rke ja soovitusi, millal liikuda v\u00f5i puhata. Valmisoleku skoor - kasutades andmeid une, s\u00fcdame l\u00f6\u00f6gisageduse, aktiivsuse ja temperatuuri kohta, annab s\u00f5rmus igal hommikul \u00fcldise hinnangu teie keha valmisoleku kohta - see aitab teil otsustada, kas tasub k\u00f5vasti treenida v\u00f5i keskenduda puhkamisele. Stressi j\u00e4lgimise ja meditatsiooni funktsioonid - Integreeritud hingamis- ja t\u00e4helepanuv\u00f5imlemissessioonid aitavad v\u00e4hendada igap\u00e4evast stressi ja parandada emotsionaalset heaolu.<\/p>\n<p><strong>Miks valida Oura Ring 4?<\/strong><br \/>\n\u2714 Nutikas terviklik tervisekontroll 24\/7<br \/>\n\u2714 Mugav, kerge ja stiilne disain<br \/>\n\u2714 T\u00e4psed biomeetrilised andmed koos personaalsete soovitustega<br \/>\n\u2714 Kuldne mudel - elegantne valik nii meestele kui ka naistele<br \/>\n\u2714 S\u00fcnkroniseerimine Oura mobiilirakendusega (iOS\/Android)<\/p>","protected":false},"featured_media":36341,"comment_status":"open","ping_status":"closed","template":"","meta":{"_acf_changed":false},"product_brand":[],"product_cat":[282,283],"product_tag":[],"class_list":{"0":"post-36342","1":"product","2":"type-product","3":"status-publish","4":"has-post-thumbnail","6":"product_cat-longevity-prietaisai","7":"product_cat-sveikatingumo-prietaisai","9":"first","10":"instock","11":"shipping-taxable","12":"purchasable","13":"product-type-variable"},"acf":[],"tiered_pricing_type":"fixed","tiered_pricing_fixed_rules":[],"tiered_pricing_product_settings":{"layout":"default","base_unit_name":{"singular":null,"plural":null},"default_variation":null},"tiered_pricing_minimum_quantity":null,"tiered_pricing_roles_data":[],"tiered_pricing_percentage_rules":[],"_links":{"self":[{"href":"https:\/\/purama.lt\/ee\/wp-json\/wp\/v2\/product\/36342","targetHints":{"allow":["GET"]}}],"collection":[{"href":"https:\/\/purama.lt\/ee\/wp-json\/wp\/v2\/product"}],"about":[{"href":"https:\/\/purama.lt\/ee\/wp-json\/wp\/v2\/types\/product"}],"replies":[{"embeddable":true,"href":"https:\/\/purama.lt\/ee\/wp-json\/wp\/v2\/comments?post=36342"}],"wp:featuredmedia":[{"embeddable":true,"href":"https:\/\/purama.lt\/ee\/wp-json\/wp\/v2\/media\/36341"}],"wp:attachment":[{"href":"https:\/\/purama.lt\/ee\/wp-json\/wp\/v2\/media?parent=36342"}],"wp:term":[{"taxonomy":"product_brand","embeddable":true,"href":"https:\/\/purama.lt\/ee\/wp-json\/wp\/v2\/product_brand?post=36342"},{"taxonomy":"product_cat","embeddable":true,"href":"https:\/\/purama.lt\/ee\/wp-json\/wp\/v2\/product_cat?post=36342"},{"taxonomy":"product_tag","embeddable":true,"href":"https:\/\/purama.lt\/ee\/wp-json\/wp\/v2\/product_tag?post=36342"}],"curies":[{"name":"wp","href":"https:\/\/api.w.org\/{rel}","templated":true}]}}