{"id":36232,"date":"2025-06-18T06:31:55","date_gmt":"2025-06-18T06:31:55","guid":{"rendered":"https:\/\/purama.lt\/produktas\/orgazmo-energija-moterims\/"},"modified":"2026-04-13T16:50:22","modified_gmt":"2026-04-13T14:50:22","slug":"orgasmiline-energia-naistele","status":"publish","type":"product","link":"https:\/\/purama.lt\/ee\/produktas\/orgazmo-energija-moterims\/","title":{"rendered":"MEDICA GROUP Orgasm Power Orgazmo energija naistele"},"content":{"rendered":"<p><strong>Tarbimine (tootja andmetel p\u00f5hinev):<\/strong><\/p>\n\n\n\n<p>V\u00f5tke 1 annus (10 ml) p\u00e4evas, eelistatavalt umbes 30 minutit enne seksuaalvahekorda.<br>Enne kasutamist h\u00e4sti loksutada.<br>\u00c4rge \u00fcletage soovitatud p\u00e4evast annust.<\/p>\n\n\n\n<p><strong>Oluline:<\/strong><br>Mitte manustada lastele, rasedatele v\u00f5i imetavatele naistele.<br>Inimesed, kes v\u00f5tavad ravimeid (eriti diabeedi t\u00f5ttu), peaksid enne kasutamist konsulteerima oma arstiga.<br>Ei soovitata mao- v\u00f5i kaksteists\u00f5rmiksoolehaavandiga ja s\u00fcdame-veresoonkonna haigustega (sh arteriaalse h\u00fcpertensiooniga) inimestele.<\/p>\n\n\n\n<p><strong>Koostisosad<\/strong>:<\/p>\n\n\n\n<p>vesi, magneesiumtsitraat, l-arginiin, beeta-alaniin, punase peedi mahla kontsentraat, guaraana ekstrakt, mis on standardiseeritud 10% kofeiinile, sidrunhape, kirsi maitse, maka ekstrakt 16:1, \u017een\u0161enni ekstrakt 16:1, tsinkgl\u00fckonaat, naatriumtsahhariin, vitamiin b3 (niatsiin), kaaliumsorbaat, naatriumbensoaat, maltodekstriin, vitamiin b6 (p\u00fcridoksiinvesinikkloriid).<\/p>\n\n\n\n<p><\/p>","protected":false},"excerpt":{"rendered":"<p><strong>MEDICA GROUP Orgasm Power Orgasmienergia naistele,<\/strong> 100% on looduslik jook, mis on spetsiaalselt koostatud naistele, kes soovivad parandada seksuaalset soovi ja suurendada rahulolu. Selle mahe koostis imendub kiiresti ja aitab suurendada kirge, parandada tundeid ning edendada emotsionaalset ja f\u00fc\u00fcsilist naudingut. Koostises olevad looduslikud koostisosad aitavad teil l\u00f5\u00f5gastuda ja tugevdada sidet enda ja partneriga. <strong>Miks valida:<\/strong> \u2714\ufe0f Ei mingeid kunstlikke lisandeid ega v\u00e4rvaineid \u2714\ufe0f Lihtne ja nauditav juua - kiiretoimeline \u2714\ufe0f Looduslikud koostisosad t\u00f5stavad libiido ja leevendavad stressi \u2714\ufe0f Kvaliteedi testitud - ohutu igap\u00e4evane kasutamine<\/p>","protected":false},"featured_media":36189,"comment_status":"open","ping_status":"closed","template":"","meta":{"_acf_changed":false},"product_brand":[406],"product_cat":[276,57,278],"product_tag":[],"class_list":{"0":"post-36232","1":"product","2":"type-product","3":"status-publish","4":"has-post-thumbnail","6":"product_brand-medica-group","7":"product_cat-seksualinei-sveikatai","8":"product_cat-akcijos","9":"product_cat-moterims","11":"first","12":"instock","13":"sale","14":"shipping-taxable","15":"purchasable","16":"product-type-simple"},"acf":[],"tiered_pricing_type":"fixed","tiered_pricing_fixed_rules":[],"tiered_pricing_product_settings":{"layout":"default","base_unit_name":{"singular":null,"plural":null},"default_variation":null},"tiered_pricing_minimum_quantity":null,"tiered_pricing_roles_data":[],"tiered_pricing_percentage_rules":[],"_links":{"self":[{"href":"https:\/\/purama.lt\/ee\/wp-json\/wp\/v2\/product\/36232","targetHints":{"allow":["GET"]}}],"collection":[{"href":"https:\/\/purama.lt\/ee\/wp-json\/wp\/v2\/product"}],"about":[{"href":"https:\/\/purama.lt\/ee\/wp-json\/wp\/v2\/types\/product"}],"replies":[{"embeddable":true,"href":"https:\/\/purama.lt\/ee\/wp-json\/wp\/v2\/comments?post=36232"}],"wp:featuredmedia":[{"embeddable":true,"href":"https:\/\/purama.lt\/ee\/wp-json\/wp\/v2\/media\/36189"}],"wp:attachment":[{"href":"https:\/\/purama.lt\/ee\/wp-json\/wp\/v2\/media?parent=36232"}],"wp:term":[{"taxonomy":"product_brand","embeddable":true,"href":"https:\/\/purama.lt\/ee\/wp-json\/wp\/v2\/product_brand?post=36232"},{"taxonomy":"product_cat","embeddable":true,"href":"https:\/\/purama.lt\/ee\/wp-json\/wp\/v2\/product_cat?post=36232"},{"taxonomy":"product_tag","embeddable":true,"href":"https:\/\/purama.lt\/ee\/wp-json\/wp\/v2\/product_tag?post=36232"}],"curies":[{"name":"wp","href":"https:\/\/api.w.org\/{rel}","templated":true}]}}