{"id":36230,"date":"2025-06-18T06:31:54","date_gmt":"2025-06-18T06:31:54","guid":{"rendered":"https:\/\/purama.lt\/produktas\/sveikatos-bukles-testas\/"},"modified":"2025-06-18T12:18:30","modified_gmt":"2025-06-18T12:18:30","slug":"terviseseisundi-test","status":"publish","type":"product","link":"https:\/\/purama.lt\/ee\/produktas\/sveikatos-bukles-testas\/","title":{"rendered":"Tervisliku seisundi test"},"content":{"rendered":"","protected":false},"excerpt":{"rendered":"<p>TruHealth on terviklik metaboloomiline uuring, mis hindab rohkem kui 110 biomarkerit, mis on seotud rakkude tervise, ainevahetuse ja pikaajalise tervise s\u00e4ilitamisega.<\/p>\n<p>Uuringus anal\u00fc\u00fcsitakse kvantitatiivselt:<\/p>\n<p>Olulised mikrotoitained (vitamiinid, mineraalid);<\/p>\n<p>Antioks\u00fcdantsed \u00fchendid;<\/p>\n<p>Oomega rasvhape;<\/p>\n<p>Aminohapete profiilid;<\/p>\n<p>Keskkonnatoksiinid;<\/p>\n<p>P\u00f5letiku markerid, oks\u00fcdatiivne stress;<\/p>\n<p>Neurokognitiivsed parameetrid.<\/p>\n<p>Kasutades s\u00fcsteemibioloogilist l\u00e4henemist, hindab TruHealth rakkude funktsiooni kui omavahel seotud protsesside kogumit, mis on seotud pikaealisuse, immuuns\u00fcsteemi p\u00e4devuse, neuroloogilise funktsiooni ja ainevahetuse t\u00f5hususega.<\/p>\n<p>Unikaalsus:<br \/>\nUuringus kasutatakse patenteeritud anal\u00fc\u00fctilist metoodikat, mis v\u00f5imaldab:<br \/>\n\u2714\ufe0f Puuduste ja tasakaalustamatuse t\u00e4pne tuvastamine rakutasandil;<br \/>\n\u2714\ufe0f Individuaalsete sekkumiste v\u00e4ljat\u00f6\u00f6tamine konkreetsete biomarkerite tulemuste p\u00f5hjal;<br \/>\n\u2714\ufe0f Optimeerib toitumist, v\u00e4hendab toksiine, parandab unere\u017eiimi ja reguleerib ainevahetust.<\/p>\n<p>TruHealth on lahendus neile, kes otsivad s\u00fcstemaatilist ja p\u00f5hjalikku l\u00e4henemist tervise optimeerimiseks ja pikaajalise vastupidavuse s\u00e4ilitamiseks. Vajalik proov:<\/p>\n<p>Kuivatatud veretilk<\/p>\n<p>Keskmine t\u00f6\u00f6tlemisaeg:<\/p>\n<p>21 \u00b15 p\u00e4eva<\/p>","protected":false},"featured_media":36176,"comment_status":"open","ping_status":"closed","template":"","meta":{"_acf_changed":false},"product_brand":[],"product_cat":[97,75],"product_tag":[],"class_list":{"0":"post-36230","1":"product","2":"type-product","3":"status-publish","4":"has-post-thumbnail","6":"product_cat-tyrimai","7":"product_cat-sveikatos-testai","9":"first","10":"instock","11":"shipping-taxable","12":"purchasable","13":"product-type-simple"},"acf":[],"tiered_pricing_type":"fixed","tiered_pricing_fixed_rules":[],"tiered_pricing_product_settings":{"layout":"default","base_unit_name":{"singular":null,"plural":null},"default_variation":null},"tiered_pricing_minimum_quantity":null,"tiered_pricing_roles_data":[],"tiered_pricing_percentage_rules":[],"_links":{"self":[{"href":"https:\/\/purama.lt\/ee\/wp-json\/wp\/v2\/product\/36230","targetHints":{"allow":["GET"]}}],"collection":[{"href":"https:\/\/purama.lt\/ee\/wp-json\/wp\/v2\/product"}],"about":[{"href":"https:\/\/purama.lt\/ee\/wp-json\/wp\/v2\/types\/product"}],"replies":[{"embeddable":true,"href":"https:\/\/purama.lt\/ee\/wp-json\/wp\/v2\/comments?post=36230"}],"wp:featuredmedia":[{"embeddable":true,"href":"https:\/\/purama.lt\/ee\/wp-json\/wp\/v2\/media\/36176"}],"wp:attachment":[{"href":"https:\/\/purama.lt\/ee\/wp-json\/wp\/v2\/media?parent=36230"}],"wp:term":[{"taxonomy":"product_brand","embeddable":true,"href":"https:\/\/purama.lt\/ee\/wp-json\/wp\/v2\/product_brand?post=36230"},{"taxonomy":"product_cat","embeddable":true,"href":"https:\/\/purama.lt\/ee\/wp-json\/wp\/v2\/product_cat?post=36230"},{"taxonomy":"product_tag","embeddable":true,"href":"https:\/\/purama.lt\/ee\/wp-json\/wp\/v2\/product_tag?post=36230"}],"curies":[{"name":"wp","href":"https:\/\/api.w.org\/{rel}","templated":true}]}}