{"id":36229,"date":"2025-06-18T06:31:54","date_gmt":"2025-06-18T06:31:54","guid":{"rendered":"https:\/\/purama.lt\/produktas\/tikrasis-biologinis-amzius\/"},"modified":"2025-06-18T12:24:34","modified_gmt":"2025-06-18T12:24:34","slug":"tegelik-bioloogiline-vanus","status":"publish","type":"product","link":"https:\/\/purama.lt\/ee\/produktas\/tikrasis-biologinis-amzius\/","title":{"rendered":"T\u00f5eline bioloogiline vanus"},"content":{"rendered":"<p>See test aitab vastata bioloogilise vananemise p\u00f5hik\u00fcsimustele:<br>Minu passis on kirjas, et ma olen _ aastat vana, kuid kui vana on minu keha bioloogilises m\u00f5ttes?<\/p>\n\n\n\n<p>Milline on minu risk haigestuda vanusega seotud haigustesse?<\/p>\n\n\n\n<p>Vaadates biomarkereid j\u00f5udluse ja fitnessi kohta - kui vana ma f\u00fc\u00fcsiliselt olen?<\/p>\n\n\n\n<p>Milline on minu immuunrakkude kontsentratsioon ja kuidas see m\u00f5jutab minu bioloogilist vanust?<\/p>\n\n\n\n<p>Mitu aastat vananeb minu keha tegelikult \u00fche kalendriaasta jooksul?<\/p>\n\n\n\n<p>Milline on minu telomeeri pikkus ja mida see \u00fctleb mulle rakkude vananemise kohta?<\/p>\n\n\n\n<p>Kuidas m\u00f5jutab alkoholi tarbimine minu DNA ekspressiooni ja vananemisprotsesse?<\/p>\n\n\n\n<p>Kas minu epigeneetiline ekspressioon ennustab edu kaalulangetamisel kaloraa\u017ei v\u00e4hendamisega?<\/p>\n\n\n\n<p>Kuidas on minu eluaegne kokkupuude suitsetamisega m\u00f5jutanud minu geeniekspressiooni ja vananemisprotsessi?<\/p>\n\n\n\n<p>Mida ma saan teha, et parandada oma bioloogilisi vananemisn\u00e4itajaid?<\/p>","protected":false},"excerpt":{"rendered":"<p>TruAge Complete Collection on k\u00f5ige p\u00f5hjalikum epigeneetiline vananemisanal\u00fc\u00fcs, mis pakub laia valikut vananemisalgoritme ja biomarkerite anal\u00fc\u00fcse. Test annab p\u00f5hjaliku, mitmetasandilise hinnangu bioloogilise vananemise kohta, mis p\u00f5hineb rohkem kui 75 epigeneetilisel ja molekulaarsel markeril.<\/p>\n<p>Uuringus kasutatakse t\u00e4iustatud OMICm Age algoritmi, mis on v\u00e4lja t\u00f6\u00f6tatud koost\u00f6\u00f6s Harvardi meditsiinikooli Brighami ja Naiste Haigla teadlastega. See algoritm anal\u00fc\u00fcsib miljoneid DNA met\u00fcleerimiskohti, et m\u00e4\u00e4rata kindlaks t\u00e4pne bioloogiline vanus ja hinnata vanusega seotud haiguste riski.<\/p>\n<p>See aruanne sisaldab:<br \/>\nOMICm bioloogiline vanus<\/p>\n<p>Vanusega seotud haiguste ja t\u00fcsistuste risk<\/p>\n<p>Met\u00fc\u00fclimisriski skoorid valkude, metaboliitide ja kliiniliste markerite (epigeneetilised biomarkerid) jaoks.<\/p>\n<p>DunedinPACE vananemise kiiruse indeks<\/p>\n<p>Immuuns\u00fcsteemi vananemise m\u00e4\u00e4rad ja muud immuuns\u00fcsteemi funktsiooni ja kroonilise p\u00f5letiku parameetrid<\/p>\n<p>Telomeeri pikkus<\/p>\n<p>Epigeneetiline risk 2. t\u00fc\u00fcpi diabeedi ja p\u00f5letikuliste haiguste tekkeks<\/p>\n<p>Mitootiline kell t\u00fcvirakkude jagunemise intensiivsuse m\u00f5\u00f5tmiseks<\/p>\n<p>OMICm FitAge - epigeneetiliselt arvutatud \"f\u00fc\u00fcsiline vanus\".<\/p>\n<p>Suitsetamise ja alkoholitarbimisega seotud epigeneetilised riskid<\/p>\n<p>Epigeneetiline vastus kehakaalu langetamise strateegiatele<\/p>\n<p>Sisemine ja v\u00e4line vanus<\/p>\n<p>SYMPHONYAge - kombineeritud vanuseindikaator, mis integreerib erinevaid biomarkereid.<\/p>\n<p>Lisaks v\u00f5imaldab aruanne modelleerida, kuidas teie risk vanusega seotud haiguste tekkeks muutuks, kui teie bioloogiline vanus v\u00e4heneks v\u00f5i suureneks \u00fche v\u00f5i mitme aasta v\u00f5rra.TruAge Complete on ideaalne valik neile, kes soovivad t\u00e4pselt hinnata oma praegust bioloogilist vananemist ja saada p\u00f5hjaliku anal\u00fc\u00fcsi konkreetsete vanusega seotud biomarkerite kohta. Test aitab tuvastada need kehalised protsessid, mis vajavad t\u00e4iendavat toetust, ning v\u00f5imaldab teha teadlikke otsuseid toitumise, kehalise aktiivsuse v\u00f5i muude elustiili muutuste kohta.<\/p>","protected":false},"featured_media":36171,"comment_status":"open","ping_status":"closed","template":"","meta":{"_acf_changed":false},"product_brand":[],"product_cat":[97,75],"product_tag":[],"class_list":{"0":"post-36229","1":"product","2":"type-product","3":"status-publish","4":"has-post-thumbnail","6":"product_cat-tyrimai","7":"product_cat-sveikatos-testai","9":"first","10":"instock","11":"shipping-taxable","12":"purchasable","13":"product-type-simple"},"acf":[],"tiered_pricing_type":"fixed","tiered_pricing_fixed_rules":[],"tiered_pricing_product_settings":{"layout":"default","base_unit_name":{"singular":null,"plural":null},"default_variation":null},"tiered_pricing_minimum_quantity":null,"tiered_pricing_roles_data":[],"tiered_pricing_percentage_rules":[],"_links":{"self":[{"href":"https:\/\/purama.lt\/ee\/wp-json\/wp\/v2\/product\/36229","targetHints":{"allow":["GET"]}}],"collection":[{"href":"https:\/\/purama.lt\/ee\/wp-json\/wp\/v2\/product"}],"about":[{"href":"https:\/\/purama.lt\/ee\/wp-json\/wp\/v2\/types\/product"}],"replies":[{"embeddable":true,"href":"https:\/\/purama.lt\/ee\/wp-json\/wp\/v2\/comments?post=36229"}],"wp:featuredmedia":[{"embeddable":true,"href":"https:\/\/purama.lt\/ee\/wp-json\/wp\/v2\/media\/36171"}],"wp:attachment":[{"href":"https:\/\/purama.lt\/ee\/wp-json\/wp\/v2\/media?parent=36229"}],"wp:term":[{"taxonomy":"product_brand","embeddable":true,"href":"https:\/\/purama.lt\/ee\/wp-json\/wp\/v2\/product_brand?post=36229"},{"taxonomy":"product_cat","embeddable":true,"href":"https:\/\/purama.lt\/ee\/wp-json\/wp\/v2\/product_cat?post=36229"},{"taxonomy":"product_tag","embeddable":true,"href":"https:\/\/purama.lt\/ee\/wp-json\/wp\/v2\/product_tag?post=36229"}],"curies":[{"name":"wp","href":"https:\/\/api.w.org\/{rel}","templated":true}]}}