{"id":36228,"date":"2025-06-18T06:31:54","date_gmt":"2025-06-18T06:31:54","guid":{"rendered":"https:\/\/purama.lt\/produktas\/dnr-odos-testas\/"},"modified":"2025-06-18T12:27:30","modified_gmt":"2025-06-18T12:27:30","slug":"dnr-nahatest","status":"publish","type":"product","link":"https:\/\/purama.lt\/ee\/produktas\/dnr-odos-testas\/","title":{"rendered":"DNA nahatest"},"content":{"rendered":"","protected":false},"excerpt":{"rendered":"<p>Nahahoolduse tulevik seisneb individuaalses ravistrateegias, mis p\u00f5hineb teie individuaalsel biokeemial ja geneetilisel p\u00e4randil. \u201eDNA Skin\u201c anal\u00fc\u00fcsib 18 geeni erinevusi, mis on seotud j\u00e4rgmiste naha tervise ja vananemise v\u00f5tmevaldkondadega: kollageeni moodustamine, kaitse p\u00e4ikese ja UV-kiirguse eest, p\u00f5letik ja kaitse oks\u00fcdatiivse stressi eest. DNA Skin-testi andmete p\u00f5hjal saab teha personaalseid soovitusi elustiili, toitumise, toitumise ja kosmeetika kohta, et parandada naha hooldust ja v\u00e4hendada n\u00e4htavaid vananemise m\u00e4rke. Testi t\u00fc\u00fcp:<\/p>\n<p>DNA: geen, nahk<\/p>\n<p>Vajalik on proovi v\u00f5tmine:<\/p>\n<p>DNALife'i veretilkade kaart<\/p>\n<p>Keskmine t\u00f6\u00f6tlemisaeg:<\/p>\n<p>18.-21. p\u00e4ev<\/p>\n<p>Privaatsuspoliitika:<\/p>\n<p>DNA ja originaalproov h\u00e4vitatakse 3 kuu p\u00e4rast, seega ei ole proovidel nimesid ega muid tunnuseid. Proove anal\u00fc\u00fcsitakse ainult DNALife'i testides sisalduvate SNP-de suhtes ning muid teste v\u00f5i anal\u00fc\u00fcse ei tehta ilma patsiendi eriloata. Me ei anna ega m\u00fc\u00fc tulemusi kolmandatele isikutele.<\/p>","protected":false},"featured_media":36192,"comment_status":"open","ping_status":"closed","template":"","meta":{"_acf_changed":false},"product_brand":[],"product_cat":[97,75],"product_tag":[],"class_list":{"0":"post-36228","1":"product","2":"type-product","3":"status-publish","4":"has-post-thumbnail","6":"product_cat-tyrimai","7":"product_cat-sveikatos-testai","9":"first","10":"instock","11":"shipping-taxable","12":"purchasable","13":"product-type-simple"},"acf":[],"tiered_pricing_type":"fixed","tiered_pricing_fixed_rules":[],"tiered_pricing_product_settings":{"layout":"default","base_unit_name":{"singular":null,"plural":null},"default_variation":null},"tiered_pricing_minimum_quantity":null,"tiered_pricing_roles_data":[],"tiered_pricing_percentage_rules":[],"_links":{"self":[{"href":"https:\/\/purama.lt\/ee\/wp-json\/wp\/v2\/product\/36228","targetHints":{"allow":["GET"]}}],"collection":[{"href":"https:\/\/purama.lt\/ee\/wp-json\/wp\/v2\/product"}],"about":[{"href":"https:\/\/purama.lt\/ee\/wp-json\/wp\/v2\/types\/product"}],"replies":[{"embeddable":true,"href":"https:\/\/purama.lt\/ee\/wp-json\/wp\/v2\/comments?post=36228"}],"wp:featuredmedia":[{"embeddable":true,"href":"https:\/\/purama.lt\/ee\/wp-json\/wp\/v2\/media\/36192"}],"wp:attachment":[{"href":"https:\/\/purama.lt\/ee\/wp-json\/wp\/v2\/media?parent=36228"}],"wp:term":[{"taxonomy":"product_brand","embeddable":true,"href":"https:\/\/purama.lt\/ee\/wp-json\/wp\/v2\/product_brand?post=36228"},{"taxonomy":"product_cat","embeddable":true,"href":"https:\/\/purama.lt\/ee\/wp-json\/wp\/v2\/product_cat?post=36228"},{"taxonomy":"product_tag","embeddable":true,"href":"https:\/\/purama.lt\/ee\/wp-json\/wp\/v2\/product_tag?post=36228"}],"curies":[{"name":"wp","href":"https:\/\/api.w.org\/{rel}","templated":true}]}}