{"id":36227,"date":"2025-06-18T06:31:54","date_gmt":"2025-06-18T06:31:54","guid":{"rendered":"https:\/\/purama.lt\/produktas\/dnr-hormonu-testas\/"},"modified":"2025-06-18T12:26:43","modified_gmt":"2025-06-18T12:26:43","slug":"dnr-hormoontest","status":"publish","type":"product","link":"https:\/\/purama.lt\/ee\/produktas\/dnr-hormonu-testas\/","title":{"rendered":"DNA hormoontest"},"content":{"rendered":"<p>Aruandes antakse individuaalseid soovitusi, kuidas s\u00e4ilitada hormonaalset tasakaalu ja vastupidavust, et saavutada optimaalne tervis nii praegu kui ka pikas perspektiivis.<br>Katse t\u00fc\u00fcp:<\/p>\n\n\n\n<p>Test sobib neile, kes kannatavad hormoonh\u00e4irete all v\u00f5i kellel on perekonnas esinenud hormoonh\u00e4ireid v\u00f5i kellel on s\u00fcmptomeid, mis v\u00f5ivad olla seotud hormonaalse ainevahetuse tasakaalustamatusega. Hormoonh\u00e4irete hulka kuuluvad endometrioos ja pol\u00fcts\u00fcstiliste munasarjade s\u00fcndroom (PCOS), (sub)viljakus, varajane menopaus ja suurenenud menopausis\u00fcmptomid, luutervise h\u00e4ired, tromboos, samuti rinna-, munasarja- ja eesn\u00e4\u00e4rmev\u00e4hk.<br>Test on kasulik ka neile, kes kasutavad v\u00f5i kaaluvad hormoonravi (rasestumisvastane v\u00f5i asendusravi), et hinnata v\u00f5imalikku vereh\u00fc\u00fcbimisohtu ja tagada, et detoksikatsiooniprotsessid oleksid optimaalselt toetatud.<\/p>\n\n\n\n<p>Vajalik on proovi v\u00f5tmine:<\/p>\n\n\n\n<p>Tilk verd<\/p>\n\n\n\n<p>Keskmine t\u00f6\u00f6tlemisaeg:<\/p>\n\n\n\n<p>18.-21. p\u00e4ev<\/p>\n\n\n\n<p>Privaatsuspoliitika:<\/p>\n\n\n\n<p>DNA ja originaalproovide materjal h\u00e4vitatakse 3 kuu p\u00e4rast, seega ei ole proovidel nimesid ega muid tunnuseid. Proove anal\u00fc\u00fcsitakse ainult DNALife'i testides sisalduvate SNP-de suhtes ning muid teste v\u00f5i anal\u00fc\u00fcse ei tehta ilma patsiendi eriloata. Me ei anna ega m\u00fc\u00fc tulemusi kolmandatele isikutele.<\/p>","protected":false},"excerpt":{"rendered":"<p>DNA Hormone Test on p\u00f5hjalik nutrigeniline test, mis anal\u00fc\u00fcsib suguhormoonide ainevahetuse ja detoksikatsiooniga seotud geenivariante. See test aitab hinnata hormoonide tasakaalustamatuse riski, mis v\u00f5ib m\u00f5jutada nii mehi kui ka naisi. Tegemist on DNA-\u00f6strogeenitesti t\u00e4iustatud versiooniga, mis h\u00f5lmab laiemat hulka hormoone ja nende lagunemisprotsesse.<\/p>\n<p>Test anal\u00fc\u00fcsib geneetilisi markereid, mis m\u00f5jutavad steroidhormoonide, nagu \u00f6strogeen, progesteroon ja testosteroon, tootmist, muundamist, toimet ja detoksikatsiooni. Need protsessid on tihedalt seotud paljude terviseh\u00e4irete tekkimise ja progresseerumisega.<\/p>\n<p>Kellele soovitatakse seda testi teha:<br \/>\n\u2714\ufe0f Inimestele, kes kannatavad hormonaalse tasakaalustamatuse all;<br \/>\n\u2714\ufe0f Neile, kellel on perekonnas esinenud hormonaalseid h\u00e4ireid v\u00f5i nendega seotud haigusi;<br \/>\n\u2714\ufe0f Neile, kellel on s\u00fcmptomeid, mis v\u00f5ivad olla seotud hormoonide h\u00e4iretega.<\/p>\n<p>Hormonaalne tasakaalustamatus v\u00f5ib neid tingimusi m\u00f5jutada:<br \/>\n- Endometrioos ja pol\u00fcts\u00fcstiliste munasarjade s\u00fcndroom (PCOS);<br \/>\n- (Viljatus)v\u00f5imetus, varajane menopaus, rasked menopausis\u00fcmptomid;<br \/>\n- V\u00e4henenud luutihedus ja osteoporoos;<br \/>\n- Trombi moodustumine;<br \/>\n- Rinna-, munasarja- ja eesn\u00e4\u00e4rmev\u00e4hk.<\/p>\n<p>Test on kasulik ka neile, kes:<br \/>\n- Kasutate v\u00f5i kavatsete kasutada hormonaalset ravi (rasestumisvastased vahendid v\u00f5i asendusravi);<br \/>\n- Te soovite hinnata v\u00f5imalikku vereh\u00fc\u00fcbimisohtu ja hormoonide detoksikatsiooni t\u00f5husust.<\/p>\n<p>Miks on see oluline?<\/p>\n<p>Eeldatava eluea pikenemine, keskkonnakoormus (suurenenud \u00f6strogeeni tase, k\u00f5rgem kehamassiindeks, kantserogeenid, istuv eluviis) ja geneetilised erinevused v\u00f5ivad \u00fcheskoos p\u00f5hjustada hormonaalse ainevahetuse tasakaalustamatust. S\u00f5ltuvalt inimese eluetapist ja geneetilisest taustast v\u00f5ib keha \u201evalida\u201c hormoonide s\u00fcnteesi ja lagundamise jaoks erinevaid radu, mis m\u00f5nikord muutuvad tervisele v\u00e4hem soodsaks. See suurendab hormoonidega seotud haiguste riski.<\/p>\n<p>Teie geneetiliste tegurite tundmine v\u00f5imaldab teil:<br \/>\n\u2714\ufe0f Hormoonide tasakaalustamatuse t\u00e4psem tuvastamine;<br \/>\n\u2714\ufe0f Valige individuaalsed sekkumised - toitumis-, elustiili- ja hormonaalsed sekkumised;<br \/>\n\u2714\ufe0f Parandada heaolu, v\u00e4hendada haiguste riski ja suurendada tervena elatud eluiga.<\/p>","protected":false},"featured_media":36182,"comment_status":"open","ping_status":"closed","template":"","meta":{"_acf_changed":false},"product_brand":[],"product_cat":[97,75],"product_tag":[],"class_list":{"0":"post-36227","1":"product","2":"type-product","3":"status-publish","4":"has-post-thumbnail","6":"product_cat-tyrimai","7":"product_cat-sveikatos-testai","9":"first","10":"instock","11":"shipping-taxable","12":"purchasable","13":"product-type-simple"},"acf":[],"tiered_pricing_type":"fixed","tiered_pricing_fixed_rules":[],"tiered_pricing_product_settings":{"layout":"default","base_unit_name":{"singular":null,"plural":null},"default_variation":null},"tiered_pricing_minimum_quantity":null,"tiered_pricing_roles_data":[],"tiered_pricing_percentage_rules":[],"_links":{"self":[{"href":"https:\/\/purama.lt\/ee\/wp-json\/wp\/v2\/product\/36227","targetHints":{"allow":["GET"]}}],"collection":[{"href":"https:\/\/purama.lt\/ee\/wp-json\/wp\/v2\/product"}],"about":[{"href":"https:\/\/purama.lt\/ee\/wp-json\/wp\/v2\/types\/product"}],"replies":[{"embeddable":true,"href":"https:\/\/purama.lt\/ee\/wp-json\/wp\/v2\/comments?post=36227"}],"wp:featuredmedia":[{"embeddable":true,"href":"https:\/\/purama.lt\/ee\/wp-json\/wp\/v2\/media\/36182"}],"wp:attachment":[{"href":"https:\/\/purama.lt\/ee\/wp-json\/wp\/v2\/media?parent=36227"}],"wp:term":[{"taxonomy":"product_brand","embeddable":true,"href":"https:\/\/purama.lt\/ee\/wp-json\/wp\/v2\/product_brand?post=36227"},{"taxonomy":"product_cat","embeddable":true,"href":"https:\/\/purama.lt\/ee\/wp-json\/wp\/v2\/product_cat?post=36227"},{"taxonomy":"product_tag","embeddable":true,"href":"https:\/\/purama.lt\/ee\/wp-json\/wp\/v2\/product_tag?post=36227"}],"curies":[{"name":"wp","href":"https:\/\/api.w.org\/{rel}","templated":true}]}}