{"id":36226,"date":"2025-06-18T06:31:54","date_gmt":"2025-06-18T06:31:54","guid":{"rendered":"https:\/\/purama.lt\/produktas\/putojantis-veido-prausiklis\/"},"modified":"2026-04-15T08:02:05","modified_gmt":"2026-04-15T06:02:05","slug":"vahutav-naopuhastusvahend","status":"publish","type":"product","link":"https:\/\/purama.lt\/ee\/produktas\/putojantis-veido-prausiklis\/","title":{"rendered":"Vahutav n\u00e4opesu"},"content":{"rendered":"","protected":false},"excerpt":{"rendered":"<p>Rikkalik, vahutav n\u00e4opuhastusvahend, mis eemaldab \u00f5rnalt, kuid t\u00f5husalt naha pinnalt mustuse, liigse rasu ja j\u00e4\u00e4gid. Rikastatud niisutavate ainetega, mis ei kahjusta nahabarj\u00e4\u00e4ri.<\/p>\n<p><strong>Miks valida:<\/strong><br \/>\n\u2714\ufe0f V\u00e4rskendab ja puhastab ilma kuivatamata.<br \/>\n\u2714\ufe0f Loob pehme ja tiheda vahu<br \/>\n\u2714\ufe0f Sobib igap\u00e4evaseks kasutamiseks<br \/>\n\u2714\ufe0f Eemaldab suurep\u00e4raselt linnareostuse ja meigij\u00e4\u00e4gid<\/p>","protected":false},"featured_media":0,"comment_status":"open","ping_status":"closed","template":"","meta":{"_acf_changed":false},"product_brand":[],"product_cat":[92,150,59],"product_tag":[],"class_list":{"0":"post-36226","1":"product","2":"type-product","3":"status-publish","5":"product_cat-groziui","6":"product_cat-veido-prausikliai","7":"product_cat-veidui","9":"first","10":"instock","11":"shipping-taxable","12":"purchasable","13":"product-type-simple"},"acf":[],"tiered_pricing_type":"fixed","tiered_pricing_fixed_rules":[],"tiered_pricing_product_settings":{"layout":"default","base_unit_name":{"singular":null,"plural":null},"default_variation":null},"tiered_pricing_minimum_quantity":null,"tiered_pricing_roles_data":[],"tiered_pricing_percentage_rules":[],"_links":{"self":[{"href":"https:\/\/purama.lt\/ee\/wp-json\/wp\/v2\/product\/36226","targetHints":{"allow":["GET"]}}],"collection":[{"href":"https:\/\/purama.lt\/ee\/wp-json\/wp\/v2\/product"}],"about":[{"href":"https:\/\/purama.lt\/ee\/wp-json\/wp\/v2\/types\/product"}],"replies":[{"embeddable":true,"href":"https:\/\/purama.lt\/ee\/wp-json\/wp\/v2\/comments?post=36226"}],"wp:attachment":[{"href":"https:\/\/purama.lt\/ee\/wp-json\/wp\/v2\/media?parent=36226"}],"wp:term":[{"taxonomy":"product_brand","embeddable":true,"href":"https:\/\/purama.lt\/ee\/wp-json\/wp\/v2\/product_brand?post=36226"},{"taxonomy":"product_cat","embeddable":true,"href":"https:\/\/purama.lt\/ee\/wp-json\/wp\/v2\/product_cat?post=36226"},{"taxonomy":"product_tag","embeddable":true,"href":"https:\/\/purama.lt\/ee\/wp-json\/wp\/v2\/product_tag?post=36226"}],"curies":[{"name":"wp","href":"https:\/\/api.w.org\/{rel}","templated":true}]}}