{"id":36212,"date":"2025-06-18T06:31:51","date_gmt":"2025-06-18T06:31:51","guid":{"rendered":"https:\/\/purama.lt\/produktas\/skystasis-gudobeliu-ekstraktas-be-alkoholio\/"},"modified":"2026-03-24T16:55:41","modified_gmt":"2026-03-24T14:55:41","slug":"alkoholivaba-vedela-orasrohu-ekstrakt","status":"publish","type":"product","link":"https:\/\/purama.lt\/ee\/produktas\/skystasis-gudobeliu-ekstraktas-be-alkoholio\/","title":{"rendered":"Tervisep\u00e4ev Alkoholivaba vedela orasrohu ekstrakt"},"content":{"rendered":"","protected":false},"excerpt":{"rendered":"<p><strong>Tere Alkoholivaba vedela orasrohu ekstrakt:<\/strong> Hawthorni ekstrakt vedelal kujul - s\u00fcdamefunktsiooni ja emotsionaalse tasakaalu jaoks. Alkoholivaba, sobib pikaajaliseks kasutamiseks.<\/p>\n<p><strong>Miks valida:<\/strong><br \/>\n\u2714 Toetab s\u00fcdame l\u00f6\u00f6gisagedust ja verer\u00f5hku<br \/>\n\u2714 Rahustav m\u00f5ju<br \/>\n\u2714 Sobib tundlikele kasutajatele<\/p>","protected":false},"featured_media":36181,"comment_status":"open","ping_status":"closed","template":"","meta":{"_acf_changed":false},"product_brand":[458],"product_cat":[123,259,256,258,270,269],"product_tag":[],"class_list":{"0":"post-36212","1":"product","2":"type-product","3":"status-publish","4":"has-post-thumbnail","6":"product_brand-sveikadienis","7":"product_cat-papildai-ilgaamziskumui","8":"product_cat-nuotaika-ir-stresas","9":"product_cat-smegenims-ir-atminciai","10":"product_cat-smegenu-apsauga","11":"product_cat-streso-mazinimas","12":"product_cat-stresui-ir-miegui","14":"first","15":"instock","16":"shipping-taxable","17":"purchasable","18":"product-type-simple"},"acf":[],"tiered_pricing_type":"fixed","tiered_pricing_fixed_rules":[],"tiered_pricing_product_settings":{"layout":"default","base_unit_name":{"singular":null,"plural":null},"default_variation":null},"tiered_pricing_minimum_quantity":null,"tiered_pricing_roles_data":[],"tiered_pricing_percentage_rules":[],"_links":{"self":[{"href":"https:\/\/purama.lt\/ee\/wp-json\/wp\/v2\/product\/36212","targetHints":{"allow":["GET"]}}],"collection":[{"href":"https:\/\/purama.lt\/ee\/wp-json\/wp\/v2\/product"}],"about":[{"href":"https:\/\/purama.lt\/ee\/wp-json\/wp\/v2\/types\/product"}],"replies":[{"embeddable":true,"href":"https:\/\/purama.lt\/ee\/wp-json\/wp\/v2\/comments?post=36212"}],"wp:featuredmedia":[{"embeddable":true,"href":"https:\/\/purama.lt\/ee\/wp-json\/wp\/v2\/media\/36181"}],"wp:attachment":[{"href":"https:\/\/purama.lt\/ee\/wp-json\/wp\/v2\/media?parent=36212"}],"wp:term":[{"taxonomy":"product_brand","embeddable":true,"href":"https:\/\/purama.lt\/ee\/wp-json\/wp\/v2\/product_brand?post=36212"},{"taxonomy":"product_cat","embeddable":true,"href":"https:\/\/purama.lt\/ee\/wp-json\/wp\/v2\/product_cat?post=36212"},{"taxonomy":"product_tag","embeddable":true,"href":"https:\/\/purama.lt\/ee\/wp-json\/wp\/v2\/product_tag?post=36212"}],"curies":[{"name":"wp","href":"https:\/\/api.w.org\/{rel}","templated":true}]}}