{"id":36211,"date":"2025-06-18T06:31:51","date_gmt":"2025-06-18T06:31:51","guid":{"rendered":"https:\/\/purama.lt\/produktas\/skystasis-pusu-spygliu-ekstraktas-be-alkoholio\/"},"modified":"2026-03-24T16:55:02","modified_gmt":"2026-03-24T14:55:02","slug":"alkoholivaba-pooleldi-okaspuude-vedel-ekstrakt","status":"publish","type":"product","link":"https:\/\/purama.lt\/ee\/produktas\/skystasis-pusu-spygliu-ekstraktas-be-alkoholio\/","title":{"rendered":"Tervisep\u00e4ev Alkoholivaba vedel m\u00e4nni\u00f5ie ekstrakt"},"content":{"rendered":"","protected":false},"excerpt":{"rendered":"<p><strong>Terve p\u00e4ev Vedel m\u00e4nnko ekstrakt alkoholivaba:<\/strong> M\u00e4nnin\u00f5elte ekstrakt on loomulik viis t\u00e4iendada oma keha vitamiinide ja flavonoididega. Sobib hingamisteede ja immuunsuse toetamiseks.<\/p>\n<p><strong>Miks valida:<\/strong><br \/>\n\u2714 Loodusliku C-vitamiiniga<br \/>\n\u2714 Sobib kasutamiseks koos sooja vee v\u00f5i teega<br \/>\n\u2714 Alkoholi- ja lisaainevaba<\/p>","protected":false},"featured_media":36184,"comment_status":"open","ping_status":"closed","template":"","meta":{"_acf_changed":false},"product_brand":[458],"product_cat":[123,251,252,122,250],"product_tag":[],"class_list":{"0":"post-36211","1":"product","2":"type-product","3":"status-publish","4":"has-post-thumbnail","6":"product_brand-sveikadienis","7":"product_cat-papildai-ilgaamziskumui","8":"product_cat-antioksidantai","9":"product_cat-imunitetui","10":"product_cat-lasteliu-jaunystei","11":"product_cat-telomeru-ir-dnr-apsauga","13":"first","14":"instock","15":"shipping-taxable","16":"purchasable","17":"product-type-simple"},"acf":[],"tiered_pricing_type":"fixed","tiered_pricing_fixed_rules":[],"tiered_pricing_product_settings":{"layout":"default","base_unit_name":{"singular":null,"plural":null},"default_variation":null},"tiered_pricing_minimum_quantity":null,"tiered_pricing_roles_data":[],"tiered_pricing_percentage_rules":[],"_links":{"self":[{"href":"https:\/\/purama.lt\/ee\/wp-json\/wp\/v2\/product\/36211","targetHints":{"allow":["GET"]}}],"collection":[{"href":"https:\/\/purama.lt\/ee\/wp-json\/wp\/v2\/product"}],"about":[{"href":"https:\/\/purama.lt\/ee\/wp-json\/wp\/v2\/types\/product"}],"replies":[{"embeddable":true,"href":"https:\/\/purama.lt\/ee\/wp-json\/wp\/v2\/comments?post=36211"}],"wp:featuredmedia":[{"embeddable":true,"href":"https:\/\/purama.lt\/ee\/wp-json\/wp\/v2\/media\/36184"}],"wp:attachment":[{"href":"https:\/\/purama.lt\/ee\/wp-json\/wp\/v2\/media?parent=36211"}],"wp:term":[{"taxonomy":"product_brand","embeddable":true,"href":"https:\/\/purama.lt\/ee\/wp-json\/wp\/v2\/product_brand?post=36211"},{"taxonomy":"product_cat","embeddable":true,"href":"https:\/\/purama.lt\/ee\/wp-json\/wp\/v2\/product_cat?post=36211"},{"taxonomy":"product_tag","embeddable":true,"href":"https:\/\/purama.lt\/ee\/wp-json\/wp\/v2\/product_tag?post=36211"}],"curies":[{"name":"wp","href":"https:\/\/api.w.org\/{rel}","templated":true}]}}