{"id":36207,"date":"2025-06-18T06:31:50","date_gmt":"2025-06-18T06:31:50","guid":{"rendered":"https:\/\/purama.lt\/produktas\/juodgrudes-seklos-veganiskose-kapsulese\/"},"modified":"2026-03-24T17:01:26","modified_gmt":"2026-03-24T15:01:26","slug":"mustsostra-lambalaats-vegan-kapslites","status":"publish","type":"product","link":"https:\/\/purama.lt\/ee\/produktas\/juodgrudes-seklos-veganiskose-kapsulese\/","title":{"rendered":"Tervisep\u00e4ev k\u00f6\u00f6mne seemned vegan kapslites"},"content":{"rendered":"","protected":false},"excerpt":{"rendered":"<p><strong>Terved p\u00e4evad Mustk\u00f6\u00f6mne seemned vegan kapslites:<\/strong> K\u00f6\u00f6mned (Nigella sativa) on v\u00f5imas looduslik ravim, mis on tuntud oma p\u00f5letikuvastaste ja immuuns\u00fcsteemi tugevdavate omaduste poolest.<\/p>\n<p><strong>Miks valida:<\/strong><br \/>\n\u2714 T\u00fcmokinooniga, mis on seemnete aktiivne koostisosa.<br \/>\n\u2714 Toetab hingamisteede ja immuuns\u00fcsteemi<br \/>\n\u2714 Sobib igap\u00e4evaseks kasutamiseks<\/p>","protected":false},"featured_media":36167,"comment_status":"open","ping_status":"closed","template":"","meta":{"_acf_changed":false},"product_brand":[458],"product_cat":[252,251,122,123,256,258,254],"product_tag":[],"class_list":{"0":"post-36207","1":"product","2":"type-product","3":"status-publish","4":"has-post-thumbnail","6":"product_brand-sveikadienis","7":"product_cat-imunitetui","8":"product_cat-antioksidantai","9":"product_cat-lasteliu-jaunystei","10":"product_cat-papildai-ilgaamziskumui","11":"product_cat-smegenims-ir-atminciai","12":"product_cat-smegenu-apsauga","13":"product_cat-uzdegimo-mazinimas","15":"first","16":"instock","17":"shipping-taxable","18":"purchasable","19":"product-type-simple"},"acf":[],"tiered_pricing_type":"fixed","tiered_pricing_fixed_rules":[],"tiered_pricing_product_settings":{"layout":"default","base_unit_name":{"singular":null,"plural":null},"default_variation":null},"tiered_pricing_minimum_quantity":null,"tiered_pricing_roles_data":[],"tiered_pricing_percentage_rules":[],"_links":{"self":[{"href":"https:\/\/purama.lt\/ee\/wp-json\/wp\/v2\/product\/36207","targetHints":{"allow":["GET"]}}],"collection":[{"href":"https:\/\/purama.lt\/ee\/wp-json\/wp\/v2\/product"}],"about":[{"href":"https:\/\/purama.lt\/ee\/wp-json\/wp\/v2\/types\/product"}],"replies":[{"embeddable":true,"href":"https:\/\/purama.lt\/ee\/wp-json\/wp\/v2\/comments?post=36207"}],"wp:featuredmedia":[{"embeddable":true,"href":"https:\/\/purama.lt\/ee\/wp-json\/wp\/v2\/media\/36167"}],"wp:attachment":[{"href":"https:\/\/purama.lt\/ee\/wp-json\/wp\/v2\/media?parent=36207"}],"wp:term":[{"taxonomy":"product_brand","embeddable":true,"href":"https:\/\/purama.lt\/ee\/wp-json\/wp\/v2\/product_brand?post=36207"},{"taxonomy":"product_cat","embeddable":true,"href":"https:\/\/purama.lt\/ee\/wp-json\/wp\/v2\/product_cat?post=36207"},{"taxonomy":"product_tag","embeddable":true,"href":"https:\/\/purama.lt\/ee\/wp-json\/wp\/v2\/product_tag?post=36207"}],"curies":[{"name":"wp","href":"https:\/\/api.w.org\/{rel}","templated":true}]}}