{"id":36203,"date":"2025-06-18T06:31:50","date_gmt":"2025-06-18T06:31:50","guid":{"rendered":"https:\/\/purama.lt\/produktas\/shiitake-grybas-veganiskose-kapsulese\/"},"modified":"2026-03-24T16:57:43","modified_gmt":"2026-03-24T14:57:43","slug":"shiitake-seen-vegan-kapslites","status":"publish","type":"product","link":"https:\/\/purama.lt\/ee\/produktas\/shiitake-grybas-veganiskose-kapsulese\/","title":{"rendered":"Tere Shiitake seen vegan kapslites"},"content":{"rendered":"","protected":false},"excerpt":{"rendered":"<p><strong>Terviseallikas Shiitake seen vegan kapslites:<\/strong> Shiitake (Lentinula edodes) on \u00fcks maailma k\u00f5ige hinnatumad seened oma immunomoduleerivate omaduste poolest. Nad on rikkad lentinani, B-vitamiinide ja looduslike pol\u00fcsahhariidide poolest.<\/p>\n<p><strong>Miks valida:<\/strong><br \/>\n\u2714 Toetab immuuns\u00fcsteemi<br \/>\n\u2714 Looduslikud beetagl\u00fckaanid ja B-vitamiinid<br \/>\n\u2714 Vegan, h\u00f5lpsasti manustatavad kapslid<\/p>","protected":false},"featured_media":36166,"comment_status":"open","ping_status":"closed","template":"","meta":{"_acf_changed":false},"product_brand":[458],"product_cat":[123,251,252,122],"product_tag":[],"class_list":{"0":"post-36203","1":"product","2":"type-product","3":"status-publish","4":"has-post-thumbnail","6":"product_brand-sveikadienis","7":"product_cat-papildai-ilgaamziskumui","8":"product_cat-antioksidantai","9":"product_cat-imunitetui","10":"product_cat-lasteliu-jaunystei","12":"first","13":"instock","14":"shipping-taxable","15":"purchasable","16":"product-type-simple"},"acf":[],"tiered_pricing_type":"fixed","tiered_pricing_fixed_rules":[],"tiered_pricing_product_settings":{"layout":"default","base_unit_name":{"singular":null,"plural":null},"default_variation":null},"tiered_pricing_minimum_quantity":null,"tiered_pricing_roles_data":[],"tiered_pricing_percentage_rules":[],"_links":{"self":[{"href":"https:\/\/purama.lt\/ee\/wp-json\/wp\/v2\/product\/36203","targetHints":{"allow":["GET"]}}],"collection":[{"href":"https:\/\/purama.lt\/ee\/wp-json\/wp\/v2\/product"}],"about":[{"href":"https:\/\/purama.lt\/ee\/wp-json\/wp\/v2\/types\/product"}],"replies":[{"embeddable":true,"href":"https:\/\/purama.lt\/ee\/wp-json\/wp\/v2\/comments?post=36203"}],"wp:featuredmedia":[{"embeddable":true,"href":"https:\/\/purama.lt\/ee\/wp-json\/wp\/v2\/media\/36166"}],"wp:attachment":[{"href":"https:\/\/purama.lt\/ee\/wp-json\/wp\/v2\/media?parent=36203"}],"wp:term":[{"taxonomy":"product_brand","embeddable":true,"href":"https:\/\/purama.lt\/ee\/wp-json\/wp\/v2\/product_brand?post=36203"},{"taxonomy":"product_cat","embeddable":true,"href":"https:\/\/purama.lt\/ee\/wp-json\/wp\/v2\/product_cat?post=36203"},{"taxonomy":"product_tag","embeddable":true,"href":"https:\/\/purama.lt\/ee\/wp-json\/wp\/v2\/product_tag?post=36203"}],"curies":[{"name":"wp","href":"https:\/\/api.w.org\/{rel}","templated":true}]}}