{"id":36200,"date":"2025-06-18T06:31:49","date_gmt":"2025-06-18T06:31:49","guid":{"rendered":"https:\/\/purama.lt\/produktas\/spanguoles-veganiskose-kapsulese\/"},"modified":"2026-03-24T17:05:10","modified_gmt":"2026-03-24T15:05:10","slug":"johvikad-vegan-kapslites","status":"publish","type":"product","link":"https:\/\/purama.lt\/ee\/produktas\/spanguoles-veganiskose-kapsulese\/","title":{"rendered":"J\u00f5hvikad vegan kapslites"},"content":{"rendered":"","protected":false},"excerpt":{"rendered":"<p><strong>Tere m\u00e4nni n\u00f5elapulber:<\/strong> J\u00f5hvikad on looduslik antioks\u00fcdantide ja proantots\u00fcanidiinide allikas, mis on eriti hinnatud nende m\u00f5ju t\u00f5ttu kuseteedele. Kapseldatud vorm v\u00f5imaldab mugavalt tarbida suurema kontsentratsiooniga toimeaineid ilma t\u00e4iendava suhkru v\u00f5i lisaaineteta.<\/p>\n<p>Miks valida:<br \/>\n\u2714 Puhas j\u00f5hvikaekstrakt kapslites<br \/>\n\u2714 Toetab kuseteede tervist<br \/>\n\u2714 Sobib igap\u00e4evaseks kasutamiseks<br \/>\n\u2714 Vegan, suhkruvaba<\/p>","protected":false},"featured_media":36161,"comment_status":"open","ping_status":"closed","template":"","meta":{"_acf_changed":false},"product_brand":[458],"product_cat":[123,251,122,265],"product_tag":[],"class_list":{"0":"post-36200","1":"product","2":"type-product","3":"status-publish","4":"has-post-thumbnail","6":"product_brand-sveikadienis","7":"product_cat-papildai-ilgaamziskumui","8":"product_cat-antioksidantai","9":"product_cat-lasteliu-jaunystei","10":"product_cat-zarnynas-ir-mikrobioma","12":"first","13":"instock","14":"shipping-taxable","15":"purchasable","16":"product-type-simple"},"acf":[],"tiered_pricing_type":"fixed","tiered_pricing_fixed_rules":[],"tiered_pricing_product_settings":{"layout":"default","base_unit_name":{"singular":null,"plural":null},"default_variation":null},"tiered_pricing_minimum_quantity":null,"tiered_pricing_roles_data":[],"tiered_pricing_percentage_rules":[],"_links":{"self":[{"href":"https:\/\/purama.lt\/ee\/wp-json\/wp\/v2\/product\/36200","targetHints":{"allow":["GET"]}}],"collection":[{"href":"https:\/\/purama.lt\/ee\/wp-json\/wp\/v2\/product"}],"about":[{"href":"https:\/\/purama.lt\/ee\/wp-json\/wp\/v2\/types\/product"}],"replies":[{"embeddable":true,"href":"https:\/\/purama.lt\/ee\/wp-json\/wp\/v2\/comments?post=36200"}],"wp:featuredmedia":[{"embeddable":true,"href":"https:\/\/purama.lt\/ee\/wp-json\/wp\/v2\/media\/36161"}],"wp:attachment":[{"href":"https:\/\/purama.lt\/ee\/wp-json\/wp\/v2\/media?parent=36200"}],"wp:term":[{"taxonomy":"product_brand","embeddable":true,"href":"https:\/\/purama.lt\/ee\/wp-json\/wp\/v2\/product_brand?post=36200"},{"taxonomy":"product_cat","embeddable":true,"href":"https:\/\/purama.lt\/ee\/wp-json\/wp\/v2\/product_cat?post=36200"},{"taxonomy":"product_tag","embeddable":true,"href":"https:\/\/purama.lt\/ee\/wp-json\/wp\/v2\/product_tag?post=36200"}],"curies":[{"name":"wp","href":"https:\/\/api.w.org\/{rel}","templated":true}]}}