{"id":36197,"date":"2025-06-18T06:31:49","date_gmt":"2025-06-18T06:31:49","guid":{"rendered":"https:\/\/purama.lt\/produktas\/chaga-grybu-milteliai\/"},"modified":"2026-04-21T08:31:07","modified_gmt":"2026-04-21T06:31:07","slug":"chaga-seenepulber","status":"publish","type":"product","link":"https:\/\/purama.lt\/ee\/produktas\/chaga-grybu-milteliai\/","title":{"rendered":"Tervisep\u00e4ev Chaga seenepulber"},"content":{"rendered":"","protected":false},"excerpt":{"rendered":"<p><strong>Sveikadienis Chaga gryb\u0173 milteliai:<\/strong> 100 % gryni chaga gryb\u0173 milteliai be joki\u0173 pried\u0173 \u2013 tai nat\u016bralus b\u016bdas palaikyti organizmo atsparum\u0105 ir energij\u0105. Milteliai puikiai tinka arbatai, kokteiliams ar kitam g\u0117rimui ru\u0161ti. Chaga yra \u017einomas kaip &#8222;mi\u0161ko auksas&#8221; d\u0117l savo adaptogenini\u0173 ir apsaugini\u0173 savybi\u0173.<\/p>\n<p><strong>Miks valida:<\/strong><br \/>\n\u2714 100 % looduslik, ilma lisaaineteta<br \/>\n\u2714 Tee, kokteilide v\u00f5i ekstraktide jaoks<br \/>\n\u2714 Toetab immuuns\u00fcsteemi ja keha vastupanuv\u00f5imet.<br \/>\n\u2714 Sobib taimetoitlastele ja veganitele<\/p>","protected":false},"featured_media":36173,"comment_status":"open","ping_status":"closed","template":"","meta":{"_acf_changed":false},"product_brand":[458],"product_cat":[123,251,252,122,255,249],"product_tag":[],"class_list":{"0":"post-36197","1":"product","2":"type-product","3":"status-publish","4":"has-post-thumbnail","6":"product_brand-sveikadienis","7":"product_cat-papildai-ilgaamziskumui","8":"product_cat-antioksidantai","9":"product_cat-imunitetui","10":"product_cat-lasteliu-jaunystei","11":"product_cat-oksidacinio-streso-mazinimas","12":"product_cat-senolitikai","14":"first","15":"instock","16":"shipping-taxable","17":"purchasable","18":"product-type-simple"},"acf":[],"tiered_pricing_type":"fixed","tiered_pricing_fixed_rules":[],"tiered_pricing_product_settings":{"layout":"default","base_unit_name":{"singular":null,"plural":null},"default_variation":null},"tiered_pricing_minimum_quantity":null,"tiered_pricing_roles_data":[],"tiered_pricing_percentage_rules":[],"_links":{"self":[{"href":"https:\/\/purama.lt\/ee\/wp-json\/wp\/v2\/product\/36197","targetHints":{"allow":["GET"]}}],"collection":[{"href":"https:\/\/purama.lt\/ee\/wp-json\/wp\/v2\/product"}],"about":[{"href":"https:\/\/purama.lt\/ee\/wp-json\/wp\/v2\/types\/product"}],"replies":[{"embeddable":true,"href":"https:\/\/purama.lt\/ee\/wp-json\/wp\/v2\/comments?post=36197"}],"wp:featuredmedia":[{"embeddable":true,"href":"https:\/\/purama.lt\/ee\/wp-json\/wp\/v2\/media\/36173"}],"wp:attachment":[{"href":"https:\/\/purama.lt\/ee\/wp-json\/wp\/v2\/media?parent=36197"}],"wp:term":[{"taxonomy":"product_brand","embeddable":true,"href":"https:\/\/purama.lt\/ee\/wp-json\/wp\/v2\/product_brand?post=36197"},{"taxonomy":"product_cat","embeddable":true,"href":"https:\/\/purama.lt\/ee\/wp-json\/wp\/v2\/product_cat?post=36197"},{"taxonomy":"product_tag","embeddable":true,"href":"https:\/\/purama.lt\/ee\/wp-json\/wp\/v2\/product_tag?post=36197"}],"curies":[{"name":"wp","href":"https:\/\/api.w.org\/{rel}","templated":true}]}}