{"id":36196,"date":"2025-06-18T06:31:49","date_gmt":"2025-06-18T06:31:49","guid":{"rendered":"https:\/\/purama.lt\/produktas\/maisto-papildas-chaga-grybo-milteliai-veganiskose-kapsulese\/"},"modified":"2026-03-24T17:02:39","modified_gmt":"2026-03-24T15:02:39","slug":"toidulisand-chaga-seenepulber-vegan-kapslites","status":"publish","type":"product","link":"https:\/\/purama.lt\/ee\/produktas\/maisto-papildas-chaga-grybo-milteliai-veganiskose-kapsulese\/","title":{"rendered":"Tervisep\u00e4ev Toidulisand Chaga seenepulber vegan kapslites"},"content":{"rendered":"","protected":false},"excerpt":{"rendered":"<p><strong>Sveikadienis Maisto papildas Chaga Grybo milteliai vegani\u0161kose kapsul\u0117se:<\/strong> Chaga (Inonotus obliquus) seen on v\u00f5imas antioks\u00fcdantide allikas ja seda on Siberi ja P\u00f5hjamaade rahvad hinnanud iidsetest aegadest saadik kui looduslikku tugevdavat ainet. Kapslites sisalduv chagapulber on saadud geeli k\u00fclma ekstraheerimise teel, s\u00e4ilitades k\u00f5ik bioloogiliselt aktiivsed ained. Regulaarsel tarbimisel v\u00f5ib chaga toetada normaalset immuuns\u00fcsteemi, v\u00f5idelda oks\u00fcdatiivse stressi vastu ja toetada loomulikku energiat.<\/p>\n<p><strong>Miks valida:<\/strong><br \/>\n\u2714 Puhas ja looduslik koostisosa ilma lisaaineteta<br \/>\n\u2714 Rikkalikult antioks\u00fcdante ja pol\u00fcsahhariide sisaldav<br \/>\n\u2714 Mugavad vegan kapslid<br \/>\n\u2714 Sobib immuuns\u00fcsteemi ja \u00fcldise heaolu toetamiseks.<\/p>","protected":false},"featured_media":36169,"comment_status":"open","ping_status":"closed","template":"","meta":{"_acf_changed":false},"product_brand":[458],"product_cat":[123,251,252,122,255,249],"product_tag":[],"class_list":{"0":"post-36196","1":"product","2":"type-product","3":"status-publish","4":"has-post-thumbnail","6":"product_brand-sveikadienis","7":"product_cat-papildai-ilgaamziskumui","8":"product_cat-antioksidantai","9":"product_cat-imunitetui","10":"product_cat-lasteliu-jaunystei","11":"product_cat-oksidacinio-streso-mazinimas","12":"product_cat-senolitikai","14":"first","15":"instock","16":"shipping-taxable","17":"purchasable","18":"product-type-simple"},"acf":[],"tiered_pricing_type":"fixed","tiered_pricing_fixed_rules":[],"tiered_pricing_product_settings":{"layout":"default","base_unit_name":{"singular":null,"plural":null},"default_variation":null},"tiered_pricing_minimum_quantity":null,"tiered_pricing_roles_data":[],"tiered_pricing_percentage_rules":[],"_links":{"self":[{"href":"https:\/\/purama.lt\/ee\/wp-json\/wp\/v2\/product\/36196","targetHints":{"allow":["GET"]}}],"collection":[{"href":"https:\/\/purama.lt\/ee\/wp-json\/wp\/v2\/product"}],"about":[{"href":"https:\/\/purama.lt\/ee\/wp-json\/wp\/v2\/types\/product"}],"replies":[{"embeddable":true,"href":"https:\/\/purama.lt\/ee\/wp-json\/wp\/v2\/comments?post=36196"}],"wp:featuredmedia":[{"embeddable":true,"href":"https:\/\/purama.lt\/ee\/wp-json\/wp\/v2\/media\/36169"}],"wp:attachment":[{"href":"https:\/\/purama.lt\/ee\/wp-json\/wp\/v2\/media?parent=36196"}],"wp:term":[{"taxonomy":"product_brand","embeddable":true,"href":"https:\/\/purama.lt\/ee\/wp-json\/wp\/v2\/product_brand?post=36196"},{"taxonomy":"product_cat","embeddable":true,"href":"https:\/\/purama.lt\/ee\/wp-json\/wp\/v2\/product_cat?post=36196"},{"taxonomy":"product_tag","embeddable":true,"href":"https:\/\/purama.lt\/ee\/wp-json\/wp\/v2\/product_tag?post=36196"}],"curies":[{"name":"wp","href":"https:\/\/api.w.org\/{rel}","templated":true}]}}