{"id":35970,"date":"2025-06-10T10:22:30","date_gmt":"2025-06-10T10:22:30","guid":{"rendered":"https:\/\/purama.lt\/produktas\/round-lab-birch-drekinantis-saules-kremas-spf50-pa\/"},"modified":"2026-04-10T13:03:30","modified_gmt":"2026-04-10T11:03:30","slug":"round-lab-birch-niisutav-paikesekreem-spf50-pa","status":"publish","type":"product","link":"https:\/\/purama.lt\/ee\/produktas\/round-lab-birch-drekinantis-saules-kremas-spf50-pa\/","title":{"rendered":"Round Lab Birch Moisturising Sun Cream SPF50+ PA++++"},"content":{"rendered":"<p><strong>Kasutamine:<\/strong><br>Kandke nahale hommikuse hooldusrutiini viimase sammuna. Korda iga 2-3 tunni j\u00e4rel, kui oled p\u00e4ikese k\u00e4es.<\/p>\n\n\n\n<p><strong>Koostisained:<\/strong><br>kasemahl, niatsiinamiid, adenosiin, h\u00fcaluroonhape, skvalaan, allantoiin.<\/p>","protected":false},"excerpt":{"rendered":"<p>Niisutav p\u00e4ikesekreem kasemahla ja niatsinamiidiga ei kaitse mitte ainult t\u00f5husalt UVA- ja UVB-kiirguse eest, vaid s\u00e4ilitab ka naha tervisliku niiskustasakaalu. Sobib k\u00f5ikidele nahat\u00fc\u00fcpidele, isegi tundlikule nahale. <\/p>\n<p><strong>Miks valida:<br \/><\/strong> \u2714\ufe0f K\u00f5rge UV-kaitse (SPF50+ PA++++)<br \/>\u2714\ufe0f Intensiivselt niisutav ja rahustav<br \/>\u2714\ufe0f Ei ummista poore ega j\u00e4ta valgeid triipe.<br \/>\u2714\ufe0f Koos kasemahla ja niatsiinamiidiga<\/p>","protected":false},"featured_media":35973,"comment_status":"open","ping_status":"closed","template":"","meta":{"_acf_changed":false},"product_brand":[],"product_cat":[92,299,59],"product_tag":[],"class_list":{"0":"post-35970","1":"product","2":"type-product","3":"status-publish","4":"has-post-thumbnail","6":"product_cat-groziui","7":"product_cat-kremai-nuo-saules-veidui","8":"product_cat-veidui","10":"first","11":"instock","12":"shipping-taxable","13":"purchasable","14":"product-type-simple"},"acf":[],"tiered_pricing_type":"fixed","tiered_pricing_fixed_rules":[],"tiered_pricing_product_settings":{"layout":"default","base_unit_name":{"singular":null,"plural":null},"default_variation":null},"tiered_pricing_minimum_quantity":null,"tiered_pricing_roles_data":[],"tiered_pricing_percentage_rules":[],"_links":{"self":[{"href":"https:\/\/purama.lt\/ee\/wp-json\/wp\/v2\/product\/35970","targetHints":{"allow":["GET"]}}],"collection":[{"href":"https:\/\/purama.lt\/ee\/wp-json\/wp\/v2\/product"}],"about":[{"href":"https:\/\/purama.lt\/ee\/wp-json\/wp\/v2\/types\/product"}],"replies":[{"embeddable":true,"href":"https:\/\/purama.lt\/ee\/wp-json\/wp\/v2\/comments?post=35970"}],"wp:featuredmedia":[{"embeddable":true,"href":"https:\/\/purama.lt\/ee\/wp-json\/wp\/v2\/media\/35973"}],"wp:attachment":[{"href":"https:\/\/purama.lt\/ee\/wp-json\/wp\/v2\/media?parent=35970"}],"wp:term":[{"taxonomy":"product_brand","embeddable":true,"href":"https:\/\/purama.lt\/ee\/wp-json\/wp\/v2\/product_brand?post=35970"},{"taxonomy":"product_cat","embeddable":true,"href":"https:\/\/purama.lt\/ee\/wp-json\/wp\/v2\/product_cat?post=35970"},{"taxonomy":"product_tag","embeddable":true,"href":"https:\/\/purama.lt\/ee\/wp-json\/wp\/v2\/product_tag?post=35970"}],"curies":[{"name":"wp","href":"https:\/\/api.w.org\/{rel}","templated":true}]}}