{"id":35968,"date":"2025-06-10T10:22:29","date_gmt":"2025-06-10T10:22:29","guid":{"rendered":"https:\/\/purama.lt\/produktas\/marymay-veido-serumas\/"},"modified":"2026-04-10T13:03:30","modified_gmt":"2026-04-10T11:03:30","slug":"marymay-naoseerum","status":"publish","type":"product","link":"https:\/\/purama.lt\/ee\/produktas\/marymay-veido-serumas\/","title":{"rendered":"Mary&amp;May n\u00e4oseerum"},"content":{"rendered":"<p><strong>Kasutamine:<\/strong><br>Kasutage hommikul ja \u00f5htul p\u00e4rast toonikut. Masseerige paar tilka naha sisse, kuni see on t\u00e4ielikult imendunud.<\/p>\n\n\n\n<p><strong>Koostisained:<\/strong><br>Centella Asiatica ekstrakt, gl\u00fctseriin, betaiin, h\u00fcaluroonhape.<\/p>","protected":false},"excerpt":{"rendered":"<p>K\u00f5rge kontsentratsiooniga seerum 95 % Centella Asiatica ekstraktiga rahustab tundlikku, aknega kahjustatud nahka ja soodustab naha uuenemist. Koostatud ilma l\u00f5hnaainete, alkoholi ja \u00e4rritavate aineteta. <\/p>\n<p><strong>Miks valida:<br \/><\/strong> \u2714\ufe0f Rahustab ja ravib \u00e4rritunud nahka.<br \/>\u2714\ufe0f 95 % Centella Asiatica ekstrakt<br \/>\u2714\ufe0f Sobib tundlikule, aknele kalduvale nahale. <br \/>\u2714\ufe0f \u00dclipuhas koostis<\/p>","protected":false},"featured_media":35976,"comment_status":"open","ping_status":"closed","template":"","meta":{"_acf_changed":false},"product_brand":[],"product_cat":[92,500,56,59],"product_tag":[],"class_list":{"0":"post-35968","1":"product","2":"type-product","3":"status-publish","4":"has-post-thumbnail","6":"product_cat-groziui","7":"product_cat-outlet","8":"product_cat-veido-serumai","9":"product_cat-veidui","11":"first","12":"instock","13":"sale","14":"shipping-taxable","15":"purchasable","16":"product-type-simple"},"acf":[],"tiered_pricing_type":"fixed","tiered_pricing_fixed_rules":[],"tiered_pricing_product_settings":{"layout":"default","base_unit_name":{"singular":null,"plural":null},"default_variation":null},"tiered_pricing_minimum_quantity":null,"tiered_pricing_roles_data":[],"tiered_pricing_percentage_rules":[],"_links":{"self":[{"href":"https:\/\/purama.lt\/ee\/wp-json\/wp\/v2\/product\/35968","targetHints":{"allow":["GET"]}}],"collection":[{"href":"https:\/\/purama.lt\/ee\/wp-json\/wp\/v2\/product"}],"about":[{"href":"https:\/\/purama.lt\/ee\/wp-json\/wp\/v2\/types\/product"}],"replies":[{"embeddable":true,"href":"https:\/\/purama.lt\/ee\/wp-json\/wp\/v2\/comments?post=35968"}],"wp:featuredmedia":[{"embeddable":true,"href":"https:\/\/purama.lt\/ee\/wp-json\/wp\/v2\/media\/35976"}],"wp:attachment":[{"href":"https:\/\/purama.lt\/ee\/wp-json\/wp\/v2\/media?parent=35968"}],"wp:term":[{"taxonomy":"product_brand","embeddable":true,"href":"https:\/\/purama.lt\/ee\/wp-json\/wp\/v2\/product_brand?post=35968"},{"taxonomy":"product_cat","embeddable":true,"href":"https:\/\/purama.lt\/ee\/wp-json\/wp\/v2\/product_cat?post=35968"},{"taxonomy":"product_tag","embeddable":true,"href":"https:\/\/purama.lt\/ee\/wp-json\/wp\/v2\/product_tag?post=35968"}],"curies":[{"name":"wp","href":"https:\/\/api.w.org\/{rel}","templated":true}]}}