{"id":35965,"date":"2025-06-10T10:22:28","date_gmt":"2025-06-10T10:22:28","guid":{"rendered":"https:\/\/purama.lt\/produktas\/dr-jart-atspalvi-suteikiantis-veido-kremas\/"},"modified":"2026-04-10T13:03:30","modified_gmt":"2026-04-10T11:03:30","slug":"dr-jart-toonitud-naokreem","status":"publish","type":"product","link":"https:\/\/purama.lt\/ee\/produktas\/dr-jart-atspalvi-suteikiantis-veido-kremas\/","title":{"rendered":"DR.Jart+ toonitud n\u00e4okreem"},"content":{"rendered":"<p><strong>Kasutamine:<\/strong><br>Kandke v\u00e4ike kogus kreemi oma n\u00e4ole nahahooldusrutiini viimase sammuna v\u00f5i enne meigi pealekandmist. Masseerige sisse, kuni v\u00e4rv muutub teie nahatooni j\u00e4rgi.<\/p>\n\n\n\n<p><strong>Koostisained:<\/strong><br>Centella Asiatica ekstrakt, niatsiinamiid, tsinkoksiid, titaandioksiid, adenosiin, pantenool.<br>e (Centella Asiatica) maskeerib koheselt punetuse, rahustab tundlikku nahka ja annab \u00fchtlasema jume. Kreemjas koostis kohandub nahatooniga ja SPF30 kaitseb kahjulike p\u00e4ikesekiirte eest. Sobib ideaalselt tundlikule, \u00e4rritunud v\u00f5i punetavale nahale.<\/p>","protected":false},"excerpt":{"rendered":"<p>See Centella Asiatica (tiigrirohi) sisaldav n\u00e4okreem v\u00e4hendab koheselt punetust, rahustab \u00e4rritunud nahka ja annab \u00fchtlase nahatooni. V\u00e4rvi muutev koostis kohandub teie nahatooniga ja SPF30-filter kaitseb kahjulike UV-kiirte eest. <\/p>\n<p><strong>Miks valida:<br \/><\/strong> \u2714\ufe0f Neutraliseerib punetust ja \u00e4rritust. <br \/>\u2714\ufe0f UV-kaitse (SPF30) <br \/>\u2714\ufe0f Sobib tundlikule nahale <br \/>\u2714\ufe0f Toimib meigip\u00f5hjana<\/p>","protected":false},"featured_media":35971,"comment_status":"open","ping_status":"closed","template":"","meta":{"_acf_changed":false},"product_brand":[422],"product_cat":[92,500,55,59],"product_tag":[],"class_list":{"0":"post-35965","1":"product","2":"type-product","3":"status-publish","4":"has-post-thumbnail","6":"product_brand-dr-jart","7":"product_cat-groziui","8":"product_cat-outlet","9":"product_cat-veido-kremai","10":"product_cat-veidui","12":"first","13":"instock","14":"sale","15":"shipping-taxable","16":"purchasable","17":"product-type-simple"},"acf":[],"tiered_pricing_type":"fixed","tiered_pricing_fixed_rules":[],"tiered_pricing_product_settings":{"layout":"default","base_unit_name":{"singular":null,"plural":null},"default_variation":null},"tiered_pricing_minimum_quantity":null,"tiered_pricing_roles_data":[],"tiered_pricing_percentage_rules":[],"_links":{"self":[{"href":"https:\/\/purama.lt\/ee\/wp-json\/wp\/v2\/product\/35965","targetHints":{"allow":["GET"]}}],"collection":[{"href":"https:\/\/purama.lt\/ee\/wp-json\/wp\/v2\/product"}],"about":[{"href":"https:\/\/purama.lt\/ee\/wp-json\/wp\/v2\/types\/product"}],"replies":[{"embeddable":true,"href":"https:\/\/purama.lt\/ee\/wp-json\/wp\/v2\/comments?post=35965"}],"wp:featuredmedia":[{"embeddable":true,"href":"https:\/\/purama.lt\/ee\/wp-json\/wp\/v2\/media\/35971"}],"wp:attachment":[{"href":"https:\/\/purama.lt\/ee\/wp-json\/wp\/v2\/media?parent=35965"}],"wp:term":[{"taxonomy":"product_brand","embeddable":true,"href":"https:\/\/purama.lt\/ee\/wp-json\/wp\/v2\/product_brand?post=35965"},{"taxonomy":"product_cat","embeddable":true,"href":"https:\/\/purama.lt\/ee\/wp-json\/wp\/v2\/product_cat?post=35965"},{"taxonomy":"product_tag","embeddable":true,"href":"https:\/\/purama.lt\/ee\/wp-json\/wp\/v2\/product_tag?post=35965"}],"curies":[{"name":"wp","href":"https:\/\/api.w.org\/{rel}","templated":true}]}}