{"id":35470,"date":"2025-06-05T08:57:52","date_gmt":"2025-06-05T08:57:52","guid":{"rendered":"https:\/\/purama.lt\/?post_type=product&#038;p=35470"},"modified":"2026-04-23T09:43:30","modified_gmt":"2026-04-23T07:43:30","slug":"pulsetto-vagusnarvi-stimulatsioonigeel-250g","status":"publish","type":"product","link":"https:\/\/purama.lt\/ee\/produktas\/pulsetto-vagus-nervo-stimuliatoriaus-gelis-250g\/","title":{"rendered":"Pulsetto vagusn\u00e4rvi stimulatsioonigeel 250g"},"content":{"rendered":"<p><strong>Kasutamine:<\/strong> Enne kasutamist kandke elektroodidele v\u00e4ike kogus geeli, et tagada veelgi t\u00f5husam stimulatsioon.<\/p>\n\n\n\n<p><strong>Pulsetto geel<\/strong> - h\u00e4davajalik tarvik maksimaalse mugavuse ja parimate tulemuste saavutamiseks!<\/p>","protected":false},"excerpt":{"rendered":"<p data-start=\"137\" data-end=\"223\"><strong data-start=\"225\" data-end=\"250\">Pulsetto juhtiv geel<\/strong> eesm\u00e4rk on parandada stimulaatori j\u00f5udlust ja tagada <strong data-start=\"325\" data-end=\"367\">maksimaalne kasu igast seansist<\/strong>. Ilma selleta v\u00f5ivad elektriimpulsid olla v\u00e4hem t\u00f5husad ja p\u00f5hjustada ebamugavustunnet, mist\u00f5ttu see geel <strong data-start=\"472\" data-end=\"489\">vajalik lisatarvik<\/strong> parimate tulemuste saavutamiseks. Ta on <strong data-start=\"525\" data-end=\"568\">parandab elektrijuhtivust elektroodide ja naha vahel.<\/strong>mis muudab stimulatsiooni <strong data-start=\"595\" data-end=\"634\">t\u00e4psem, \u00f5rnem ja t\u00f5husam<\/strong>. Gelis <strong data-start=\"642\" data-end=\"661\">kuivab kiiresti<\/strong>, <strong data-start=\"663\" data-end=\"674\">nelimpa<\/strong> ja <strong data-start=\"678\" data-end=\"697\">ei j\u00e4ta j\u00e4lgi<\/strong>Oh jah... <strong data-start=\"704\" data-end=\"728\">h\u00fcpoallergeenne koostis<\/strong> sobib isegi tundlikule nahale. Kompaktne ja lihtne kasutada, see geel on ideaalne valik neile, kes soovivad saada maksimaalset kasu oma <strong data-start=\"865\" data-end=\"898\">Pulsett-seadme potentsiaal<\/strong>.<\/p>\n<p><strong>Miks valida?<br \/><\/strong> \u2714 Suurendab stimuleerimise t\u00f5husust<br data-start=\"920\" data-end=\"923\" \/>\u2714 Parandab impulsijuhtivust<br data-start=\"984\" data-end=\"987\" \/>\u2714 Mitte-rasvane ja mittekleepuv<br data-start=\"1040\" data-end=\"1043\" \/>\u2714 Kiire imendumine<br data-start=\"1086\" data-end=\"1089\" \/>\u2714 h\u00fcpoallergeenne<\/p>","protected":false},"featured_media":35471,"comment_status":"open","ping_status":"closed","template":"","meta":{"_acf_changed":false},"product_brand":[448],"product_cat":[282,57,393,285,61,283],"product_tag":[],"class_list":{"0":"post-35470","1":"product","2":"type-product","3":"status-publish","4":"has-post-thumbnail","6":"product_brand-pulsetto","7":"product_cat-longevity-prietaisai","8":"product_cat-akcijos","9":"product_cat-dovanu-idejos","10":"product_cat-nervu-stimuliacija","11":"product_cat-ramybei","12":"product_cat-sveikatingumo-prietaisai","14":"first","15":"instock","16":"sale","17":"shipping-taxable","18":"purchasable","19":"product-type-simple"},"acf":[],"tiered_pricing_type":"fixed","tiered_pricing_fixed_rules":[],"tiered_pricing_product_settings":{"layout":"default","base_unit_name":{"singular":null,"plural":null},"default_variation":null},"tiered_pricing_minimum_quantity":null,"tiered_pricing_roles_data":[],"tiered_pricing_percentage_rules":[],"_links":{"self":[{"href":"https:\/\/purama.lt\/ee\/wp-json\/wp\/v2\/product\/35470","targetHints":{"allow":["GET"]}}],"collection":[{"href":"https:\/\/purama.lt\/ee\/wp-json\/wp\/v2\/product"}],"about":[{"href":"https:\/\/purama.lt\/ee\/wp-json\/wp\/v2\/types\/product"}],"replies":[{"embeddable":true,"href":"https:\/\/purama.lt\/ee\/wp-json\/wp\/v2\/comments?post=35470"}],"wp:featuredmedia":[{"embeddable":true,"href":"https:\/\/purama.lt\/ee\/wp-json\/wp\/v2\/media\/35471"}],"wp:attachment":[{"href":"https:\/\/purama.lt\/ee\/wp-json\/wp\/v2\/media?parent=35470"}],"wp:term":[{"taxonomy":"product_brand","embeddable":true,"href":"https:\/\/purama.lt\/ee\/wp-json\/wp\/v2\/product_brand?post=35470"},{"taxonomy":"product_cat","embeddable":true,"href":"https:\/\/purama.lt\/ee\/wp-json\/wp\/v2\/product_cat?post=35470"},{"taxonomy":"product_tag","embeddable":true,"href":"https:\/\/purama.lt\/ee\/wp-json\/wp\/v2\/product_tag?post=35470"}],"curies":[{"name":"wp","href":"https:\/\/api.w.org\/{rel}","templated":true}]}}