{"id":35427,"date":"2025-06-04T11:17:55","date_gmt":"2025-06-04T11:17:55","guid":{"rendered":"https:\/\/purama.lt\/produktas\/scandinavian-biolabs-bio-pilixin-plauku-serumas-vyrams-ir-moterims\/"},"modified":"2026-04-14T09:42:00","modified_gmt":"2026-04-14T07:42:00","slug":"scandinavian-biolabs-bio-pilixin-juuste-seerum-meestele-ja-naistele","status":"publish","type":"product","link":"https:\/\/purama.lt\/ee\/produktas\/scandinavian-biolabs-bio-pilixin-plauku-serumas-vyrams-ir-moterims\/","title":{"rendered":"Scandinavian Biolabs Bio-Pilixin Activation Serum Unisex juuste kasvu seerum"},"content":{"rendered":"<p><strong>Kasutamine:<\/strong><br>1 pipett p\u00e4evas - kandke puhtale peanahale, masseerige \u00f5rnalt, \u00e4rge loputage.<\/p>\n\n\n\n<p><strong>Koostisained:<\/strong><br>Capilia Longa\u00ae (kurkumiekstrakt), kofeiin, pantenool, niatsiinamiid, eukal\u00fcpt\u00f5li, tsink PCA, aminohapped, looduslikud stabilisaatorid.<br><br>Avasta rohkem Scandinavian Biolabs tooteid - <a href=\"https:\/\/purama.lt\/ee\/tootesildid\/skandinaavia-biolaborid\/\">vaata kogu valikut<\/a>.<\/p>","protected":false},"excerpt":{"rendered":"<p><strong>Scandinavian Biolabs Bio-Pilixin Activation Serum,<\/strong> Bio-Pilixin seerumi unisex versioon neile, kes soovivad toodet jagada v\u00f5i otsivad universaalset lahendust<strong> v\u00e4hendada juuste v\u00e4ljalangemist<\/strong>. Seerum on formuleeritud tipptasemel kasvufaktori tehnoloogiaga, mis toimib juuksejuurtele, et stimuleerida juuste uuenemist ja kasvu. See ei sisalda hormoone ega ravimeid - ainult t\u00f5husaid loodusliku p\u00e4ritoluga koostisosi. <\/p>\n<p><strong>Miks valida:<br \/><\/strong> \u2714\ufe0f Sobib nii meestele kui ka naistele<br \/>\u2714\ufe0f Ainulaadne hormoonivaba kasvufaktori kompleks<br \/>\u2714\ufe0f V\u00f5ib kasutada enneaegse juuste v\u00e4ljalangemise ennetamiseks v\u00f5i raviks.<br \/>\u2714\ufe0f \u00dchildub k\u00f5igi Scandinavian Biolabs toodetega.<\/p>","protected":false},"featured_media":37917,"comment_status":"open","ping_status":"closed","template":"","meta":{"_acf_changed":false},"product_brand":[453],"product_cat":[92,57,304,305],"product_tag":[],"class_list":{"0":"post-35427","1":"product","2":"type-product","3":"status-publish","4":"has-post-thumbnail","6":"product_brand-scandinavian-biolabs","7":"product_cat-groziui","8":"product_cat-akcijos","9":"product_cat-plaukams","10":"product_cat-plauku-serumai","12":"first","13":"instock","14":"sale","15":"shipping-taxable","16":"purchasable","17":"product-type-simple"},"acf":[],"tiered_pricing_type":"fixed","tiered_pricing_fixed_rules":[],"tiered_pricing_product_settings":{"layout":"default","base_unit_name":{"singular":null,"plural":null},"default_variation":null},"tiered_pricing_minimum_quantity":null,"tiered_pricing_roles_data":[],"tiered_pricing_percentage_rules":[],"_links":{"self":[{"href":"https:\/\/purama.lt\/ee\/wp-json\/wp\/v2\/product\/35427","targetHints":{"allow":["GET"]}}],"collection":[{"href":"https:\/\/purama.lt\/ee\/wp-json\/wp\/v2\/product"}],"about":[{"href":"https:\/\/purama.lt\/ee\/wp-json\/wp\/v2\/types\/product"}],"replies":[{"embeddable":true,"href":"https:\/\/purama.lt\/ee\/wp-json\/wp\/v2\/comments?post=35427"}],"wp:featuredmedia":[{"embeddable":true,"href":"https:\/\/purama.lt\/ee\/wp-json\/wp\/v2\/media\/37917"}],"wp:attachment":[{"href":"https:\/\/purama.lt\/ee\/wp-json\/wp\/v2\/media?parent=35427"}],"wp:term":[{"taxonomy":"product_brand","embeddable":true,"href":"https:\/\/purama.lt\/ee\/wp-json\/wp\/v2\/product_brand?post=35427"},{"taxonomy":"product_cat","embeddable":true,"href":"https:\/\/purama.lt\/ee\/wp-json\/wp\/v2\/product_cat?post=35427"},{"taxonomy":"product_tag","embeddable":true,"href":"https:\/\/purama.lt\/ee\/wp-json\/wp\/v2\/product_tag?post=35427"}],"curies":[{"name":"wp","href":"https:\/\/api.w.org\/{rel}","templated":true}]}}