{"id":35426,"date":"2025-06-04T11:17:53","date_gmt":"2025-06-04T11:17:53","guid":{"rendered":"https:\/\/purama.lt\/produktas\/scandinavian-biolabs-giliai-drekinanti-plauku-kauke\/"},"modified":"2026-04-14T09:42:00","modified_gmt":"2026-04-14T07:42:00","slug":"scandinavian-biolabs-sugavniisutav-juuksemask","status":"publish","type":"product","link":"https:\/\/purama.lt\/ee\/produktas\/scandinavian-biolabs-giliai-drekinanti-plauku-kauke\/","title":{"rendered":"Scandinavian Biolabsi juuste niisutav juuksemask Niisutav juuksemask"},"content":{"rendered":"<p><strong>Kasutamine:<\/strong><br>Kandke puhtatele, niisketele juustele, eriti pikkadele ja otstele. J\u00e4ta 5-10 minutiks, seej\u00e4rel loputa.<\/p>\n\n\n\n<p><strong>Koostisained:<\/strong><br>Kookos\u00f5li, taimsed valgud (h\u00fcdrol\u00fc\u00fcsitud), pantenool, betaiin, niatsiinamiid, kapr\u00fc\u00fcltrigl\u00fctseriidid, looduslikud emulgaatorid.<\/p>\n\n\n\n<p>Avasta rohkem Scandinavian Biolabs tooteid - <a href=\"https:\/\/purama.lt\/ee\/tootesildid\/scandinavian-biolabs\/\">vaata kogu valikut<\/a>.<\/p>","protected":false},"excerpt":{"rendered":"<p><strong>Scandinavian Biolabs juuste niisutav mask, <\/strong>S\u00fcgavalt niisutav mask toidab intensiivselt kuivi ja kahjustatud juukseid, taastades nende elastsuse, pehmuse ja loomuliku s\u00e4ra. Valem \u00fchendab endas taimseid proteiine, pantenooli ja kookos\u00f5li, mis tungivad s\u00fcgavale juukse sisse, pakkudes pikaajalist niisutust ja tugevust. <\/p>\n<p><strong>Miks valida:<\/strong> <br \/>\u2714\ufe0f Intensiivne niisutus ilma silikoonideta<br \/>\u2714\ufe0f Parandab juuste elastsust ja vastupidavust murdumisele.<br \/>\u2714\ufe0f Sobib k\u00f5ikidele juukset\u00fc\u00fcpidele, sealhulgas v\u00e4rvitud juustele. <br \/>\u2714\ufe0f Vegan ja dermatoloogiliselt testitud<\/p>","protected":false},"featured_media":35432,"comment_status":"open","ping_status":"closed","template":"","meta":{"_acf_changed":true},"product_brand":[453],"product_cat":[92,500,304,306],"product_tag":[],"class_list":{"0":"post-35426","1":"product","2":"type-product","3":"status-publish","4":"has-post-thumbnail","6":"product_brand-scandinavian-biolabs","7":"product_cat-groziui","8":"product_cat-outlet","9":"product_cat-plaukams","10":"product_cat-plauku-kaukes","12":"first","13":"instock","14":"sale","15":"shipping-taxable","16":"purchasable","17":"product-type-simple"},"acf":[],"tiered_pricing_type":"fixed","tiered_pricing_fixed_rules":[],"tiered_pricing_product_settings":{"layout":"default","base_unit_name":{"singular":null,"plural":null},"default_variation":null},"tiered_pricing_minimum_quantity":null,"tiered_pricing_roles_data":[],"tiered_pricing_percentage_rules":[],"_links":{"self":[{"href":"https:\/\/purama.lt\/ee\/wp-json\/wp\/v2\/product\/35426","targetHints":{"allow":["GET"]}}],"collection":[{"href":"https:\/\/purama.lt\/ee\/wp-json\/wp\/v2\/product"}],"about":[{"href":"https:\/\/purama.lt\/ee\/wp-json\/wp\/v2\/types\/product"}],"replies":[{"embeddable":true,"href":"https:\/\/purama.lt\/ee\/wp-json\/wp\/v2\/comments?post=35426"}],"wp:featuredmedia":[{"embeddable":true,"href":"https:\/\/purama.lt\/ee\/wp-json\/wp\/v2\/media\/35432"}],"wp:attachment":[{"href":"https:\/\/purama.lt\/ee\/wp-json\/wp\/v2\/media?parent=35426"}],"wp:term":[{"taxonomy":"product_brand","embeddable":true,"href":"https:\/\/purama.lt\/ee\/wp-json\/wp\/v2\/product_brand?post=35426"},{"taxonomy":"product_cat","embeddable":true,"href":"https:\/\/purama.lt\/ee\/wp-json\/wp\/v2\/product_cat?post=35426"},{"taxonomy":"product_tag","embeddable":true,"href":"https:\/\/purama.lt\/ee\/wp-json\/wp\/v2\/product_tag?post=35426"}],"curies":[{"name":"wp","href":"https:\/\/api.w.org\/{rel}","templated":true}]}}