{"id":35425,"date":"2025-06-04T11:17:50","date_gmt":"2025-06-04T11:17:50","guid":{"rendered":"https:\/\/purama.lt\/produktas\/scandinavian-biolabs-bio-silacumin-maisto-papildai\/"},"modified":"2026-04-13T15:48:35","modified_gmt":"2026-04-13T13:48:35","slug":"scandinavian-biolabs-bio-silacumin-toidulisandid","status":"publish","type":"product","link":"https:\/\/purama.lt\/ee\/produktas\/scandinavian-biolabs-bio-silacumin-maisto-papildai\/","title":{"rendered":"Scandinavian Biolabs Bio-Silacumin toidulisand"},"content":{"rendered":"<p><strong>Kasutamine:<\/strong><br>1 m\u00f5\u00f5telusikat\u00e4is (5 ml) p\u00e4evas, v\u00f5ib segada vee v\u00f5i mahlaga.<\/p>\n\n\n\n<p><strong>Koostisained:<\/strong><br>Stabiliseeritud orto-siliinhape (ch-OSA\u00ae), kurkumiekstrakt (Curcuma longa), tsink, seleen, B12-vitamiin, sidrunhape, taimne gl\u00fctserool, puhastatud vesi.<\/p>","protected":false},"excerpt":{"rendered":"<p><strong>Bio-Silacumin<\/strong> - on kontsentreeritud vedel toidulisand, mis on m\u00f5eldud toetama <strong>terved juuksed, nahk ja k\u00fc\u00fcned seestpoolt<\/strong>. See \u00fchendab endas bioaktiivseid aineid, nagu stabiilne orto-siliinhape (ch-OSA\u00ae), kurkumiekstrakt ja olulised mikroelemendid, sealhulgas tsink, seleen ja B12-vitamiin. Need ained aitavad s\u00e4ilitada juuste struktuuri ja elastsust ning kaitsevad rakke oks\u00fcdatiivse stressi eest. <\/p>\n<p><strong>Miks valida:<br \/><\/strong> \u2714\ufe0f T\u00e4iustatud ch-OSA\u00ae-tehnoloogia parema omastatavuse tagamiseks.<br \/>\u2714\ufe0f Toimib juustele, nahale ja k\u00fc\u00fcntele seestpoolt.<br \/>\u2714\ufe0f Sisaldab looduslikke antioks\u00fcdante - kurkumat.<br \/>\u2714\ufe0f Ideaalne kasutamiseks koos v\u00e4liste juuksehooldusvahenditega.<\/p>","protected":false},"featured_media":35434,"comment_status":"open","ping_status":"closed","template":"","meta":{"_acf_changed":false},"product_brand":[453],"product_cat":[123,57,273,274,275],"product_tag":[],"class_list":{"0":"post-35425","1":"product","2":"type-product","3":"status-publish","4":"has-post-thumbnail","6":"product_brand-scandinavian-biolabs","7":"product_cat-papildai-ilgaamziskumui","8":"product_cat-akcijos","9":"product_cat-odai-plaukams-nagams","10":"product_cat-odos-jaunyste","11":"product_cat-plauku-ir-nagu-prieziura","13":"first","14":"instock","15":"sale","16":"shipping-taxable","17":"purchasable","18":"product-type-simple"},"acf":[],"tiered_pricing_type":"fixed","tiered_pricing_fixed_rules":[],"tiered_pricing_product_settings":{"layout":"default","base_unit_name":{"singular":null,"plural":null},"default_variation":null},"tiered_pricing_minimum_quantity":null,"tiered_pricing_roles_data":[],"tiered_pricing_percentage_rules":[],"_links":{"self":[{"href":"https:\/\/purama.lt\/ee\/wp-json\/wp\/v2\/product\/35425","targetHints":{"allow":["GET"]}}],"collection":[{"href":"https:\/\/purama.lt\/ee\/wp-json\/wp\/v2\/product"}],"about":[{"href":"https:\/\/purama.lt\/ee\/wp-json\/wp\/v2\/types\/product"}],"replies":[{"embeddable":true,"href":"https:\/\/purama.lt\/ee\/wp-json\/wp\/v2\/comments?post=35425"}],"wp:featuredmedia":[{"embeddable":true,"href":"https:\/\/purama.lt\/ee\/wp-json\/wp\/v2\/media\/35434"}],"wp:attachment":[{"href":"https:\/\/purama.lt\/ee\/wp-json\/wp\/v2\/media?parent=35425"}],"wp:term":[{"taxonomy":"product_brand","embeddable":true,"href":"https:\/\/purama.lt\/ee\/wp-json\/wp\/v2\/product_brand?post=35425"},{"taxonomy":"product_cat","embeddable":true,"href":"https:\/\/purama.lt\/ee\/wp-json\/wp\/v2\/product_cat?post=35425"},{"taxonomy":"product_tag","embeddable":true,"href":"https:\/\/purama.lt\/ee\/wp-json\/wp\/v2\/product_tag?post=35425"}],"curies":[{"name":"wp","href":"https:\/\/api.w.org\/{rel}","templated":true}]}}