{"id":35424,"date":"2025-06-04T11:17:47","date_gmt":"2025-06-04T11:17:47","guid":{"rendered":"https:\/\/purama.lt\/produktas\/scandinavian-biolabs-juros-mineralu-vanduo-plaukams-ir-oda\/"},"modified":"2026-04-14T09:42:00","modified_gmt":"2026-04-14T07:42:00","slug":"scandinavian-biolabs-jura-mineraalvesi-juustele-ja-nahale","status":"publish","type":"product","link":"https:\/\/purama.lt\/ee\/produktas\/scandinavian-biolabs-juros-mineralu-vanduo-plaukams-ir-oda\/","title":{"rendered":"Scandinavian Biolabs Sea Mineral Spray Sea Mineral Water meremineraalvesi"},"content":{"rendered":"<p><strong>Kasutamine:<\/strong><br>Pihustage otse juustele v\u00f5i nahale mis tahes kellaaegadel. Saab kasutada pesu, tooneri v\u00f5i v\u00e4rskendajana pesu vahel.<br><br><strong>Koostisained:<\/strong><br>Mineraalne merevesi, magneesium, tsink, kaltsium, jood, pantenool, gl\u00fctseriin, puhastatud vesi.<\/p>","protected":false},"excerpt":{"rendered":"<p><strong>V\u00e4rskendav meremineraalsprei on looduslik, multifunktsionaalne toode nii juustele kui ka nahale.<\/strong> Selle magneesium-, kaltsium-, tsink- ja joodioonid annavad peanahale mikrotoitaineid, mida ta vajab oma mikrofloora tasakaalustamiseks, \u00e4rrituste leevendamiseks ja niiskustasakaalu s\u00e4ilitamiseks. See annab juustele kerge tekstuuri, v\u00e4rskuse tunde ja kaitse keskkonnam\u00f5jude eest. <\/p>\n<p><strong>Miks valida:<br \/><\/strong> \u2714\ufe0f Looduslik mineraalkompleks ilma alkoholi ja l\u00f5hna- ja maitseaineteta.<br \/>\u2714\ufe0f Sobib tundlikule nahale ja peanahale.<br \/>\u2714\ufe0f V\u00e4rskendab, niisutab ja tugevdab naha ja juuste barj\u00e4\u00e4ri.<br \/>\u2714\ufe0f Mitmek\u00fclgne - \u00fcks toode mitme funktsiooni jaoks \u00a0<\/p>","protected":false},"featured_media":35443,"comment_status":"open","ping_status":"closed","template":"","meta":{"_acf_changed":false},"product_brand":[453],"product_cat":[92,57,304],"product_tag":[],"class_list":{"0":"post-35424","1":"product","2":"type-product","3":"status-publish","4":"has-post-thumbnail","6":"product_brand-scandinavian-biolabs","7":"product_cat-groziui","8":"product_cat-akcijos","9":"product_cat-plaukams","11":"first","12":"instock","13":"sale","14":"shipping-taxable","15":"purchasable","16":"product-type-simple"},"acf":[],"tiered_pricing_type":"fixed","tiered_pricing_fixed_rules":[],"tiered_pricing_product_settings":{"layout":"default","base_unit_name":{"singular":null,"plural":null},"default_variation":null},"tiered_pricing_minimum_quantity":null,"tiered_pricing_roles_data":[],"tiered_pricing_percentage_rules":[],"_links":{"self":[{"href":"https:\/\/purama.lt\/ee\/wp-json\/wp\/v2\/product\/35424","targetHints":{"allow":["GET"]}}],"collection":[{"href":"https:\/\/purama.lt\/ee\/wp-json\/wp\/v2\/product"}],"about":[{"href":"https:\/\/purama.lt\/ee\/wp-json\/wp\/v2\/types\/product"}],"replies":[{"embeddable":true,"href":"https:\/\/purama.lt\/ee\/wp-json\/wp\/v2\/comments?post=35424"}],"wp:featuredmedia":[{"embeddable":true,"href":"https:\/\/purama.lt\/ee\/wp-json\/wp\/v2\/media\/35443"}],"wp:attachment":[{"href":"https:\/\/purama.lt\/ee\/wp-json\/wp\/v2\/media?parent=35424"}],"wp:term":[{"taxonomy":"product_brand","embeddable":true,"href":"https:\/\/purama.lt\/ee\/wp-json\/wp\/v2\/product_brand?post=35424"},{"taxonomy":"product_cat","embeddable":true,"href":"https:\/\/purama.lt\/ee\/wp-json\/wp\/v2\/product_cat?post=35424"},{"taxonomy":"product_tag","embeddable":true,"href":"https:\/\/purama.lt\/ee\/wp-json\/wp\/v2\/product_tag?post=35424"}],"curies":[{"name":"wp","href":"https:\/\/api.w.org\/{rel}","templated":true}]}}