{"id":35422,"date":"2025-06-04T11:17:38","date_gmt":"2025-06-04T11:17:38","guid":{"rendered":"https:\/\/purama.lt\/produktas\/scandinavian-biolabs-plauku-maistines-tabletes\/"},"modified":"2026-04-13T15:53:40","modified_gmt":"2026-04-13T13:53:40","slug":"skandinaavia-biolabid-juuste-toitainetabletid","status":"publish","type":"product","link":"https:\/\/purama.lt\/ee\/produktas\/scandinavian-biolabs-plauku-maistines-tabletes\/","title":{"rendered":"Scandinavian Biolabs Hair Nutrient Tablets Toidulisand"},"content":{"rendered":"<p><strong>Kasutamine:<\/strong><br>V\u00f5tke 2 tabletti p\u00e4evas koos klaasi veega. Soovitatav on v\u00f5tta seda v\u00e4hemalt 3 kuud ilma pausita.<\/p>\n\n\n\n<p><strong>Koostisained:<\/strong><br>\u00d5unaekstrakt, iisopiekstrakt, tsink, B6-vitamiin, biotiin, C-vitamiin, pantoteenhape, foolhape, B12-vitamiin, mikroelemendid, taimede stabilisaatorid.<\/p>","protected":false},"excerpt":{"rendered":"<p><strong>Scandinavian Biolabs juuste toitainetabletid, <\/strong>Need juuste toitainetabletid on m\u00f5eldud juuste loomuliku kasvufaasi toetamiseks, juuste v\u00e4ljalangemise v\u00e4hendamiseks ja juuste tugevdamiseks seestpoolt. Koostis on hoolikalt tasakaalustatud vitamiinide, mineraalide ja taimeekstraktidega, sealhulgas \u00f5unaekstrakt, tsink, biotiin ja B-vitamiinid. Need toetavad valkude s\u00fcnteesi keratiini, juuste struktuuri olulise komponendi tootmiseks. Sobib nii meestele kui ka naistele. <\/p>\n<p><strong>Miks valida:<br \/><\/strong> \u2714\ufe0f T\u00e4iendab juuksehooldust seestpoolt<br \/>\u2714\ufe0f Ei sisalda kunstlikke v\u00e4rvaineid ega s\u00e4ilitusaineid.<br \/>\u2714\ufe0f Sobib veganitele ja taimetoitlastele.<br \/>\u2714\ufe0f Koost\u00f6\u00f6s teadlaste ja nahaarstidega v\u00e4lja t\u00f6\u00f6tatud<\/p>","protected":false},"featured_media":35431,"comment_status":"open","ping_status":"closed","template":"","meta":{"_acf_changed":false},"product_brand":[453],"product_cat":[123,57,273,274,275],"product_tag":[],"class_list":{"0":"post-35422","1":"product","2":"type-product","3":"status-publish","4":"has-post-thumbnail","6":"product_brand-scandinavian-biolabs","7":"product_cat-papildai-ilgaamziskumui","8":"product_cat-akcijos","9":"product_cat-odai-plaukams-nagams","10":"product_cat-odos-jaunyste","11":"product_cat-plauku-ir-nagu-prieziura","13":"first","14":"instock","15":"sale","16":"shipping-taxable","17":"purchasable","18":"product-type-simple"},"acf":[],"tiered_pricing_type":"fixed","tiered_pricing_fixed_rules":[],"tiered_pricing_product_settings":{"layout":"default","base_unit_name":{"singular":null,"plural":null},"default_variation":null},"tiered_pricing_minimum_quantity":null,"tiered_pricing_roles_data":[],"tiered_pricing_percentage_rules":[],"_links":{"self":[{"href":"https:\/\/purama.lt\/ee\/wp-json\/wp\/v2\/product\/35422","targetHints":{"allow":["GET"]}}],"collection":[{"href":"https:\/\/purama.lt\/ee\/wp-json\/wp\/v2\/product"}],"about":[{"href":"https:\/\/purama.lt\/ee\/wp-json\/wp\/v2\/types\/product"}],"replies":[{"embeddable":true,"href":"https:\/\/purama.lt\/ee\/wp-json\/wp\/v2\/comments?post=35422"}],"wp:featuredmedia":[{"embeddable":true,"href":"https:\/\/purama.lt\/ee\/wp-json\/wp\/v2\/media\/35431"}],"wp:attachment":[{"href":"https:\/\/purama.lt\/ee\/wp-json\/wp\/v2\/media?parent=35422"}],"wp:term":[{"taxonomy":"product_brand","embeddable":true,"href":"https:\/\/purama.lt\/ee\/wp-json\/wp\/v2\/product_brand?post=35422"},{"taxonomy":"product_cat","embeddable":true,"href":"https:\/\/purama.lt\/ee\/wp-json\/wp\/v2\/product_cat?post=35422"},{"taxonomy":"product_tag","embeddable":true,"href":"https:\/\/purama.lt\/ee\/wp-json\/wp\/v2\/product_tag?post=35422"}],"curies":[{"name":"wp","href":"https:\/\/api.w.org\/{rel}","templated":true}]}}