{"id":35421,"date":"2025-06-04T11:17:35","date_gmt":"2025-06-04T11:17:35","guid":{"rendered":"https:\/\/purama.lt\/produktas\/scandinavian-biolabs-plauku-apsaugos-aliejus\/"},"modified":"2026-04-14T09:42:00","modified_gmt":"2026-04-14T07:42:00","slug":"scandinavian-biolabs-juuste-kaitseoli","status":"publish","type":"product","link":"https:\/\/purama.lt\/ee\/produktas\/scandinavian-biolabs-plauku-apsaugos-aliejus\/","title":{"rendered":"Scandinavian Biolabs Hair Protection Oil Juukse\u00f5li Juukse\u00f5li"},"content":{"rendered":"<p><strong>Kasutamine:<\/strong><br>Lisage 1-3 tilka \u00f5li peopessa ja jaotage see l\u00e4bi niiskete v\u00f5i kuivade juuste - eriti juukseotstesse. \u00c4rge loputage.<\/p>\n\n\n\n<p><strong>Koostisained:<\/strong><br>argaania\u00f5li, Crambe Abyssinica seemne\u00f5li, tokoferool (E-vitamiin), seebistamata oliivi\u00f5li ekstraktid, looduslikud estrid.<\/p>\n\n\n\n<p>Avasta rohkem Scandinavian Biolabs tooteid - <a href=\"https:\/\/purama.lt\/ee\/tootesildid\/skandinaavia-biolaborid\/\">vaata kogu valikut<\/a>.<\/p>","protected":false},"excerpt":{"rendered":"<p><strong>Scandinavian Biolabs juuste kaitse\u00f5li,<\/strong> 100% on looduslik juukse\u00f5li, mis on loodud kaitsma juukseid igap\u00e4evase keskkonna, kuumuse ja kuivuse eest. Selle mahe, mittekleepuv tekstuur imendub kiiresti, ilma juukseid raskendamata. Argaania ja abessiinia seemne\u00f5li koos E-vitamiiniga taastavad loomuliku l\u00e4ike, tugevdavad juukseotsi ja v\u00e4hendavad juuste v\u00e4ljalangemist. <\/p>\n<p><strong>Miks valida:<br \/><\/strong> \u2714\ufe0f Silikoonide, parabeenide ja kunstlike l\u00f5hnaainete vaba.<br \/>\u2714\ufe0f Mitmek\u00fclgne - sobib eelkuivatamiseks v\u00f5i viimistlemiseks.<br \/>\u2714\ufe0f Toidab ja kaitseb ilma rasvase j\u00e4\u00e4gita.<br \/>\u2714\ufe0f Dermatoloogide poolt testitud - ohutu ka tundlikule peanahale.<\/p>","protected":false},"featured_media":35435,"comment_status":"open","ping_status":"closed","template":"","meta":{"_acf_changed":true},"product_brand":[453],"product_cat":[92,500,304],"product_tag":[],"class_list":{"0":"post-35421","1":"product","2":"type-product","3":"status-publish","4":"has-post-thumbnail","6":"product_brand-scandinavian-biolabs","7":"product_cat-groziui","8":"product_cat-outlet","9":"product_cat-plaukams","11":"first","12":"instock","13":"sale","14":"shipping-taxable","15":"purchasable","16":"product-type-simple"},"acf":[],"tiered_pricing_type":"fixed","tiered_pricing_fixed_rules":[],"tiered_pricing_product_settings":{"layout":"default","base_unit_name":{"singular":null,"plural":null},"default_variation":null},"tiered_pricing_minimum_quantity":null,"tiered_pricing_roles_data":[],"tiered_pricing_percentage_rules":[],"_links":{"self":[{"href":"https:\/\/purama.lt\/ee\/wp-json\/wp\/v2\/product\/35421","targetHints":{"allow":["GET"]}}],"collection":[{"href":"https:\/\/purama.lt\/ee\/wp-json\/wp\/v2\/product"}],"about":[{"href":"https:\/\/purama.lt\/ee\/wp-json\/wp\/v2\/types\/product"}],"replies":[{"embeddable":true,"href":"https:\/\/purama.lt\/ee\/wp-json\/wp\/v2\/comments?post=35421"}],"wp:featuredmedia":[{"embeddable":true,"href":"https:\/\/purama.lt\/ee\/wp-json\/wp\/v2\/media\/35435"}],"wp:attachment":[{"href":"https:\/\/purama.lt\/ee\/wp-json\/wp\/v2\/media?parent=35421"}],"wp:term":[{"taxonomy":"product_brand","embeddable":true,"href":"https:\/\/purama.lt\/ee\/wp-json\/wp\/v2\/product_brand?post=35421"},{"taxonomy":"product_cat","embeddable":true,"href":"https:\/\/purama.lt\/ee\/wp-json\/wp\/v2\/product_cat?post=35421"},{"taxonomy":"product_tag","embeddable":true,"href":"https:\/\/purama.lt\/ee\/wp-json\/wp\/v2\/product_tag?post=35421"}],"curies":[{"name":"wp","href":"https:\/\/api.w.org\/{rel}","templated":true}]}}