{"id":35420,"date":"2025-06-04T11:17:31","date_gmt":"2025-06-04T11:17:31","guid":{"rendered":"https:\/\/purama.lt\/produktas\/scandinavian-biolabs-blakstienu-auginimo-serumas\/"},"modified":"2026-04-13T15:51:12","modified_gmt":"2026-04-13T13:51:12","slug":"scandinavian-biolabs-ripsmete-kasvuseerum","status":"publish","type":"product","link":"https:\/\/purama.lt\/ee\/produktas\/scandinavian-biolabs-blakstienu-auginimo-serumas\/","title":{"rendered":"Scandinavian Biolabs Bio-Pilixin ripsmete kasvuseerum ripsmete kasvuseerum"},"content":{"rendered":"<p><strong>Kasutamine:<\/strong><br>Kandke v\u00e4ike kogus seerumit puhastatud ripsmete juuredele (nagu silmalaulik) \u00fcks kord p\u00e4evas - enne magamaminekut.<\/p>\n\n\n\n<p><strong>Koostisained:<\/strong><br>Biotino\u00fc\u00fcl Tripeptiid-1, m\u00fcristo\u00fc\u00fcl Pentapeptiid-17, biotiin, pantenool, aminohapped, h\u00fcaluroonhape, looduslikud niisutajad.<\/p>\n\n\n\n<p>Avasta rohkem Scandinavian Biolabs tooteid - <a href=\"https:\/\/purama.lt\/ee\/tootesildid\/scandinavian-biolabs\/\">vaata kogu valikut<\/a>.<\/p>","protected":false},"excerpt":{"rendered":"<p><strong>Scandinavian Biolabs Bio-Pilixin ripsmete kasvu seerum -<\/strong>\u00a0Ainulaadne toode, mis on m\u00f5eldud ripsmete loomuliku kasvu stimuleerimiseks ja nende tugevuse suurendamiseks. Koostis on rikastatud biomimeetiliste peptiidide ja biotiiniga, mis avaldavad otsest m\u00f5ju juuksefolliikulitele, pikendades kasvufaasi. Pantenool ja aminohapped tagavad ripsmete elastsuse ja vastupidavuse, muutes need paksemaks ja v\u00e4hem murdumisohtlikuks. <\/p>\n<p><strong>Miks valida:<br \/><\/strong> \u2714\ufe0f Tulemused on n\u00e4htavad 4-6 n\u00e4dala jooksul<br \/>\u2714\ufe0f Sobib ka tundlikele silmadele, l\u00f5hnavaba.<br \/>\u2714\ufe0f Ei kasutata hormoone ega prostaglandiini.<br \/>\u2714\ufe0f Dermatoloogiliselt ja oftalmoloogiliselt heaks kiidetud.<\/p>","protected":false},"featured_media":35428,"comment_status":"open","ping_status":"closed","template":"","meta":{"_acf_changed":true},"product_brand":[453],"product_cat":[92,57,56,59],"product_tag":[],"class_list":{"0":"post-35420","1":"product","2":"type-product","3":"status-publish","4":"has-post-thumbnail","6":"product_brand-scandinavian-biolabs","7":"product_cat-groziui","8":"product_cat-akcijos","9":"product_cat-veido-serumai","10":"product_cat-veidui","12":"first","13":"instock","14":"sale","15":"shipping-taxable","16":"purchasable","17":"product-type-simple"},"acf":[],"tiered_pricing_type":"fixed","tiered_pricing_fixed_rules":[],"tiered_pricing_product_settings":{"layout":"default","base_unit_name":{"singular":null,"plural":null},"default_variation":null},"tiered_pricing_minimum_quantity":null,"tiered_pricing_roles_data":[],"tiered_pricing_percentage_rules":[],"_links":{"self":[{"href":"https:\/\/purama.lt\/ee\/wp-json\/wp\/v2\/product\/35420","targetHints":{"allow":["GET"]}}],"collection":[{"href":"https:\/\/purama.lt\/ee\/wp-json\/wp\/v2\/product"}],"about":[{"href":"https:\/\/purama.lt\/ee\/wp-json\/wp\/v2\/types\/product"}],"replies":[{"embeddable":true,"href":"https:\/\/purama.lt\/ee\/wp-json\/wp\/v2\/comments?post=35420"}],"wp:featuredmedia":[{"embeddable":true,"href":"https:\/\/purama.lt\/ee\/wp-json\/wp\/v2\/media\/35428"}],"wp:attachment":[{"href":"https:\/\/purama.lt\/ee\/wp-json\/wp\/v2\/media?parent=35420"}],"wp:term":[{"taxonomy":"product_brand","embeddable":true,"href":"https:\/\/purama.lt\/ee\/wp-json\/wp\/v2\/product_brand?post=35420"},{"taxonomy":"product_cat","embeddable":true,"href":"https:\/\/purama.lt\/ee\/wp-json\/wp\/v2\/product_cat?post=35420"},{"taxonomy":"product_tag","embeddable":true,"href":"https:\/\/purama.lt\/ee\/wp-json\/wp\/v2\/product_tag?post=35420"}],"curies":[{"name":"wp","href":"https:\/\/api.w.org\/{rel}","templated":true}]}}