{"id":35419,"date":"2025-06-04T11:17:28","date_gmt":"2025-06-04T11:17:28","guid":{"rendered":"https:\/\/purama.lt\/produktas\/scandinavian-biolabs-bio-pilixin-plauku-augimo-serumas-vyrams\/"},"modified":"2026-04-19T00:27:31","modified_gmt":"2026-04-18T22:27:31","slug":"scandinavian-biolabs-bio-pilixin-juuste-kasvu-seerum-meestele","status":"publish","type":"product","link":"https:\/\/purama.lt\/ee\/produktas\/scandinavian-biolabs-bio-pilixin-plauku-augimo-serumas-vyrams\/","title":{"rendered":"Scandinavian Biolabs Bio-Pilixin Activation Serum juuste kasvu seerum meestele"},"content":{"rendered":"<p><strong>Kasutamine:<\/strong><br>1 pipett kord p\u00e4evas - kandke kuivale v\u00f5i niiskele peanahale, masseerige 1-2 minutit. \u00c4rge peske peanahka v\u00e4hemalt 3 tunni jooksul.<br><br><strong>Koostisained:<\/strong><br>Capilia Longa\u00ae, kofeiin, pantenool, niatsiinamiid, tsink PCA, arginiin, eukal\u00fcpti lehe\u00f5li.<\/p>","protected":false},"excerpt":{"rendered":"<p><strong>Scandinavian Biolabs Bio-Pilixin Activation Serum. <\/strong>Spetsiaalselt meeste peanaha vajadustele loodud seerum aktiveerib uinunud juuksefolliikuleid, tugevdab nende struktuuri ja aitab v\u00e4hendada geneetilist v\u00f5i stressist tingitud juuste v\u00e4ljalangemist. P\u00f5hineb Capilia Longa\u00ae kompleksil ja tugevdaval kofeiinil, mis m\u00f5juvad otse probleemsetele piirkondadele (templid, peanahk). Ideaalne nii ennetamiseks kui ka n\u00e4htavaks juuste h\u00f5renemiseks. <\/p>\n<p><strong>Miks valida:<br \/><\/strong> \u2714\ufe0f T\u00f6\u00f6tab t\u00e4pselt seal, kus seda on vaja - meestele spetsiifilistes valdkondades<br \/>\u2714\ufe0f \u00c4rritusvaba, sobib ka tundlikule nahale.<br \/>\u2714\ufe0f Looduslik, kliiniliselt testitud koostis<br \/>\u2714\ufe0f Tulemused, mis on saavutatud ilma hormoonide v\u00f5i k\u00f5rvaltoimeteta.<\/p>","protected":false},"featured_media":35440,"comment_status":"open","ping_status":"closed","template":"","meta":{"_acf_changed":false},"product_brand":[453],"product_cat":[92,57,304,305],"product_tag":[],"class_list":{"0":"post-35419","1":"product","2":"type-product","3":"status-publish","4":"has-post-thumbnail","6":"product_brand-scandinavian-biolabs","7":"product_cat-groziui","8":"product_cat-akcijos","9":"product_cat-plaukams","10":"product_cat-plauku-serumai","12":"first","13":"instock","14":"sale","15":"shipping-taxable","16":"purchasable","17":"product-type-simple"},"acf":[],"tiered_pricing_type":"fixed","tiered_pricing_fixed_rules":[],"tiered_pricing_product_settings":{"layout":"default","base_unit_name":{"singular":null,"plural":null},"default_variation":null},"tiered_pricing_minimum_quantity":null,"tiered_pricing_roles_data":[],"tiered_pricing_percentage_rules":[],"_links":{"self":[{"href":"https:\/\/purama.lt\/ee\/wp-json\/wp\/v2\/product\/35419","targetHints":{"allow":["GET"]}}],"collection":[{"href":"https:\/\/purama.lt\/ee\/wp-json\/wp\/v2\/product"}],"about":[{"href":"https:\/\/purama.lt\/ee\/wp-json\/wp\/v2\/types\/product"}],"replies":[{"embeddable":true,"href":"https:\/\/purama.lt\/ee\/wp-json\/wp\/v2\/comments?post=35419"}],"wp:featuredmedia":[{"embeddable":true,"href":"https:\/\/purama.lt\/ee\/wp-json\/wp\/v2\/media\/35440"}],"wp:attachment":[{"href":"https:\/\/purama.lt\/ee\/wp-json\/wp\/v2\/media?parent=35419"}],"wp:term":[{"taxonomy":"product_brand","embeddable":true,"href":"https:\/\/purama.lt\/ee\/wp-json\/wp\/v2\/product_brand?post=35419"},{"taxonomy":"product_cat","embeddable":true,"href":"https:\/\/purama.lt\/ee\/wp-json\/wp\/v2\/product_cat?post=35419"},{"taxonomy":"product_tag","embeddable":true,"href":"https:\/\/purama.lt\/ee\/wp-json\/wp\/v2\/product_tag?post=35419"}],"curies":[{"name":"wp","href":"https:\/\/api.w.org\/{rel}","templated":true}]}}