{"id":35418,"date":"2025-06-04T11:17:24","date_gmt":"2025-06-04T11:17:24","guid":{"rendered":"https:\/\/purama.lt\/produktas\/scandinavian-biolabs-bio-pilixin-plauku-augimo-serumas-moterims\/"},"modified":"2026-04-24T18:53:54","modified_gmt":"2026-04-24T16:53:54","slug":"scandinavian-biolabs-bio-pilixin-juuste-kasvu-seerum-naistele","status":"publish","type":"product","link":"https:\/\/purama.lt\/ee\/produktas\/scandinavian-biolabs-bio-pilixin-plauku-augimo-serumas-moterims\/","title":{"rendered":"Scandinavian Biolabs Bio-Pilixin Activation Serum Juuste kasvu seerum naistele"},"content":{"rendered":"<p><strong>Kasutamine:<\/strong><br>Igap\u00e4evaseks kasutamiseks. Kandke 2 pipetti seerumit puhtale peanahale, jaotage \u00fchtlaselt ja masseerige \u00f5rnalt. \u00c4rge loputage.<br><br><strong>Koostisained:<\/strong><br>Capilia Longa\u00ae (kurkumiekstrakt), kofeiin, niatsiinamiid, pantenool, tsink PCA, eukal\u00fcpti\u00f5li, arginiin, looduslikud pehmendavad ained.<br><br>Avasta rohkem Scandinavian Biolabs tooteid - <a href=\"https:\/\/purama.lt\/ee\/tootesildid\/scandinavian-biolabs\/\">vaata kogu valikut<\/a>.<\/p>","protected":false},"excerpt":{"rendered":"<p><strong>Scandinavian Biolabs Bio-Pilixin Activation Serum. <\/strong>See uuenduslik seerum on loodud spetsiaalselt naistele, kes kogevad varajast v\u00f5i kroonilist juuste v\u00e4ljalangemist. See stimuleerib peanahka, soodustab juuksefolliikulite aktiivsust ja aitab taastada juuste loomuliku kohevuse. Valem sisaldab patenteeritud kasvufaktoreid, nagu Capixyl\u00ae (vabandust, eelmine tekst sisaldas Capilia Longa\u00ae mida ma ei suuda kontrollida, kuid Capixyl\u00ae on t\u00f5en\u00e4olisem kaubam\u00e4rk juuste v\u00e4ljalangemise toodetes) ja kofeiini, mis toimivad s\u00fcnergiliselt, stimuleerides vereringet ja tugevdades juuri. Tulemuseks on tihedamad, tervislikumad ja vastupidavamad juuksed ilma hormonaalsete v\u00f5i s\u00fcnteetiliste lisanditeta. <\/p>\n<p><strong>Miks valida:<br \/><\/strong> \u2714\ufe0f Kliiniliselt testitud - tulemused on n\u00e4htavad 150 p\u00e4eva jooksul.<br \/>\u2714\ufe0f Hormooni- ja ravimivaba valemiga<br \/>\u2714\ufe0f Sobib k\u00f5ikidele nahat\u00fc\u00fcpidele, sealhulgas tundlikule nahale.<br \/>\u2714\ufe0f \u00dchildub teiste Biolabs toodetega<\/p>","protected":false},"featured_media":35439,"comment_status":"open","ping_status":"closed","template":"","meta":{"_acf_changed":false},"product_brand":[453],"product_cat":[92,57,393,304,305],"product_tag":[],"class_list":{"0":"post-35418","1":"product","2":"type-product","3":"status-publish","4":"has-post-thumbnail","6":"product_brand-scandinavian-biolabs","7":"product_cat-groziui","8":"product_cat-akcijos","9":"product_cat-dovanu-idejos","10":"product_cat-plaukams","11":"product_cat-plauku-serumai","13":"first","14":"instock","15":"sale","16":"shipping-taxable","17":"purchasable","18":"product-type-simple"},"acf":[],"tiered_pricing_type":"fixed","tiered_pricing_fixed_rules":[],"tiered_pricing_product_settings":{"layout":"default","base_unit_name":{"singular":null,"plural":null},"default_variation":null},"tiered_pricing_minimum_quantity":null,"tiered_pricing_roles_data":[],"tiered_pricing_percentage_rules":[],"_links":{"self":[{"href":"https:\/\/purama.lt\/ee\/wp-json\/wp\/v2\/product\/35418","targetHints":{"allow":["GET"]}}],"collection":[{"href":"https:\/\/purama.lt\/ee\/wp-json\/wp\/v2\/product"}],"about":[{"href":"https:\/\/purama.lt\/ee\/wp-json\/wp\/v2\/types\/product"}],"replies":[{"embeddable":true,"href":"https:\/\/purama.lt\/ee\/wp-json\/wp\/v2\/comments?post=35418"}],"wp:featuredmedia":[{"embeddable":true,"href":"https:\/\/purama.lt\/ee\/wp-json\/wp\/v2\/media\/35439"}],"wp:attachment":[{"href":"https:\/\/purama.lt\/ee\/wp-json\/wp\/v2\/media?parent=35418"}],"wp:term":[{"taxonomy":"product_brand","embeddable":true,"href":"https:\/\/purama.lt\/ee\/wp-json\/wp\/v2\/product_brand?post=35418"},{"taxonomy":"product_cat","embeddable":true,"href":"https:\/\/purama.lt\/ee\/wp-json\/wp\/v2\/product_cat?post=35418"},{"taxonomy":"product_tag","embeddable":true,"href":"https:\/\/purama.lt\/ee\/wp-json\/wp\/v2\/product_tag?post=35418"}],"curies":[{"name":"wp","href":"https:\/\/api.w.org\/{rel}","templated":true}]}}