{"id":35415,"date":"2025-06-04T11:17:10","date_gmt":"2025-06-04T11:17:10","guid":{"rendered":"https:\/\/purama.lt\/produktas\/nokobi-advanced-hydra-h3-odos-atjauninimo-prietaisas-veidui\/"},"modified":"2026-04-08T09:54:35","modified_gmt":"2026-04-08T07:54:35","slug":"nokobi-advanced-hydra-h3-naha-noorendaja-naole","status":"publish","type":"product","link":"https:\/\/purama.lt\/ee\/produktas\/nokobi-advanced-hydra-h3-odos-atjauninimo-prietaisas-veidui\/","title":{"rendered":"Nokobi Advanced Hydra H3 naha noorendaja n\u00e4ole"},"content":{"rendered":"<p><strong>Kasutamine:<\/strong><\/p>\n\n\n\n<p>Puhastage oma n\u00e4gu ja kandke toode, mida soovite paremini imenduda.<\/p>\n\n\n\n<p>Kasutage seadet 10-15 minutit, liikudes sellega \u00fcle kogu n\u00e4o.<\/p>\n\n\n\n<p>Soovitatav on teha ravi 3-4 korda n\u00e4dalas.<\/p>\n\n\n\n<p>Kasutage p\u00e4rast kasutamist niisutavat kreemi v\u00f5i seerumit.<\/p>\n\n\n\n<p><strong>Eelised:<\/strong><\/p>\n\n\n\n<p>Parandab naha niisutamist ja toitmist;<\/p>\n\n\n\n<p>Tugevdab naha struktuuri ja v\u00e4hendab kortse;<\/p>\n\n\n\n<p>Soodustab l\u00fcmfidrenaa\u017ei ja naha s\u00e4ra;<\/p>\n\n\n\n<p>Sobib tundlikule ja vananevale nahale.<\/p>","protected":false},"excerpt":{"rendered":"<p><strong>Nokobi Advanced Hydra H3 - uuenduslik seade naha intensiivseks noorendamiseks ja niisutamiseks<\/strong>. See kombineerib ultraheli vibratsiooni ja \u00f5rna vaakumteraapiat, et parandada vereringet, stimuleerida rakkude uuenemist ja suurendada naha elastsust. Sobib ideaalselt kuivale, v\u00e4sinud ja vananevale nahale. <\/p>\n<p><strong>Miks valida Nokobi Advanced Hydra H3?<br \/><\/strong> \u2714 Kombineeritud ultraheli- ja vaakumteraapia tehnoloogiad<br \/>\u2714 Stimuleerib naha loomulikku uuenemist<br \/>\u2714 Mitteinvasiivne ja ohutu igap\u00e4evane hooldus<br \/>\u2714 Tagab kiired ja n\u00e4htavad tulemused<\/p>\n<p><strong>TARNEAEG V\u00d5IB VARIEERUDA 10-14 T\u00d6\u00d6P\u00c4EVA.<\/strong><\/p>","protected":false},"featured_media":35442,"comment_status":"open","ping_status":"closed","template":"","meta":{"_acf_changed":false},"product_brand":[443],"product_cat":[282,288,283],"product_tag":[],"class_list":{"0":"post-35415","1":"product","2":"type-product","3":"status-publish","4":"has-post-thumbnail","6":"product_brand-nokobi","7":"product_cat-longevity-prietaisai","8":"product_cat-grozio-ir-odos-prieziura","9":"product_cat-sveikatingumo-prietaisai","11":"first","12":"instock","13":"shipping-taxable","14":"purchasable","15":"product-type-simple"},"acf":[],"tiered_pricing_type":"fixed","tiered_pricing_fixed_rules":[],"tiered_pricing_product_settings":{"layout":"default","base_unit_name":{"singular":null,"plural":null},"default_variation":null},"tiered_pricing_minimum_quantity":null,"tiered_pricing_roles_data":[],"tiered_pricing_percentage_rules":[],"_links":{"self":[{"href":"https:\/\/purama.lt\/ee\/wp-json\/wp\/v2\/product\/35415","targetHints":{"allow":["GET"]}}],"collection":[{"href":"https:\/\/purama.lt\/ee\/wp-json\/wp\/v2\/product"}],"about":[{"href":"https:\/\/purama.lt\/ee\/wp-json\/wp\/v2\/types\/product"}],"replies":[{"embeddable":true,"href":"https:\/\/purama.lt\/ee\/wp-json\/wp\/v2\/comments?post=35415"}],"wp:featuredmedia":[{"embeddable":true,"href":"https:\/\/purama.lt\/ee\/wp-json\/wp\/v2\/media\/35442"}],"wp:attachment":[{"href":"https:\/\/purama.lt\/ee\/wp-json\/wp\/v2\/media?parent=35415"}],"wp:term":[{"taxonomy":"product_brand","embeddable":true,"href":"https:\/\/purama.lt\/ee\/wp-json\/wp\/v2\/product_brand?post=35415"},{"taxonomy":"product_cat","embeddable":true,"href":"https:\/\/purama.lt\/ee\/wp-json\/wp\/v2\/product_cat?post=35415"},{"taxonomy":"product_tag","embeddable":true,"href":"https:\/\/purama.lt\/ee\/wp-json\/wp\/v2\/product_tag?post=35415"}],"curies":[{"name":"wp","href":"https:\/\/api.w.org\/{rel}","templated":true}]}}