{"id":35414,"date":"2025-06-04T11:17:08","date_gmt":"2025-06-04T11:17:08","guid":{"rendered":"https:\/\/purama.lt\/produktas\/nokobi-hydra-pen-h5-veido-atjauninimo-irenginys\/"},"modified":"2026-04-08T09:54:41","modified_gmt":"2026-04-08T07:54:41","slug":"nokobi-hydra-pen-h5-nao-noorendaja","status":"publish","type":"product","link":"https:\/\/purama.lt\/ee\/produktas\/nokobi-hydra-pen-h5-veido-atjauninimo-irenginys\/","title":{"rendered":"Nokobi Hydra Pen H5 n\u00e4o noorendaja"},"content":{"rendered":"<p><strong>Kasutamine:<\/strong><\/p>\n\n\n\n<p>Puhastage oma n\u00e4gu ja soovi korral kandke nahahooldusseerumit.<\/p>\n\n\n\n<p>Valige soovitud re\u017eiim.<\/p>\n\n\n\n<p>Kasutage seadet 10-15 minutit 2-3 korda n\u00e4dalas.<\/p>\n\n\n\n<p>P\u00e4rast hooldust kasutage niisutavat kreemi.<\/p>\n\n\n\n<p><strong>Eelised:<\/strong><\/p>\n\n\n\n<p>S\u00fcgava naha niisutamise tehnoloogia;<\/p>\n\n\n\n<p>Parandab toimeainete imendumist;<\/p>\n\n\n\n<p>V\u00e4hendab kortse ja silub naha tekstuuri;<\/p>\n\n\n\n<p>Soodustab naha uuenemist ja s\u00e4ra.<\/p>","protected":false},"excerpt":{"rendered":"<p><strong>Nokobi Hydra Pen H5 - t\u00e4iustatud n\u00e4o noorendamise seade naha s\u00fcgavale niisutamisele ja toitmisele.<\/strong>. See kasutab mikroinjektsioone ja ultrahelitehnoloogiat, mis aitavad toimeainetel tungida s\u00fcgavamale naha sisse. See seade v\u00e4hendab t\u00f5husalt kortse, parandab naha tekstuuri ja annab noorusliku s\u00e4ra. <\/p>\n<p><strong>Miks valida Nokobi Hydra Pen H5?<br \/><\/strong> \u2714 Kaasaegne n\u00f5elavaba mikroinjektsioonitehnoloogia<br \/>\u2714 Sobib paljudele nahat\u00fc\u00fcpidele ja vajadustele.<br \/>\u2714 Parandab kosmeetikatoodete t\u00f5husust<br \/>\u2714 Ohutu, mitteinvasiivne nahahooldusprotseduur<\/p>\n<p><strong>TARNEAEG V\u00d5IB VARIEERUDA 10-14 T\u00d6\u00d6P\u00c4EVA.<\/strong><\/p>","protected":false},"featured_media":35429,"comment_status":"open","ping_status":"closed","template":"","meta":{"_acf_changed":false},"product_brand":[443],"product_cat":[282,288,283],"product_tag":[],"class_list":{"0":"post-35414","1":"product","2":"type-product","3":"status-publish","4":"has-post-thumbnail","6":"product_brand-nokobi","7":"product_cat-longevity-prietaisai","8":"product_cat-grozio-ir-odos-prieziura","9":"product_cat-sveikatingumo-prietaisai","11":"first","12":"instock","13":"shipping-taxable","14":"purchasable","15":"product-type-simple"},"acf":[],"tiered_pricing_type":"fixed","tiered_pricing_fixed_rules":[],"tiered_pricing_product_settings":{"layout":"default","base_unit_name":{"singular":null,"plural":null},"default_variation":null},"tiered_pricing_minimum_quantity":null,"tiered_pricing_roles_data":[],"tiered_pricing_percentage_rules":[],"_links":{"self":[{"href":"https:\/\/purama.lt\/ee\/wp-json\/wp\/v2\/product\/35414","targetHints":{"allow":["GET"]}}],"collection":[{"href":"https:\/\/purama.lt\/ee\/wp-json\/wp\/v2\/product"}],"about":[{"href":"https:\/\/purama.lt\/ee\/wp-json\/wp\/v2\/types\/product"}],"replies":[{"embeddable":true,"href":"https:\/\/purama.lt\/ee\/wp-json\/wp\/v2\/comments?post=35414"}],"wp:featuredmedia":[{"embeddable":true,"href":"https:\/\/purama.lt\/ee\/wp-json\/wp\/v2\/media\/35429"}],"wp:attachment":[{"href":"https:\/\/purama.lt\/ee\/wp-json\/wp\/v2\/media?parent=35414"}],"wp:term":[{"taxonomy":"product_brand","embeddable":true,"href":"https:\/\/purama.lt\/ee\/wp-json\/wp\/v2\/product_brand?post=35414"},{"taxonomy":"product_cat","embeddable":true,"href":"https:\/\/purama.lt\/ee\/wp-json\/wp\/v2\/product_cat?post=35414"},{"taxonomy":"product_tag","embeddable":true,"href":"https:\/\/purama.lt\/ee\/wp-json\/wp\/v2\/product_tag?post=35414"}],"curies":[{"name":"wp","href":"https:\/\/api.w.org\/{rel}","templated":true}]}}