{"id":35412,"date":"2025-06-04T11:16:59","date_gmt":"2025-06-04T11:16:59","guid":{"rendered":"https:\/\/purama.lt\/produktas\/nokobi-ems-veido-patempimo-kauke\/"},"modified":"2026-04-08T09:54:53","modified_gmt":"2026-04-08T07:54:53","slug":"nokobi-ems-naomask","status":"publish","type":"product","link":"https:\/\/purama.lt\/ee\/produktas\/nokobi-ems-veido-patempimo-kauke\/","title":{"rendered":"Nokobi EMS n\u00e4o pinguldav mask"},"content":{"rendered":"<p><strong>Kasutamine:<\/strong><\/p>\n\n\n\n<p>Kandke mask puhtale ja kuivale nahale.<\/p>\n\n\n\n<p>Valige \u00f5ige intensiivsuse tase.<\/p>\n\n\n\n<p>Kasutage 15-20-minutilisi seansse 3-4 korda n\u00e4dalas.<\/p>\n\n\n\n<p>P\u00e4rast ravi on soovitatav kasutada niisutavat seerumit v\u00f5i kreemi.<\/p>\n\n\n\n<p><strong>Eelised:<\/strong><\/p>\n\n\n\n<p>Parandab lihastoonust ja elastsust;<\/p>\n\n\n\n<p>Stimuleerib naha regenereerimist ja kollageeni s\u00fcnteesi;<\/p>\n\n\n\n<p>V\u00e4hendab kortse ja peeneid jooni;<\/p>\n\n\n\n<p>Parandab jume ja naha s\u00e4ra.<\/p>","protected":false},"excerpt":{"rendered":"<p><strong>Nokobi EMS n\u00e4o pingutusmask<\/strong> - t\u00e4iustatud nahahooldusseade n\u00e4olihaste stimuleerimiseks ja naha toonuse parandamiseks. See kasutab EMS (elektromagnetiline stimulatsioon) tehnoloogiat, et stimuleerida lihaskontraktsioone, suurendada vereringet ja soodustada kollageeni tootmist. See aitab v\u00e4hendada kortse, pinguldada nahka ja anda sellele s\u00e4ravama ja nooruslikuma jume. <strong>Miks valida Nokobi EMS n\u00e4o pingutusmask?<\/strong> \u2714 Uuenduslik EMS-tehnoloogia t\u00f5husaks naha noorendamiseks \u2714 Lihtne ja mugav kasutada kodus \u2714 Ohutu ja mitteinvasiivne alternatiiv kallimale ravile \u2714 Reguleeritav intensiivsus vastavalt vajadustele <strong>TARNEAEG V\u00d5IB VARIEERUDA 10-14 T\u00d6\u00d6P\u00c4EVA.<\/strong><\/p>","protected":false},"featured_media":35430,"comment_status":"open","ping_status":"closed","template":"","meta":{"_acf_changed":false},"product_brand":[443],"product_cat":[282,288,283],"product_tag":[],"class_list":{"0":"post-35412","1":"product","2":"type-product","3":"status-publish","4":"has-post-thumbnail","6":"product_brand-nokobi","7":"product_cat-longevity-prietaisai","8":"product_cat-grozio-ir-odos-prieziura","9":"product_cat-sveikatingumo-prietaisai","11":"first","12":"instock","13":"shipping-taxable","14":"purchasable","15":"product-type-simple"},"acf":[],"tiered_pricing_type":"fixed","tiered_pricing_fixed_rules":[],"tiered_pricing_product_settings":{"layout":"default","base_unit_name":{"singular":null,"plural":null},"default_variation":null},"tiered_pricing_minimum_quantity":null,"tiered_pricing_roles_data":[],"tiered_pricing_percentage_rules":[],"_links":{"self":[{"href":"https:\/\/purama.lt\/ee\/wp-json\/wp\/v2\/product\/35412","targetHints":{"allow":["GET"]}}],"collection":[{"href":"https:\/\/purama.lt\/ee\/wp-json\/wp\/v2\/product"}],"about":[{"href":"https:\/\/purama.lt\/ee\/wp-json\/wp\/v2\/types\/product"}],"replies":[{"embeddable":true,"href":"https:\/\/purama.lt\/ee\/wp-json\/wp\/v2\/comments?post=35412"}],"wp:featuredmedia":[{"embeddable":true,"href":"https:\/\/purama.lt\/ee\/wp-json\/wp\/v2\/media\/35430"}],"wp:attachment":[{"href":"https:\/\/purama.lt\/ee\/wp-json\/wp\/v2\/media?parent=35412"}],"wp:term":[{"taxonomy":"product_brand","embeddable":true,"href":"https:\/\/purama.lt\/ee\/wp-json\/wp\/v2\/product_brand?post=35412"},{"taxonomy":"product_cat","embeddable":true,"href":"https:\/\/purama.lt\/ee\/wp-json\/wp\/v2\/product_cat?post=35412"},{"taxonomy":"product_tag","embeddable":true,"href":"https:\/\/purama.lt\/ee\/wp-json\/wp\/v2\/product_tag?post=35412"}],"curies":[{"name":"wp","href":"https:\/\/api.w.org\/{rel}","templated":true}]}}