{"id":35017,"date":"2025-05-26T12:05:56","date_gmt":"2025-05-26T12:05:56","guid":{"rendered":"https:\/\/purama.lt\/produktas\/faced-drekinantis-purskiamas-pienelis-nuo-saules-spf50\/"},"modified":"2026-04-14T09:24:01","modified_gmt":"2026-04-14T07:24:01","slug":"face-niisutav-paikesekaitsesprei-spf50","status":"publish","type":"product","link":"https:\/\/purama.lt\/ee\/produktas\/faced-drekinantis-purskiamas-pienelis-nuo-saules-spf50\/","title":{"rendered":"FaceD Niisutav piimaprits p\u00e4ikesekaitsekreem SPF50"},"content":{"rendered":"<p><strong>Kuidas kasutada<\/strong>: <br>Enne kasutamist loksutada. Pihustage \u00fchtlaselt puhtale, kuivale nahale 15-20 minutit enne p\u00e4ikese k\u00e4es viibimist. Jagage p\u00f5hjalikult, eriti \u00f5lgadele, n\u00e4ole, kaelale, nina ja k\u00f5rvadele. Korda iga 2 tunni j\u00e4rel, ka p\u00e4rast suplemist, higistamist v\u00f5i r\u00e4tikukuivatamist.<\/p>\n\n\n\n<hr class=\"wp-block-separator has-alpha-channel-opacity\" \/>\n\n\n\n<p><strong>Koostisained:<\/strong> Aqua (vesi), C12-15 alk\u00fc\u00fclbensoaat, biset\u00fc\u00fclheks\u00fc\u00fclheks\u00fc\u00fclfenoolmetoks\u00fcfen\u00fc\u00fcltriasiin, et\u00fc\u00fclheks\u00fc\u00fclsalits\u00fclaat, but\u00fc\u00fclmetoks\u00fcdibenso\u00fc\u00fclmetaan, gl\u00fctseriin, fen\u00fc\u00fclbensimidasoolsulfoonhape, Akr\u00fclaadid\/C12-22 alk\u00fc\u00fclmetakr\u00fclaat kopol\u00fcmeer, propaandiool, okt\u00fc\u00fcldodets\u00fc\u00fcltsitraadi ristpol\u00fcmeer, pol\u00fcgl\u00fctser\u00fc\u00fcl-2-dipol\u00fch\u00fcdroks\u00fcstearaat, Laur\u00fc\u00fclgl\u00fckosiid, inuliin, naatriumstear\u00fc\u00fclglutamaat, Olea Europaea (oliivi) puuvilja\u00f5li, fenoks\u00fcetanool, Prunus Amygdalus Dulcis (mandli) \u00f5li, Aloe Barbadensis lehtede mahl, arginiin, naatriumh\u00fcdroksiid, akr\u00fclaat\/beneet-25 metakr\u00fclaat kopol\u00fcmeer, kookosgl\u00fckosiid, alfa-gl\u00fckaan-ligosahhariid, et\u00fc\u00fclheks\u00fc\u00fclgl\u00fctseriin, dinaatriumlaur\u00fc\u00fclsulfosuktsinaat, tokofer\u00fc\u00fclatsetaat, letsitiin, tokoferool, askorb\u00fc\u00fclpalmitaat, sidrunhape.<\/p>","protected":false},"excerpt":{"rendered":"<p data-start=\"181\" data-end=\"277\"><strong data-start=\"184\" data-end=\"277\">FaceD Hydrasun Spray Milk SPF50 - niisutav p\u00e4ikesekaitsesprei kogu perele.\u00a0<\/strong>V\u00e4ga k\u00f5rge kaitsetase n\u00e4ole ja kehale - maksimaalne p\u00e4ikesekaitse k\u00f5ikidele nahat\u00fc\u00fcpidele, sealhulgas laste ja imikute tundlikule nahale (alates 6 kuust). See SPF50+ spreipiim on koostatud maksimaalse t\u00f5hususe ja \u00f5rnuse saavutamiseks - see kaitseb nahka kahjulike UVA- ja UVB-kiirte eest, aitab ennetada punetust, p\u00e4ikesep\u00f5letust, kuivamist ja s\u00e4ilitab naha loomuliku barj\u00e4\u00e4ri funktsiooni. Koostis on rikastatud <strong data-start=\"702\" data-end=\"763\">Aloe vera ekstrakt, vitamiinid ja looduslikud prebiootikumid.<\/strong>, mis mitte ainult ei niisuta, vaid ka tugevdavad ja rahustavad nahka. T\u00e4nu \u00fclikergele tekstuurile imendub see koheselt, ei j\u00e4ta valgeid j\u00e4\u00e4ke, kleepuvust ega rasvase tundeid. Sobib nii igap\u00e4evaseks kasutamiseks linnas kui ka intensiivseks p\u00e4ikese k\u00e4es viibimiseks mere \u00e4\u00e4res v\u00f5i m\u00e4gedes.<\/p>\n<p data-start=\"181\" data-end=\"277\"><strong data-start=\"2170\" data-end=\"2193\">Miks valida:<br \/><\/strong>\u2714 Sobib imikutele alates 6 kuu vanuselt - pediaatriliselt testitud<br data-start=\"2250\" data-end=\"2253\" \/>\u2714 V\u00e4ga k\u00f5rge SPF50+ kaitse UVA ja UVB kiirte eest<br data-start=\"2307\" data-end=\"2310\" \/>\u2714 Alavide, vitamiinide ja looduslike prebiootikumidega<br data-start=\"2364\" data-end=\"2367\" \/>\u2714 Mitte-rasvane, kiiresti imenduv, ei ole valgeid m\u00e4rke<br data-start=\"2426\" data-end=\"2429\" \/>\u2714 Mugav pihustusvorm kiireks ja \u00fchtlaseks katmiseks<br data-start=\"2487\" data-end=\"2490\" \/>\u2714 Ookeanis\u00f5bralik koostis, 100 % ringlussev\u00f5etud plastpakendist<br data-start=\"2548\" data-end=\"2551\" \/>\u2714 Ei ole testitud loomade peal, ei sisalda komedogeenseid koostisosi.<\/p>","protected":false},"featured_media":35030,"comment_status":"open","ping_status":"closed","template":"","meta":{"_acf_changed":false},"product_brand":[424],"product_cat":[92,303,300],"product_tag":[],"class_list":{"0":"post-35017","1":"product","2":"type-product","3":"status-publish","4":"has-post-thumbnail","6":"product_brand-faced","7":"product_cat-groziui","8":"product_cat-kremai-nuo-saules-kunui","9":"product_cat-kunui","11":"first","12":"instock","13":"shipping-taxable","14":"purchasable","15":"product-type-simple"},"acf":[],"tiered_pricing_type":"fixed","tiered_pricing_fixed_rules":[],"tiered_pricing_product_settings":{"layout":"default","base_unit_name":{"singular":null,"plural":null},"default_variation":null},"tiered_pricing_minimum_quantity":null,"tiered_pricing_roles_data":[],"tiered_pricing_percentage_rules":[],"_links":{"self":[{"href":"https:\/\/purama.lt\/ee\/wp-json\/wp\/v2\/product\/35017","targetHints":{"allow":["GET"]}}],"collection":[{"href":"https:\/\/purama.lt\/ee\/wp-json\/wp\/v2\/product"}],"about":[{"href":"https:\/\/purama.lt\/ee\/wp-json\/wp\/v2\/types\/product"}],"replies":[{"embeddable":true,"href":"https:\/\/purama.lt\/ee\/wp-json\/wp\/v2\/comments?post=35017"}],"wp:featuredmedia":[{"embeddable":true,"href":"https:\/\/purama.lt\/ee\/wp-json\/wp\/v2\/media\/35030"}],"wp:attachment":[{"href":"https:\/\/purama.lt\/ee\/wp-json\/wp\/v2\/media?parent=35017"}],"wp:term":[{"taxonomy":"product_brand","embeddable":true,"href":"https:\/\/purama.lt\/ee\/wp-json\/wp\/v2\/product_brand?post=35017"},{"taxonomy":"product_cat","embeddable":true,"href":"https:\/\/purama.lt\/ee\/wp-json\/wp\/v2\/product_cat?post=35017"},{"taxonomy":"product_tag","embeddable":true,"href":"https:\/\/purama.lt\/ee\/wp-json\/wp\/v2\/product_tag?post=35017"}],"curies":[{"name":"wp","href":"https:\/\/api.w.org\/{rel}","templated":true}]}}