{"id":35014,"date":"2025-05-26T12:05:51","date_gmt":"2025-05-26T12:05:51","guid":{"rendered":"https:\/\/purama.lt\/produktas\/faced-retinolio-kuno-serumas\/"},"modified":"2026-04-14T09:24:01","modified_gmt":"2026-04-14T07:24:01","slug":"silmitsi-retinooliga-nahaseerumiga","status":"publish","type":"product","link":"https:\/\/purama.lt\/ee\/produktas\/faced-retinolio-kuno-serumas\/","title":{"rendered":"FaceD Retinol Body Serum"},"content":{"rendered":"<p><strong>Kuidas kasutada<\/strong>:<br>Kasutage seerumit \u00f5htul puhtale nahale, kasutades kergeid masseerivaid liigutusi, kandke seerum probleemsetele piirkondadele, nagu k\u00f5ht, reied, k\u00e4ed, kael v\u00f5i dekoltee. Laske sisse imbuda. Pikaajaliste tulemuste saavutamiseks on soovitatav kasutada igap\u00e4evaselt v\u00e4hemalt 8 n\u00e4dala jooksul. V\u00e4ltige p\u00e4rast kasutamist otsest p\u00e4ikese k\u00e4es viibimist - kasutage seda \u00f5htul ja kaitske nahka p\u00e4eva jooksul SPF-tootega.<\/p>\n\n\n\n<hr class=\"wp-block-separator has-alpha-channel-opacity\" \/>\n\n\n\n<p><strong>Koostisained:<\/strong> Aqua (vesi), but\u00fcleengl\u00fckool, gl\u00fctseriin, propaandiool, C9-12-alkaan, alumiiniumt\u00e4rklise okten\u00fc\u00fclsuktsinaat, m\u00fcrist\u00fc\u00fcllaktaat, pullulaan, fosfolipiidid, retinooli, letsitiin, tokoferool, Askorb\u00fc\u00fclpalmitaat, naatriumh\u00fcaluronaat, h\u00fcaluroonhape, naatriumh\u00fcaluronaadi ristpol\u00fcmeer, naatriumpol\u00fcakr\u00fclaat, parf\u00fc\u00fcm (l\u00f5hna), kaaliumtset\u00fc\u00fclfosfaat, h\u00fcdroks\u00fcatsetofenoon, kapr\u00fc\u00fcl\/kapritsooltrigl\u00fctseriid, triheptanool, kapr\u00fc\u00fclgl\u00fckool, 1,2-heksandiool, kookoskapr\u00fclaat\/kapraat, ksantaankummi, dilinoolhappe\/ butaandiool kopol\u00fcmeer, kastoor\u00f5li\/IPDI kopol\u00fcmeer, Sidrunhape, pentyleengl\u00fckool, et\u00fc\u00fclheks\u00fc\u00fclgl\u00fctseriin, tetranaatriumglutamaatdiatsetaat, linal\u00fc\u00fclatsetaat, roosaketoonid, heksamet\u00fc\u00fclindanop\u00fcraan, tetramet\u00fc\u00fclatset\u00fc\u00fclatset\u00fc\u00fclktah\u00fcdronaftaleen.<\/p>\n\n\n\n<p><\/p>","protected":false},"excerpt":{"rendered":"<p data-start=\"362\" data-end=\"433\"><strong data-start=\"365\" data-end=\"433\">FaceD Retinol Body Serum - Retinol kehaseerum k\u00fcpsele nahale.\u00a0<\/strong>T\u00f5hus, kuid \u00f5rn retinooli sisaldav kehaseerum, <strong>M\u00f5eldud v\u00f5itlema naha vananemise m\u00e4rkide vastu kogu kehal.<\/strong>. Eriti soovitatav k\u00fcpsele ja k\u00fcpsele nahale - vanuses 35-70 aastat -, mida iseloomustab toonuse kadumine, pinguldumine, l\u00f5tvumine v\u00f5i eba\u00fchtlane nahatekstuur. Selles seerumis on t\u00e4iustatud koostis, mis \u00fchendab kapseldatud 0,05 % retinooli, nelja molekulmassiga h\u00fcaluroonhapet ja s\u00fcgavale toimivaid taastavaid lipiide - siledam, tugevam ja elastsem nahk.<strong>\u00a0P\u00e4rast esimest kasutamist muutub nahk tugevamaks ja elastsemaks ning regulaarne kasutamine v\u00e4hendab kortsude ilmnemist ja l\u00f5tvumist sellistes piirkondades nagu k\u00f5ht, reie sisek\u00fclg, k\u00e4ed, kael ja dekoltee.<\/strong> Seerumi \u00fclikerge ja kiiresti imenduv tekstuur muudab selle ideaalseks igap\u00e4evaseks kasutamiseks, ilma et see oleks kleepuv v\u00f5i rasvane. Sobib ka tundlikule nahale. <\/p>\n<p><strong data-start=\"2485\" data-end=\"2508\">Miks valida:<br \/><\/strong>\u2714\ufe0f 0,05 % kapseldatud retinooli aitab stimuleerida kollageeni tootmist ja naha uuenemist.<br data-start=\"2596\" data-end=\"2599\" \/>\u2714\ufe0f 4 molekulmassiga h\u00fcaluroonhape niisutab k\u00f5iki nahakihte.<br data-start=\"2679\" data-end=\"2682\" \/>\u2714\ufe0f Parandab naha tekstuuri, toonust ja pinguldatust juba m\u00f5ne kasutuskorra j\u00e4rel.<br data-start=\"2751\" data-end=\"2754\" \/>\u2714\ufe0f Kerge, mitte-rasvane tekstuur, kiire imendumine - ideaalne igap\u00e4evaseks kasutamiseks.<br data-start=\"2838\" data-end=\"2841\" \/>\u2714\ufe0f Sobib k\u00fcpsele ja tundlikule nahale, samuti paiksetele piirkondadele, kus on m\u00e4rgata l\u00f5tvumise m\u00e4rke.<br data-start=\"2925\" data-end=\"2928\" \/>\u2714\ufe0f Dermatoloogiliselt testitud - ohutu ja t\u00f5hus pikaajalise kasutamise korral.<br data-start=\"3005\" data-end=\"3008\" \/>\u2714\ufe0f Kliinilistes uuringutes kinnitatud tulemused - kuni 7 % rohkem k\u00f5vadust p\u00e4rast \u00fchte pealekandmist.<\/p>","protected":false},"featured_media":35033,"comment_status":"open","ping_status":"closed","template":"","meta":{"_acf_changed":false},"product_brand":[424],"product_cat":[92,301,300],"product_tag":[],"class_list":{"0":"post-35014","1":"product","2":"type-product","3":"status-publish","4":"has-post-thumbnail","6":"product_brand-faced","7":"product_cat-groziui","8":"product_cat-kuno-kremai","9":"product_cat-kunui","11":"first","12":"instock","13":"shipping-taxable","14":"purchasable","15":"product-type-simple"},"acf":[],"tiered_pricing_type":"fixed","tiered_pricing_fixed_rules":[],"tiered_pricing_product_settings":{"layout":"default","base_unit_name":{"singular":null,"plural":null},"default_variation":null},"tiered_pricing_minimum_quantity":null,"tiered_pricing_roles_data":[],"tiered_pricing_percentage_rules":[],"_links":{"self":[{"href":"https:\/\/purama.lt\/ee\/wp-json\/wp\/v2\/product\/35014","targetHints":{"allow":["GET"]}}],"collection":[{"href":"https:\/\/purama.lt\/ee\/wp-json\/wp\/v2\/product"}],"about":[{"href":"https:\/\/purama.lt\/ee\/wp-json\/wp\/v2\/types\/product"}],"replies":[{"embeddable":true,"href":"https:\/\/purama.lt\/ee\/wp-json\/wp\/v2\/comments?post=35014"}],"wp:featuredmedia":[{"embeddable":true,"href":"https:\/\/purama.lt\/ee\/wp-json\/wp\/v2\/media\/35033"}],"wp:attachment":[{"href":"https:\/\/purama.lt\/ee\/wp-json\/wp\/v2\/media?parent=35014"}],"wp:term":[{"taxonomy":"product_brand","embeddable":true,"href":"https:\/\/purama.lt\/ee\/wp-json\/wp\/v2\/product_brand?post=35014"},{"taxonomy":"product_cat","embeddable":true,"href":"https:\/\/purama.lt\/ee\/wp-json\/wp\/v2\/product_cat?post=35014"},{"taxonomy":"product_tag","embeddable":true,"href":"https:\/\/purama.lt\/ee\/wp-json\/wp\/v2\/product_tag?post=35014"}],"curies":[{"name":"wp","href":"https:\/\/api.w.org\/{rel}","templated":true}]}}