{"id":34860,"date":"2025-05-22T12:49:15","date_gmt":"2025-05-22T12:49:15","guid":{"rendered":"https:\/\/purama.lt\/produktas\/kojines-get-shit-done-sporcks\/"},"modified":"2026-04-25T15:14:56","modified_gmt":"2026-04-25T13:14:56","slug":"kojines-saada-jama-tehtud-sporcks","status":"publish","type":"product","link":"https:\/\/purama.lt\/ee\/produktas\/kojines-get-shit-done-sporcks\/","title":{"rendered":"SPORCKS Get Shit Done spordisokid"},"content":{"rendered":"<p>Kas otsite rohkem? Vaadake t\u00e4ielikku <a href=\"\/ee\/tootesildid\/sporcks\/\">Sporcki sortiment<\/a>.<\/p>","protected":false},"excerpt":{"rendered":"<p data-start=\"197\" data-end=\"266\"><strong>SPORCKS Saavad Asjad T tehtud<\/strong> \u2013 iga samm on oluline. Sokid on loodud aktiivsetele jooksjatele, kes hindavad nii stiili kui ka funktsionaalsust. Need tagavad stabiilsuse, mugavuse ja toetavad jalga ka k\u00f5ige intensiivsema koormuse ajal. Tugevdatud tugi p\u00f6ia ja kanna piirkonnas aitab hoida tasakaalu, keskmine kompressioon aga soodustab vereringet, v\u00e4hendab turset ja v\u00f5imaldab kiiremini taastuda. Kandadel ja varvaste piirkonnas kasutatakse <strong>COOLMAX\u00ae<\/strong> kangas v\u00e4hendab koormust, juhib t\u00f5husalt niiskust ja v\u00f5imaldab jalal hingata. Isegi k\u00f5ige pikemate treeningute puhul j\u00e4\u00e4vad jalad kuivaks, jahedaks ja villideta.<\/p>\n<p><strong>Miks valida:<\/strong><br \/>\n\u2714\ufe0f <strong data-start=\"879\" data-end=\"902\">Stabiilsus liikumises<\/strong>: kindel tugi aktiivsetele tegevustele<br data-start=\"934\" data-end=\"937\" \/>\u2714\ufe0f <strong data-start=\"940\" data-end=\"963\">Keskmine kokkusurumine<\/strong>: v\u00e4hendab v\u00e4simust ja aitab lihastel taastuda<br data-start=\"1012\" data-end=\"1015\" \/>\u2714\ufe0f <strong data-start=\"1018\" data-end=\"1039\">COOLMAX\u00ae materjal<\/strong>: v\u00e4rskus, mugavus ja t\u00f5hus niiskuskontroll<br data-start=\"1086\" data-end=\"1089\" \/>\u2714\ufe0f <strong data-start=\"1092\" data-end=\"1123\">Kiirelt kuivav kangas<\/strong>: kuivad jalad kogu jooksu v\u00e4ltel<br data-start=\"1154\" data-end=\"1157\" data-is-only-node=\"\" \/>\u2714\ufe0f <strong data-start=\"1160\" data-end=\"1185\">Kena puudutus<\/strong>: pehmus isegi tundlikul nahal<br data-start=\"1214\" data-end=\"1217\" \/>\u2714\ufe0f <strong data-start=\"1220\" data-end=\"1244\">Valmistatud Hispaanias<\/strong>: kvaliteet, mida sportlased usaldavad<\/p>","protected":false},"featured_media":34868,"comment_status":"open","ping_status":"closed","template":"","meta":{"_acf_changed":false},"product_brand":[246],"product_cat":[98,57,102],"product_tag":[],"class_list":{"0":"post-34860","1":"product","2":"type-product","3":"status-publish","4":"has-post-thumbnail","6":"product_brand-sporcks","7":"product_cat-sportui","8":"product_cat-akcijos","9":"product_cat-kojines","11":"first","12":"instock","13":"sale","14":"shipping-taxable","15":"purchasable","16":"product-type-variable"},"acf":[],"tiered_pricing_type":"fixed","tiered_pricing_fixed_rules":[],"tiered_pricing_product_settings":{"layout":"default","base_unit_name":{"singular":null,"plural":null},"default_variation":null},"tiered_pricing_minimum_quantity":null,"tiered_pricing_roles_data":[],"tiered_pricing_percentage_rules":[],"_links":{"self":[{"href":"https:\/\/purama.lt\/ee\/wp-json\/wp\/v2\/product\/34860","targetHints":{"allow":["GET"]}}],"collection":[{"href":"https:\/\/purama.lt\/ee\/wp-json\/wp\/v2\/product"}],"about":[{"href":"https:\/\/purama.lt\/ee\/wp-json\/wp\/v2\/types\/product"}],"replies":[{"embeddable":true,"href":"https:\/\/purama.lt\/ee\/wp-json\/wp\/v2\/comments?post=34860"}],"wp:featuredmedia":[{"embeddable":true,"href":"https:\/\/purama.lt\/ee\/wp-json\/wp\/v2\/media\/34868"}],"wp:attachment":[{"href":"https:\/\/purama.lt\/ee\/wp-json\/wp\/v2\/media?parent=34860"}],"wp:term":[{"taxonomy":"product_brand","embeddable":true,"href":"https:\/\/purama.lt\/ee\/wp-json\/wp\/v2\/product_brand?post=34860"},{"taxonomy":"product_cat","embeddable":true,"href":"https:\/\/purama.lt\/ee\/wp-json\/wp\/v2\/product_cat?post=34860"},{"taxonomy":"product_tag","embeddable":true,"href":"https:\/\/purama.lt\/ee\/wp-json\/wp\/v2\/product_tag?post=34860"}],"curies":[{"name":"wp","href":"https:\/\/api.w.org\/{rel}","templated":true}]}}