{"id":34859,"date":"2025-05-22T12:49:14","date_gmt":"2025-05-22T12:49:14","guid":{"rendered":"https:\/\/purama.lt\/produktas\/kojines-get-shit-done-purple-sporcks\/"},"modified":"2026-04-27T07:57:35","modified_gmt":"2026-04-27T05:57:35","slug":"kojines-saada-sitt-teha-lilla-sporcks","status":"publish","type":"product","link":"https:\/\/purama.lt\/ee\/produktas\/kojines-get-shit-done-purple-sporcks\/","title":{"rendered":"SPORCKS Get Shit Done Lilla spordisokid"},"content":{"rendered":"<p>Kas otsite rohkem? Vaadake t\u00e4ielikku <a href=\"\/ee\/tootesildid\/sporcks\/\">Sporcki sortiment<\/a>.<\/p>","protected":false},"excerpt":{"rendered":"<p data-start=\"230\" data-end=\"300\"><strong>SPORCKS Teevad Asjad \u00c4ra Lilla<\/strong> \u2013 v\u00e4limus t\u00e4iendab j\u00f5ud. Sokid on m\u00f5eldud neile, kes ei karda julgelt edasi astuda \u2013 nii stiili kui ka tulemuste poolest. Ere lilla disain mitte ainult ei paista silma, vaid peidab endas ka edasij\u00f5udnud funktsionaalsust, mis on loodud pikkadeks ja intensiivseteks treeninguteks. Tugevdatud tugi pahkluu ja p\u00f6ia piirkonnas tagab stabiilsuse igal sammul, keskmine kompressioon aga aitab parandada vereringet, v\u00e4hendada turseid ja kiirendada taastumist p\u00e4rast koormust. Kannas ja varvaste piirkonnas kasutatud <strong>COOLMAX\u00ae<\/strong> Kangas v\u00e4hendab l\u00f6\u00f6ki, laseb nahal hingata ja aitab v\u00e4ltida villidele tekkimist ka k\u00f5ige pikematel jooksudel. Hingav kudum aurustab niiskust kiiresti ja s\u00e4ilitab naha optimaalse temperatuuri.<\/p>\n<p><strong>Miks valida:<\/strong> \u2714\ufe0f <strong data-start=\"1022\" data-end=\"1049\">Ergonoomiline tugi<\/strong>: stabiilsus pahkluu ja s\u00e4\u00e4reluu juures<br data-start=\"1093\" data-end=\"1096\" \/>\u2714\ufe0f <strong data-start=\"1099\" data-end=\"1122\">Keskmine kokkusurumine<\/strong>: v\u00e4hendab v\u00e4simust, parandab taastumist<br data-start=\"1159\" data-end=\"1162\" \/>\u2714\ufe0f <strong data-start=\"1165\" data-end=\"1185\">COOLMAX\u00ae kangas<\/strong>: hingav, mugav ja kiiresti kuivav<br data-start=\"1231\" data-end=\"1234\" \/>\u2714\ufe0f <strong data-start=\"1237\" data-end=\"1259\">Kaitse villide vastu<\/strong>: kuivad ja v\u00e4rsked jalad ka p\u00e4rast pikka jooksu<br data-start=\"1303\" data-end=\"1306\" data-is-only-node=\"\" \/>\u2714\ufe0f <strong data-start=\"1309\" data-end=\"1335\">Erakordne pehmus<\/strong>: \u00f5rn nahakontakt<br data-start=\"1361\" data-end=\"1364\" \/>\u2714\ufe0f <strong data-start=\"1367\" data-end=\"1391\">Valmistatud Hispaanias<\/strong>: kvaliteet p\u00f5hineb spordikogemusel<\/p>","protected":false},"featured_media":34864,"comment_status":"open","ping_status":"closed","template":"","meta":{"_acf_changed":false},"product_brand":[246],"product_cat":[98,57,102],"product_tag":[],"class_list":{"0":"post-34859","1":"product","2":"type-product","3":"status-publish","4":"has-post-thumbnail","6":"product_brand-sporcks","7":"product_cat-sportui","8":"product_cat-akcijos","9":"product_cat-kojines","11":"first","12":"instock","13":"sale","14":"shipping-taxable","15":"purchasable","16":"product-type-variable"},"acf":[],"tiered_pricing_type":"fixed","tiered_pricing_fixed_rules":[],"tiered_pricing_product_settings":{"layout":"default","base_unit_name":{"singular":null,"plural":null},"default_variation":null},"tiered_pricing_minimum_quantity":null,"tiered_pricing_roles_data":[],"tiered_pricing_percentage_rules":[],"_links":{"self":[{"href":"https:\/\/purama.lt\/ee\/wp-json\/wp\/v2\/product\/34859","targetHints":{"allow":["GET"]}}],"collection":[{"href":"https:\/\/purama.lt\/ee\/wp-json\/wp\/v2\/product"}],"about":[{"href":"https:\/\/purama.lt\/ee\/wp-json\/wp\/v2\/types\/product"}],"replies":[{"embeddable":true,"href":"https:\/\/purama.lt\/ee\/wp-json\/wp\/v2\/comments?post=34859"}],"wp:featuredmedia":[{"embeddable":true,"href":"https:\/\/purama.lt\/ee\/wp-json\/wp\/v2\/media\/34864"}],"wp:attachment":[{"href":"https:\/\/purama.lt\/ee\/wp-json\/wp\/v2\/media?parent=34859"}],"wp:term":[{"taxonomy":"product_brand","embeddable":true,"href":"https:\/\/purama.lt\/ee\/wp-json\/wp\/v2\/product_brand?post=34859"},{"taxonomy":"product_cat","embeddable":true,"href":"https:\/\/purama.lt\/ee\/wp-json\/wp\/v2\/product_cat?post=34859"},{"taxonomy":"product_tag","embeddable":true,"href":"https:\/\/purama.lt\/ee\/wp-json\/wp\/v2\/product_tag?post=34859"}],"curies":[{"name":"wp","href":"https:\/\/api.w.org\/{rel}","templated":true}]}}